{"id":256,"date":"2025-01-24T00:18:43","date_gmt":"2025-01-24T00:18:43","guid":{"rendered":"https:\/\/sm-itsolutions.com\/?page_id=256"},"modified":"2025-10-27T22:06:21","modified_gmt":"2025-10-27T22:06:21","slug":"home","status":"publish","type":"page","link":"https:\/\/sm-itsolutions.com\/es\/","title":{"rendered":"Inicio"},"content":{"rendered":"<div data-elementor-type=\"wp-page\" data-elementor-id=\"256\" class=\"elementor elementor-256\">\n\t\t\t\t<div class=\"elementor-element elementor-element-063d674 e-con-full elementor-hidden-desktop elementor-hidden-tablet e-flex e-con e-parent\" data-id=\"063d674\" data-element_type=\"container\" data-e-type=\"container\">\n\t\t\t\t<div class=\"elementor-element elementor-element-6c122a7 elementor-widget elementor-widget-shortcode\" data-id=\"6c122a7\" data-element_type=\"widget\" data-e-type=\"widget\" data-widget_type=\"shortcode.default\">\n\t\t\t\t<div class=\"elementor-widget-container\">\n\t\t\t\t\t\t\t<div class=\"elementor-shortcode\"><\/div>\n\t\t\t\t\t\t<\/div>\n\t\t\t\t<\/div>\n\t\t\t\t<\/div>\n\t\t<div class=\"elementor-element elementor-element-4d83f4e e-con-full elementor-hidden-desktop elementor-hidden-mobile e-flex e-con e-parent\" data-id=\"4d83f4e\" data-element_type=\"container\" data-e-type=\"container\">\n\t\t\t\t<div class=\"elementor-element elementor-element-410626a elementor-widget elementor-widget-shortcode\" data-id=\"410626a\" data-element_type=\"widget\" data-e-type=\"widget\" data-widget_type=\"shortcode.default\">\n\t\t\t\t<div class=\"elementor-widget-container\">\n\t\t\t\t\t\t\t<div class=\"elementor-shortcode\"><\/div>\n\t\t\t\t\t\t<\/div>\n\t\t\t\t<\/div>\n\t\t\t\t<\/div>\n\t\t<div class=\"elementor-element elementor-element-f45f66c e-con-full elementor-hidden-mobile elementor-hidden-tablet e-flex e-con e-parent\" data-id=\"f45f66c\" data-element_type=\"container\" data-e-type=\"container\">\n\t\t\t\t<div class=\"elementor-element elementor-element-75ea678 elementor-widget elementor-widget-shortcode\" data-id=\"75ea678\" data-element_type=\"widget\" data-e-type=\"widget\" data-widget_type=\"shortcode.default\">\n\t\t\t\t<div class=\"elementor-widget-container\">\n\t\t\t\t\t\t\t<div class=\"elementor-shortcode\"><\/div>\n\t\t\t\t\t\t<\/div>\n\t\t\t\t<\/div>\n\t\t\t\t<\/div>\n\t\t<div class=\"elementor-element elementor-element-c908502 e-flex e-con-boxed e-con e-parent\" data-id=\"c908502\" data-element_type=\"container\" data-e-type=\"container\">\n\t\t\t\t\t<div class=\"e-con-inner\">\n\t\t\t\t<div class=\"elementor-element elementor-element-a7d764f elementor-widget elementor-widget-spacer\" data-id=\"a7d764f\" data-element_type=\"widget\" data-e-type=\"widget\" data-widget_type=\"spacer.default\">\n\t\t\t\t<div class=\"elementor-widget-container\">\n\t\t\t\t\t\t\t<div class=\"elementor-spacer\">\n\t\t\t<div class=\"elementor-spacer-inner\"><\/div>\n\t\t<\/div>\n\t\t\t\t\t\t<\/div>\n\t\t\t\t<\/div>\n\t\t\t\t\t<\/div>\n\t\t\t\t<\/div>\n\t\t<div class=\"elementor-element elementor-element-a7fba45 e-con-full e-flex e-con e-parent\" data-id=\"a7fba45\" data-element_type=\"container\" data-e-type=\"container\" data-settings=\"{&quot;background_background&quot;:&quot;classic&quot;}\">\n\t\t<div class=\"elementor-element elementor-element-47c0f21 e-con-full e-flex e-con e-child\" data-id=\"47c0f21\" data-element_type=\"container\" data-e-type=\"container\">\n\t\t\t\t<\/div>\n\t\t<div class=\"elementor-element elementor-element-f487be2 e-con-full e-flex e-con e-child\" data-id=\"f487be2\" data-element_type=\"container\" data-e-type=\"container\">\n\t\t\t\t<div class=\"elementor-element elementor-element-26b1859 elementor-invisible elementor-widget elementor-widget-heading\" data-id=\"26b1859\" data-element_type=\"widget\" data-e-type=\"widget\" data-settings=\"{&quot;_animation&quot;:&quot;fadeInDown&quot;}\" data-widget_type=\"heading.default\">\n\t\t\t\t<div class=\"elementor-widget-container\">\n\t\t\t\t\t<h2 class=\"elementor-heading-title elementor-size-default\">Tu socio de confianza en soluciones de IT<\/h2>\t\t\t\t<\/div>\n\t\t\t\t<\/div>\n\t\t\t\t<\/div>\n\t\t<div class=\"elementor-element elementor-element-93ac104 e-con-full e-flex e-con e-child\" data-id=\"93ac104\" data-element_type=\"container\" data-e-type=\"container\">\n\t\t\t\t<\/div>\n\t\t<div class=\"elementor-element elementor-element-7a16743 e-con-full e-flex e-con e-child\" data-id=\"7a16743\" data-element_type=\"container\" data-e-type=\"container\">\n\t\t\t\t<\/div>\n\t\t<div class=\"elementor-element elementor-element-f7a05c3 e-con-full e-flex e-con e-child\" data-id=\"f7a05c3\" data-element_type=\"container\" data-e-type=\"container\">\n\t\t\t\t<div class=\"elementor-element elementor-element-d3e73b3 elementor-invisible elementor-widget elementor-widget-text-editor\" data-id=\"d3e73b3\" data-element_type=\"widget\" data-e-type=\"widget\" data-settings=\"{&quot;_animation&quot;:&quot;fadeInDown&quot;}\" data-widget_type=\"text-editor.default\">\n\t\t\t\t<div class=\"elementor-widget-container\">\n\t\t\t\t\t\t\t\t\t<p><strong>SM IT Solutions, <\/strong>ofrece soluciones de soporte de IT confiables y eficientes para empresas. Nos especializamos en soporte t\u00e9cnico, mantenimiento de sistemas, ciberseguridad y gesti\u00f3n de la infraestructura de IT. Nuestro equipo de expertos garantiza una asistencia r\u00e1pida y proactiva para mantener su tecnolog\u00eda funcionando sin problemas.<\/p>\t\t\t\t\t\t\t\t<\/div>\n\t\t\t\t<\/div>\n\t\t\t\t<\/div>\n\t\t<div class=\"elementor-element elementor-element-9fca782 e-con-full e-flex e-con e-child\" data-id=\"9fca782\" data-element_type=\"container\" data-e-type=\"container\">\n\t\t\t\t<\/div>\n\t\t<div class=\"elementor-element elementor-element-b1181f3 e-con-full e-flex e-con e-child\" data-id=\"b1181f3\" data-element_type=\"container\" data-e-type=\"container\">\n\t\t\t\t<div class=\"elementor-element elementor-element-5f6752a elementor-align-center elementor-invisible elementor-widget elementor-widget-button\" data-id=\"5f6752a\" data-element_type=\"widget\" data-e-type=\"widget\" data-settings=\"{&quot;_animation&quot;:&quot;fadeInDown&quot;}\" data-widget_type=\"button.default\">\n\t\t\t\t<div class=\"elementor-widget-container\">\n\t\t\t\t\t\t\t\t\t<div class=\"elementor-button-wrapper\">\n\t\t\t\t\t<a class=\"elementor-button elementor-button-link elementor-size-sm elementor-animation-push\" href=\"https:\/\/sm-itsolutions.com\/es\/about-us\/\">\n\t\t\t\t\t\t<span class=\"elementor-button-content-wrapper\">\n\t\t\t\t\t\t\t\t\t<span class=\"elementor-button-text\">M\u00e1s informaci\u00f3n<\/span>\n\t\t\t\t\t<\/span>\n\t\t\t\t\t<\/a>\n\t\t\t\t<\/div>\n\t\t\t\t\t\t\t\t<\/div>\n\t\t\t\t<\/div>\n\t\t\t\t<\/div>\n\t\t\t\t<\/div>\n\t\t<div class=\"elementor-element elementor-element-0a76663 e-flex e-con-boxed e-con e-parent\" data-id=\"0a76663\" data-element_type=\"container\" data-e-type=\"container\">\n\t\t\t\t\t<div class=\"e-con-inner\">\n\t\t\t\t<div class=\"elementor-element elementor-element-d4e15d3 elementor-widget elementor-widget-spacer\" data-id=\"d4e15d3\" data-element_type=\"widget\" data-e-type=\"widget\" data-widget_type=\"spacer.default\">\n\t\t\t\t<div class=\"elementor-widget-container\">\n\t\t\t\t\t\t\t<div class=\"elementor-spacer\">\n\t\t\t<div class=\"elementor-spacer-inner\"><\/div>\n\t\t<\/div>\n\t\t\t\t\t\t<\/div>\n\t\t\t\t<\/div>\n\t\t\t\t\t<\/div>\n\t\t\t\t<\/div>\n\t\t<div class=\"elementor-element elementor-element-edf650f e-con-full e-flex e-con e-parent\" data-id=\"edf650f\" data-element_type=\"container\" data-e-type=\"container\">\n\t\t\t\t<div class=\"elementor-element elementor-element-3f83ada elementor-widget__width-initial elementor-invisible elementor-widget elementor-widget-heading\" data-id=\"3f83ada\" data-element_type=\"widget\" data-e-type=\"widget\" data-settings=\"{&quot;_animation&quot;:&quot;fadeInDown&quot;}\" data-widget_type=\"heading.default\">\n\t\t\t\t<div class=\"elementor-widget-container\">\n\t\t\t\t\t<h2 class=\"elementor-heading-title elementor-size-default\">Ofrecemos a las empresas servicios de soporte de IT de primer nivel.<\/h2>\t\t\t\t<\/div>\n\t\t\t\t<\/div>\n\t\t\t\t<\/div>\n\t\t<div class=\"elementor-element elementor-element-7a03e61 e-flex e-con-boxed e-con e-parent\" data-id=\"7a03e61\" data-element_type=\"container\" data-e-type=\"container\">\n\t\t\t\t\t<div class=\"e-con-inner\">\n\t\t\t\t<div class=\"elementor-element elementor-element-7af4d85 elementor-widget elementor-widget-spacer\" data-id=\"7af4d85\" data-element_type=\"widget\" data-e-type=\"widget\" data-widget_type=\"spacer.default\">\n\t\t\t\t<div class=\"elementor-widget-container\">\n\t\t\t\t\t\t\t<div class=\"elementor-spacer\">\n\t\t\t<div class=\"elementor-spacer-inner\"><\/div>\n\t\t<\/div>\n\t\t\t\t\t\t<\/div>\n\t\t\t\t<\/div>\n\t\t\t\t\t<\/div>\n\t\t\t\t<\/div>\n\t\t<div class=\"elementor-element elementor-element-56f0f4d e-con-full e-flex e-con e-parent\" data-id=\"56f0f4d\" data-element_type=\"container\" data-e-type=\"container\">\n\t\t<div class=\"elementor-element elementor-element-4c25c1f e-con-full e-flex e-con e-child\" data-id=\"4c25c1f\" data-element_type=\"container\" data-e-type=\"container\">\n\t\t\t\t<div class=\"elementor-element elementor-element-285471a elementor-widget elementor-widget-spacer\" data-id=\"285471a\" data-element_type=\"widget\" data-e-type=\"widget\" data-widget_type=\"spacer.default\">\n\t\t\t\t<div class=\"elementor-widget-container\">\n\t\t\t\t\t\t\t<div class=\"elementor-spacer\">\n\t\t\t<div class=\"elementor-spacer-inner\"><\/div>\n\t\t<\/div>\n\t\t\t\t\t\t<\/div>\n\t\t\t\t<\/div>\n\t\t\t\t<div class=\"elementor-element elementor-element-2e42cc6 elementor-position-top elementor-invisible elementor-widget elementor-widget-image-box\" data-id=\"2e42cc6\" data-element_type=\"widget\" data-e-type=\"widget\" data-settings=\"{&quot;_animation&quot;:&quot;bounceIn&quot;}\" data-widget_type=\"image-box.default\">\n\t\t\t\t<div class=\"elementor-widget-container\">\n\t\t\t\t\t<div class=\"elementor-image-box-wrapper\"><figure class=\"elementor-image-box-img\"><a href=\"https:\/\/sm-itsolutions.com\/es\/networking\/\" tabindex=\"-1\"><img decoding=\"async\" width=\"150\" height=\"150\" src=\"https:\/\/sm-itsolutions.com\/wp-content\/uploads\/2025\/01\/Nosotros-Home-150x150.png\" class=\"elementor-animation-pop attachment-thumbnail size-thumbnail wp-image-226\" alt=\"\" srcset=\"https:\/\/sm-itsolutions.com\/wp-content\/uploads\/2025\/01\/Nosotros-Home-150x150.png 150w, https:\/\/sm-itsolutions.com\/wp-content\/uploads\/2025\/01\/elementor\/thumbs\/Nosotros-Home-r0gb7efl2o0js0486v7cnikczf6hw4gp3whc3wextk.png 300w, https:\/\/sm-itsolutions.com\/wp-content\/uploads\/2025\/01\/Nosotros-Home-230x230.png 230w, https:\/\/sm-itsolutions.com\/wp-content\/uploads\/2025\/01\/Nosotros-Home-350x350.png 350w, https:\/\/sm-itsolutions.com\/wp-content\/uploads\/2025\/01\/Nosotros-Home-480x480.png 480w, https:\/\/sm-itsolutions.com\/wp-content\/uploads\/2025\/01\/elementor\/thumbs\/Nosotros-Home-r0gb7efmaisze09yls2irleq0re4jvoezp2i9aw5uo.png 400w, https:\/\/sm-itsolutions.com\/wp-content\/uploads\/2025\/01\/elementor\/thumbs\/Nosotros-Home-150x150.png 800w, https:\/\/sm-itsolutions.com\/wp-content\/uploads\/2025\/01\/elementor\/thumbs\/Nosotros-Home-150x150.png 1000w, https:\/\/sm-itsolutions.com\/wp-content\/uploads\/2025\/01\/Nosotros-Home.png 768w\" sizes=\"(max-width: 150px) 100vw, 150px\" \/><\/a><\/figure><div class=\"elementor-image-box-content\"><h3 class=\"elementor-image-box-title\"><a href=\"https:\/\/sm-itsolutions.com\/es\/networking\/\">1. Redes y conectividad<\/a><\/h3><p class=\"elementor-image-box-description\">Ofrecemos una amplia gama de servicios de redes dise\u00f1ados para garantizar una infraestructura tecnol\u00f3gica robusta, escalable y eficiente.<\/p><\/div><\/div>\t\t\t\t<\/div>\n\t\t\t\t<\/div>\n\t\t\t\t<\/div>\n\t\t<div class=\"elementor-element elementor-element-37d8a05 e-con-full e-flex e-con e-child\" data-id=\"37d8a05\" data-element_type=\"container\" data-e-type=\"container\">\n\t\t\t\t<div class=\"elementor-element elementor-element-701bc22 elementor-widget elementor-widget-spacer\" data-id=\"701bc22\" data-element_type=\"widget\" data-e-type=\"widget\" data-widget_type=\"spacer.default\">\n\t\t\t\t<div class=\"elementor-widget-container\">\n\t\t\t\t\t\t\t<div class=\"elementor-spacer\">\n\t\t\t<div class=\"elementor-spacer-inner\"><\/div>\n\t\t<\/div>\n\t\t\t\t\t\t<\/div>\n\t\t\t\t<\/div>\n\t\t\t\t<div class=\"elementor-element elementor-element-f26b28e elementor-position-top elementor-invisible elementor-widget elementor-widget-image-box\" data-id=\"f26b28e\" data-element_type=\"widget\" data-e-type=\"widget\" data-settings=\"{&quot;_animation&quot;:&quot;bounceIn&quot;}\" data-widget_type=\"image-box.default\">\n\t\t\t\t<div class=\"elementor-widget-container\">\n\t\t\t\t\t<div class=\"elementor-image-box-wrapper\"><figure class=\"elementor-image-box-img\"><a href=\"https:\/\/sm-itsolutions.com\/es\/cabling-services\/\" tabindex=\"-1\"><img decoding=\"async\" width=\"150\" height=\"150\" src=\"https:\/\/sm-itsolutions.com\/wp-content\/uploads\/2025\/02\/Cabling-services-150x150.png\" class=\"elementor-animation-pop attachment-thumbnail size-thumbnail wp-image-972\" alt=\"\" srcset=\"https:\/\/sm-itsolutions.com\/wp-content\/uploads\/2025\/02\/Cabling-services-150x150.png 150w, https:\/\/sm-itsolutions.com\/wp-content\/uploads\/2025\/02\/Cabling-services-300x300.png 300w, https:\/\/sm-itsolutions.com\/wp-content\/uploads\/2025\/02\/Cabling-services-12x12.png 12w, https:\/\/sm-itsolutions.com\/wp-content\/uploads\/2025\/02\/Cabling-services.png 768w\" sizes=\"(max-width: 150px) 100vw, 150px\" \/><\/a><\/figure><div class=\"elementor-image-box-content\"><h3 class=\"elementor-image-box-title\"><a href=\"https:\/\/sm-itsolutions.com\/es\/cabling-services\/\">2. Servicios de cableado<\/a><\/h3><p class=\"elementor-image-box-description\">Garantizamos una infraestructura de red s\u00f3lida y eficiente; nos aseguramos de que su infraestructura de red sea robusta, escalable y est\u00e9 preparada para soportar las demandas tecnol\u00f3gicas de su negocio.<\/p><\/div><\/div>\t\t\t\t<\/div>\n\t\t\t\t<\/div>\n\t\t\t\t<\/div>\n\t\t<div class=\"elementor-element elementor-element-f6b79b1 e-con-full e-flex e-con e-child\" data-id=\"f6b79b1\" data-element_type=\"container\" data-e-type=\"container\">\n\t\t\t\t<div class=\"elementor-element elementor-element-b7a9308 elementor-widget elementor-widget-spacer\" data-id=\"b7a9308\" data-element_type=\"widget\" data-e-type=\"widget\" data-widget_type=\"spacer.default\">\n\t\t\t\t<div class=\"elementor-widget-container\">\n\t\t\t\t\t\t\t<div class=\"elementor-spacer\">\n\t\t\t<div class=\"elementor-spacer-inner\"><\/div>\n\t\t<\/div>\n\t\t\t\t\t\t<\/div>\n\t\t\t\t<\/div>\n\t\t\t\t<div class=\"elementor-element elementor-element-bd120f4 elementor-position-top elementor-invisible elementor-widget elementor-widget-image-box\" data-id=\"bd120f4\" data-element_type=\"widget\" data-e-type=\"widget\" data-settings=\"{&quot;_animation&quot;:&quot;bounceIn&quot;}\" data-widget_type=\"image-box.default\">\n\t\t\t\t<div class=\"elementor-widget-container\">\n\t\t\t\t\t<div class=\"elementor-image-box-wrapper\"><figure class=\"elementor-image-box-img\"><a href=\"https:\/\/sm-itsolutions.com\/es\/infrastructure-support\/\" tabindex=\"-1\"><img decoding=\"async\" width=\"150\" height=\"150\" src=\"https:\/\/sm-itsolutions.com\/wp-content\/uploads\/2025\/02\/Infrastructure-suport-150x150.png\" class=\"elementor-animation-pop attachment-thumbnail size-thumbnail wp-image-964\" alt=\"\" srcset=\"https:\/\/sm-itsolutions.com\/wp-content\/uploads\/2025\/02\/Infrastructure-suport-150x150.png 150w, https:\/\/sm-itsolutions.com\/wp-content\/uploads\/2025\/02\/Infrastructure-suport-300x300.png 300w, https:\/\/sm-itsolutions.com\/wp-content\/uploads\/2025\/02\/Infrastructure-suport-12x12.png 12w, https:\/\/sm-itsolutions.com\/wp-content\/uploads\/2025\/02\/Infrastructure-suport.png 768w\" sizes=\"(max-width: 150px) 100vw, 150px\" \/><\/a><\/figure><div class=\"elementor-image-box-content\"><h3 class=\"elementor-image-box-title\"><a href=\"https:\/\/sm-itsolutions.com\/es\/infrastructure-support\/\">3. Soporte de infraestructura<\/a><\/h3><p class=\"elementor-image-box-description\">Ofrecemos una gama completa de servicios de soporte de infraestructura para asegurar que la infraestructura tecnol\u00f3gica de su empresa sea confiable, escalable y siempre est\u00e9 optimizada. <\/p><\/div><\/div>\t\t\t\t<\/div>\n\t\t\t\t<\/div>\n\t\t\t\t<\/div>\n\t\t<div class=\"elementor-element elementor-element-66e2854 e-con-full e-flex e-con e-child\" data-id=\"66e2854\" data-element_type=\"container\" data-e-type=\"container\">\n\t\t\t\t<div class=\"elementor-element elementor-element-ca7e84e elementor-widget elementor-widget-spacer\" data-id=\"ca7e84e\" data-element_type=\"widget\" data-e-type=\"widget\" data-widget_type=\"spacer.default\">\n\t\t\t\t<div class=\"elementor-widget-container\">\n\t\t\t\t\t\t\t<div class=\"elementor-spacer\">\n\t\t\t<div class=\"elementor-spacer-inner\"><\/div>\n\t\t<\/div>\n\t\t\t\t\t\t<\/div>\n\t\t\t\t<\/div>\n\t\t\t\t<div class=\"elementor-element elementor-element-2765ea4 elementor-position-top elementor-invisible elementor-widget elementor-widget-image-box\" data-id=\"2765ea4\" data-element_type=\"widget\" data-e-type=\"widget\" data-settings=\"{&quot;_animation&quot;:&quot;bounceIn&quot;}\" data-widget_type=\"image-box.default\">\n\t\t\t\t<div class=\"elementor-widget-container\">\n\t\t\t\t\t<div class=\"elementor-image-box-wrapper\"><figure class=\"elementor-image-box-img\"><a href=\"https:\/\/sm-itsolutions.com\/es\/it-services\/\" tabindex=\"-1\"><img loading=\"lazy\" decoding=\"async\" width=\"150\" height=\"150\" src=\"https:\/\/sm-itsolutions.com\/wp-content\/uploads\/2025\/02\/IT-Services-150x150.png\" class=\"elementor-animation-push attachment-thumbnail size-thumbnail wp-image-977\" alt=\"\" srcset=\"https:\/\/sm-itsolutions.com\/wp-content\/uploads\/2025\/02\/IT-Services-150x150.png 150w, https:\/\/sm-itsolutions.com\/wp-content\/uploads\/2025\/02\/IT-Services-300x300.png 300w, https:\/\/sm-itsolutions.com\/wp-content\/uploads\/2025\/02\/IT-Services-12x12.png 12w, https:\/\/sm-itsolutions.com\/wp-content\/uploads\/2025\/02\/IT-Services.png 768w\" sizes=\"(max-width: 150px) 100vw, 150px\" \/><\/a><\/figure><div class=\"elementor-image-box-content\"><h3 class=\"elementor-image-box-title\"><a href=\"https:\/\/sm-itsolutions.com\/es\/it-services\/\">4. Servicios de IT<\/a><\/h3><p class=\"elementor-image-box-description\">Contamos con una amplia gama de servicios de IT dise\u00f1ados para optimizar la infraestructura tecnol\u00f3gica de su empresa y garantizar su funcionamiento eficiente.<\/p><\/div><\/div>\t\t\t\t<\/div>\n\t\t\t\t<\/div>\n\t\t\t\t<\/div>\n\t\t<div class=\"elementor-element elementor-element-c003c6a e-con-full e-flex e-con e-child\" data-id=\"c003c6a\" data-element_type=\"container\" data-e-type=\"container\">\n\t\t\t\t<div class=\"elementor-element elementor-element-f89ee4c elementor-widget elementor-widget-spacer\" data-id=\"f89ee4c\" data-element_type=\"widget\" data-e-type=\"widget\" data-widget_type=\"spacer.default\">\n\t\t\t\t<div class=\"elementor-widget-container\">\n\t\t\t\t\t\t\t<div class=\"elementor-spacer\">\n\t\t\t<div class=\"elementor-spacer-inner\"><\/div>\n\t\t<\/div>\n\t\t\t\t\t\t<\/div>\n\t\t\t\t<\/div>\n\t\t\t\t<div class=\"elementor-element elementor-element-71b9705 elementor-position-top elementor-invisible elementor-widget elementor-widget-image-box\" data-id=\"71b9705\" data-element_type=\"widget\" data-e-type=\"widget\" data-settings=\"{&quot;_animation&quot;:&quot;bounceIn&quot;}\" data-widget_type=\"image-box.default\">\n\t\t\t\t<div class=\"elementor-widget-container\">\n\t\t\t\t\t<div class=\"elementor-image-box-wrapper\"><figure class=\"elementor-image-box-img\"><a href=\"https:\/\/sm-itsolutions.com\/es\/video-security-systems\/\" tabindex=\"-1\"><img loading=\"lazy\" decoding=\"async\" width=\"150\" height=\"150\" src=\"https:\/\/sm-itsolutions.com\/wp-content\/uploads\/2025\/02\/Video-Security-Systems-150x150.png\" class=\"elementor-animation-push attachment-thumbnail size-thumbnail wp-image-978\" alt=\"\" srcset=\"https:\/\/sm-itsolutions.com\/wp-content\/uploads\/2025\/02\/Video-Security-Systems-150x150.png 150w, https:\/\/sm-itsolutions.com\/wp-content\/uploads\/2025\/02\/Video-Security-Systems-300x300.png 300w, https:\/\/sm-itsolutions.com\/wp-content\/uploads\/2025\/02\/Video-Security-Systems-12x12.png 12w, https:\/\/sm-itsolutions.com\/wp-content\/uploads\/2025\/02\/Video-Security-Systems.png 768w\" sizes=\"(max-width: 150px) 100vw, 150px\" \/><\/a><\/figure><div class=\"elementor-image-box-content\"><h3 class=\"elementor-image-box-title\"><a href=\"https:\/\/sm-itsolutions.com\/es\/video-security-systems\/\">5.  Sistemas de seguridad por video<\/a><\/h3><p class=\"elementor-image-box-description\">Dise\u00f1ados para proteger su propiedad y activos mediante soluciones avanzadas de monitoreo, puede tener tranquilidad sabiendo que su propiedad est\u00e1 monitoreada y protegida de manera efectiva las 24 horas del d\u00eda, los 7 d\u00edas de la semana.<\/p><\/div><\/div>\t\t\t\t<\/div>\n\t\t\t\t<\/div>\n\t\t\t\t<\/div>\n\t\t<div class=\"elementor-element elementor-element-5d614df e-con-full e-flex e-con e-child\" data-id=\"5d614df\" data-element_type=\"container\" data-e-type=\"container\">\n\t\t\t\t<div class=\"elementor-element elementor-element-48a7c6b elementor-widget elementor-widget-spacer\" data-id=\"48a7c6b\" data-element_type=\"widget\" data-e-type=\"widget\" data-widget_type=\"spacer.default\">\n\t\t\t\t<div class=\"elementor-widget-container\">\n\t\t\t\t\t\t\t<div class=\"elementor-spacer\">\n\t\t\t<div class=\"elementor-spacer-inner\"><\/div>\n\t\t<\/div>\n\t\t\t\t\t\t<\/div>\n\t\t\t\t<\/div>\n\t\t\t\t<div class=\"elementor-element elementor-element-1f1c754 elementor-position-top elementor-invisible elementor-widget elementor-widget-image-box\" data-id=\"1f1c754\" data-element_type=\"widget\" data-e-type=\"widget\" data-settings=\"{&quot;_animation&quot;:&quot;bounceIn&quot;}\" data-widget_type=\"image-box.default\">\n\t\t\t\t<div class=\"elementor-widget-container\">\n\t\t\t\t\t<div class=\"elementor-image-box-wrapper\"><figure class=\"elementor-image-box-img\"><a href=\"https:\/\/sm-itsolutions.com\/es\/consulting-services\/\" tabindex=\"-1\"><img loading=\"lazy\" decoding=\"async\" width=\"150\" height=\"150\" src=\"https:\/\/sm-itsolutions.com\/wp-content\/uploads\/2025\/02\/Consulting-Services-150x150.png\" class=\"elementor-animation-push attachment-thumbnail size-thumbnail wp-image-979\" alt=\"\" srcset=\"https:\/\/sm-itsolutions.com\/wp-content\/uploads\/2025\/02\/Consulting-Services-150x150.png 150w, https:\/\/sm-itsolutions.com\/wp-content\/uploads\/2025\/02\/Consulting-Services-300x300.png 300w, https:\/\/sm-itsolutions.com\/wp-content\/uploads\/2025\/02\/Consulting-Services-12x12.png 12w, https:\/\/sm-itsolutions.com\/wp-content\/uploads\/2025\/02\/Consulting-Services.png 768w\" sizes=\"(max-width: 150px) 100vw, 150px\" \/><\/a><\/figure><div class=\"elementor-image-box-content\"><h3 class=\"elementor-image-box-title\"><a href=\"https:\/\/sm-itsolutions.com\/es\/consulting-services\/\">6. Servicios de consultor\u00eda<\/a><\/h3><p class=\"elementor-image-box-description\">Servicios para ayudar a las empresas a optimizar sus procesos tecnol\u00f3gicos, mejorar la infraestructura y alcanzar sus objetivos estrat\u00e9gicos.<\/p><\/div><\/div>\t\t\t\t<\/div>\n\t\t\t\t<\/div>\n\t\t\t\t<\/div>\n\t\t\t\t<\/div>\n\t\t<div class=\"elementor-element elementor-element-cc45344 e-con-full e-flex e-con e-parent\" data-id=\"cc45344\" data-element_type=\"container\" data-e-type=\"container\">\n\t\t\t\t<div class=\"elementor-element elementor-element-46f1133 elementor-align-center elementor-invisible elementor-widget elementor-widget-button\" data-id=\"46f1133\" data-element_type=\"widget\" data-e-type=\"widget\" data-settings=\"{&quot;_animation&quot;:&quot;fadeInDown&quot;}\" data-widget_type=\"button.default\">\n\t\t\t\t<div class=\"elementor-widget-container\">\n\t\t\t\t\t\t\t\t\t<div class=\"elementor-button-wrapper\">\n\t\t\t\t\t<a class=\"elementor-button elementor-button-link elementor-size-sm elementor-animation-push\" href=\"https:\/\/sm-itsolutions.com\/es\/products\/\">\n\t\t\t\t\t\t<span class=\"elementor-button-content-wrapper\">\n\t\t\t\t\t\t\t\t\t<span class=\"elementor-button-text\">M\u00e1s informaci\u00f3n<\/span>\n\t\t\t\t\t<\/span>\n\t\t\t\t\t<\/a>\n\t\t\t\t<\/div>\n\t\t\t\t\t\t\t\t<\/div>\n\t\t\t\t<\/div>\n\t\t\t\t<\/div>\n\t\t<div class=\"elementor-element elementor-element-28ca8db e-flex e-con-boxed e-con e-parent\" data-id=\"28ca8db\" data-element_type=\"container\" data-e-type=\"container\">\n\t\t\t\t\t<div class=\"e-con-inner\">\n\t\t\t\t<div class=\"elementor-element elementor-element-4245b6d elementor-widget elementor-widget-spacer\" data-id=\"4245b6d\" data-element_type=\"widget\" data-e-type=\"widget\" data-widget_type=\"spacer.default\">\n\t\t\t\t<div class=\"elementor-widget-container\">\n\t\t\t\t\t\t\t<div class=\"elementor-spacer\">\n\t\t\t<div class=\"elementor-spacer-inner\"><\/div>\n\t\t<\/div>\n\t\t\t\t\t\t<\/div>\n\t\t\t\t<\/div>\n\t\t\t\t\t<\/div>\n\t\t\t\t<\/div>\n\t\t\t\t<\/div>","protected":false},"excerpt":{"rendered":"<p>Your trusted partner in IT solutions SM IT Solutions, provides reliable and efficient IT Support solutions for businesses. We specialize in technical support, system maintenance, cybersecurity, and IT infrastructure management. Our expert team ensures fast and proactive assistance to keep your technology running smoothly. More information We provide businesses with top-tier IT Support services 1. [&hellip;]<\/p>\n","protected":false},"author":1,"featured_media":0,"parent":0,"menu_order":0,"comment_status":"closed","ping_status":"closed","template":"elementor_header_footer","meta":{"footnotes":""},"class_list":["post-256","page","type-page","status-publish","hentry"],"_links":{"self":[{"href":"https:\/\/sm-itsolutions.com\/es\/wp-json\/wp\/v2\/pages\/256","targetHints":{"allow":["GET"]}}],"collection":[{"href":"https:\/\/sm-itsolutions.com\/es\/wp-json\/wp\/v2\/pages"}],"about":[{"href":"https:\/\/sm-itsolutions.com\/es\/wp-json\/wp\/v2\/types\/page"}],"author":[{"embeddable":true,"href":"https:\/\/sm-itsolutions.com\/es\/wp-json\/wp\/v2\/users\/1"}],"replies":[{"embeddable":true,"href":"https:\/\/sm-itsolutions.com\/es\/wp-json\/wp\/v2\/comments?post=256"}],"version-history":[{"count":440,"href":"https:\/\/sm-itsolutions.com\/es\/wp-json\/wp\/v2\/pages\/256\/revisions"}],"predecessor-version":[{"id":2238,"href":"https:\/\/sm-itsolutions.com\/es\/wp-json\/wp\/v2\/pages\/256\/revisions\/2238"}],"wp:attachment":[{"href":"https:\/\/sm-itsolutions.com\/es\/wp-json\/wp\/v2\/media?parent=256"}],"curies":[{"name":"wp","href":"https:\/\/api.w.org\/{rel}","templated":true}]}}