{"id":1860,"date":"2025-08-07T19:47:15","date_gmt":"2025-08-07T19:47:15","guid":{"rendered":"https:\/\/sm-itsolutions.com\/?page_id=1860"},"modified":"2025-09-11T02:09:27","modified_gmt":"2025-09-11T02:09:27","slug":"products","status":"publish","type":"page","link":"https:\/\/sm-itsolutions.com\/es\/products\/","title":{"rendered":"Productos"},"content":{"rendered":"<div data-elementor-type=\"wp-page\" data-elementor-id=\"1860\" class=\"elementor elementor-1860\">\n\t\t\t\t<div class=\"elementor-element elementor-element-03cbe32 e-con-full e-flex e-con e-parent\" data-id=\"03cbe32\" data-element_type=\"container\" data-e-type=\"container\">\n\t\t\t\t<div class=\"elementor-element elementor-element-359a86f elementor-widget elementor-widget-shortcode\" data-id=\"359a86f\" data-element_type=\"widget\" data-e-type=\"widget\" data-widget_type=\"shortcode.default\">\n\t\t\t\t<div class=\"elementor-widget-container\">\n\t\t\t\t\t\t\t<div class=\"elementor-shortcode\"><\/div>\n\t\t\t\t\t\t<\/div>\n\t\t\t\t<\/div>\n\t\t\t\t<\/div>\n\t\t<div class=\"elementor-element elementor-element-9a10ddf e-flex e-con-boxed e-con e-parent\" data-id=\"9a10ddf\" data-element_type=\"container\" data-e-type=\"container\">\n\t\t\t\t\t<div class=\"e-con-inner\">\n\t\t\t\t<div class=\"elementor-element elementor-element-fa4ec75 elementor-widget elementor-widget-spacer\" data-id=\"fa4ec75\" data-element_type=\"widget\" data-e-type=\"widget\" data-widget_type=\"spacer.default\">\n\t\t\t\t<div class=\"elementor-widget-container\">\n\t\t\t\t\t\t\t<div class=\"elementor-spacer\">\n\t\t\t<div class=\"elementor-spacer-inner\"><\/div>\n\t\t<\/div>\n\t\t\t\t\t\t<\/div>\n\t\t\t\t<\/div>\n\t\t\t\t\t<\/div>\n\t\t\t\t<\/div>\n\t\t<div class=\"elementor-element elementor-element-be8b0b3 e-con-full e-flex e-con e-parent\" data-id=\"be8b0b3\" data-element_type=\"container\" data-e-type=\"container\">\n\t\t<div class=\"elementor-element elementor-element-69d022c e-con-full e-flex e-con e-child\" data-id=\"69d022c\" data-element_type=\"container\" data-e-type=\"container\">\n\t\t\t\t<div class=\"elementor-element elementor-element-75ca795 elementor-widget__width-initial elementor-invisible elementor-widget elementor-widget-heading\" data-id=\"75ca795\" data-element_type=\"widget\" data-e-type=\"widget\" data-settings=\"{&quot;_animation&quot;:&quot;fadeInDown&quot;}\" data-widget_type=\"heading.default\">\n\t\t\t\t<div class=\"elementor-widget-container\">\n\t\t\t\t\t<h2 class=\"elementor-heading-title elementor-size-default\">Ofrecemos a las empresas servicios de soporte de IT de primer nivel.<\/h2>\t\t\t\t<\/div>\n\t\t\t\t<\/div>\n\t\t\t\t<\/div>\n\t\t\t\t<\/div>\n\t\t<div class=\"elementor-element elementor-element-6dae22e e-con-full e-flex e-con e-parent\" data-id=\"6dae22e\" data-element_type=\"container\" data-e-type=\"container\">\n\t\t<div class=\"elementor-element elementor-element-5177ba3 e-con-full e-flex e-con e-child\" data-id=\"5177ba3\" data-element_type=\"container\" data-e-type=\"container\">\n\t\t<div class=\"elementor-element elementor-element-1983a6d e-con-full e-flex e-con e-child\" data-id=\"1983a6d\" data-element_type=\"container\" data-e-type=\"container\">\n\t\t\t\t<div class=\"elementor-element elementor-element-cabe730 elementor-widget elementor-widget-spacer\" data-id=\"cabe730\" data-element_type=\"widget\" data-e-type=\"widget\" data-widget_type=\"spacer.default\">\n\t\t\t\t<div class=\"elementor-widget-container\">\n\t\t\t\t\t\t\t<div class=\"elementor-spacer\">\n\t\t\t<div class=\"elementor-spacer-inner\"><\/div>\n\t\t<\/div>\n\t\t\t\t\t\t<\/div>\n\t\t\t\t<\/div>\n\t\t\t\t<div class=\"elementor-element elementor-element-2d8397f elementor-position-top elementor-invisible elementor-widget elementor-widget-image-box\" data-id=\"2d8397f\" data-element_type=\"widget\" data-e-type=\"widget\" data-settings=\"{&quot;_animation&quot;:&quot;bounceIn&quot;}\" data-widget_type=\"image-box.default\">\n\t\t\t\t<div class=\"elementor-widget-container\">\n\t\t\t\t\t<div class=\"elementor-image-box-wrapper\"><figure class=\"elementor-image-box-img\"><a href=\"https:\/\/sm-itsolutions.com\/es\/networking\/\" tabindex=\"-1\"><img decoding=\"async\" width=\"150\" height=\"150\" src=\"https:\/\/sm-itsolutions.com\/wp-content\/uploads\/2025\/01\/Nosotros-Home-150x150.png\" class=\"elementor-animation-pop attachment-thumbnail size-thumbnail wp-image-226\" alt=\"\" srcset=\"https:\/\/sm-itsolutions.com\/wp-content\/uploads\/2025\/01\/Nosotros-Home-150x150.png 150w, https:\/\/sm-itsolutions.com\/wp-content\/uploads\/2025\/01\/elementor\/thumbs\/Nosotros-Home-r0gb7efl2o0js0486v7cnikczf6hw4gp3whc3wextk.png 300w, https:\/\/sm-itsolutions.com\/wp-content\/uploads\/2025\/01\/Nosotros-Home-230x230.png 230w, https:\/\/sm-itsolutions.com\/wp-content\/uploads\/2025\/01\/Nosotros-Home-350x350.png 350w, https:\/\/sm-itsolutions.com\/wp-content\/uploads\/2025\/01\/Nosotros-Home-480x480.png 480w, https:\/\/sm-itsolutions.com\/wp-content\/uploads\/2025\/01\/elementor\/thumbs\/Nosotros-Home-r0gb7efmaisze09yls2irleq0re4jvoezp2i9aw5uo.png 400w, https:\/\/sm-itsolutions.com\/wp-content\/uploads\/2025\/01\/elementor\/thumbs\/Nosotros-Home-150x150.png 800w, https:\/\/sm-itsolutions.com\/wp-content\/uploads\/2025\/01\/elementor\/thumbs\/Nosotros-Home-150x150.png 1000w, https:\/\/sm-itsolutions.com\/wp-content\/uploads\/2025\/01\/Nosotros-Home.png 768w\" sizes=\"(max-width: 150px) 100vw, 150px\" \/><\/a><\/figure><div class=\"elementor-image-box-content\"><h3 class=\"elementor-image-box-title\"><a href=\"https:\/\/sm-itsolutions.com\/es\/networking\/\">1. Redes y conectividad<\/a><\/h3><p class=\"elementor-image-box-description\">Ofrecemos una amplia gama de servicios de redes dise\u00f1ados para garantizar una infraestructura tecnol\u00f3gica robusta, escalable y eficiente.<\/p><\/div><\/div>\t\t\t\t<\/div>\n\t\t\t\t<\/div>\n\t\t\t\t<\/div>\n\t\t<div class=\"elementor-element elementor-element-ac621e9 e-con-full e-flex e-con e-child\" data-id=\"ac621e9\" data-element_type=\"container\" data-e-type=\"container\">\n\t\t\t\t<div class=\"elementor-element elementor-element-888ac41 elementor-widget elementor-widget-spacer\" data-id=\"888ac41\" data-element_type=\"widget\" data-e-type=\"widget\" data-widget_type=\"spacer.default\">\n\t\t\t\t<div class=\"elementor-widget-container\">\n\t\t\t\t\t\t\t<div class=\"elementor-spacer\">\n\t\t\t<div class=\"elementor-spacer-inner\"><\/div>\n\t\t<\/div>\n\t\t\t\t\t\t<\/div>\n\t\t\t\t<\/div>\n\t\t\t\t<div class=\"elementor-element elementor-element-6522a08 elementor-position-top elementor-invisible elementor-widget elementor-widget-image-box\" data-id=\"6522a08\" data-element_type=\"widget\" data-e-type=\"widget\" data-settings=\"{&quot;_animation&quot;:&quot;bounceIn&quot;}\" data-widget_type=\"image-box.default\">\n\t\t\t\t<div class=\"elementor-widget-container\">\n\t\t\t\t\t<div class=\"elementor-image-box-wrapper\"><figure class=\"elementor-image-box-img\"><a href=\"https:\/\/sm-itsolutions.com\/es\/cabling-services\/\" tabindex=\"-1\"><img decoding=\"async\" width=\"150\" height=\"150\" src=\"https:\/\/sm-itsolutions.com\/wp-content\/uploads\/2025\/02\/Cabling-services-150x150.png\" class=\"elementor-animation-pop attachment-thumbnail size-thumbnail wp-image-972\" alt=\"\" srcset=\"https:\/\/sm-itsolutions.com\/wp-content\/uploads\/2025\/02\/Cabling-services-150x150.png 150w, https:\/\/sm-itsolutions.com\/wp-content\/uploads\/2025\/02\/Cabling-services-300x300.png 300w, https:\/\/sm-itsolutions.com\/wp-content\/uploads\/2025\/02\/Cabling-services-12x12.png 12w, https:\/\/sm-itsolutions.com\/wp-content\/uploads\/2025\/02\/Cabling-services.png 768w\" sizes=\"(max-width: 150px) 100vw, 150px\" \/><\/a><\/figure><div class=\"elementor-image-box-content\"><h3 class=\"elementor-image-box-title\"><a href=\"https:\/\/sm-itsolutions.com\/es\/cabling-services\/\">2. Servicios de cableado<\/a><\/h3><p class=\"elementor-image-box-description\">Garantizamos una infraestructura de red s\u00f3lida y eficiente; nos aseguramos de que su infraestructura de red sea robusta, escalable y est\u00e9 preparada para soportar las demandas tecnol\u00f3gicas de su negocio.<\/p><\/div><\/div>\t\t\t\t<\/div>\n\t\t\t\t<\/div>\n\t\t\t\t<\/div>\n\t\t<div class=\"elementor-element elementor-element-b25074b e-con-full e-flex e-con e-child\" data-id=\"b25074b\" data-element_type=\"container\" data-e-type=\"container\">\n\t\t\t\t<div class=\"elementor-element elementor-element-248495e elementor-widget elementor-widget-spacer\" data-id=\"248495e\" data-element_type=\"widget\" data-e-type=\"widget\" data-widget_type=\"spacer.default\">\n\t\t\t\t<div class=\"elementor-widget-container\">\n\t\t\t\t\t\t\t<div class=\"elementor-spacer\">\n\t\t\t<div class=\"elementor-spacer-inner\"><\/div>\n\t\t<\/div>\n\t\t\t\t\t\t<\/div>\n\t\t\t\t<\/div>\n\t\t\t\t<div class=\"elementor-element elementor-element-eed23af elementor-position-top elementor-invisible elementor-widget elementor-widget-image-box\" data-id=\"eed23af\" data-element_type=\"widget\" data-e-type=\"widget\" data-settings=\"{&quot;_animation&quot;:&quot;bounceIn&quot;}\" data-widget_type=\"image-box.default\">\n\t\t\t\t<div class=\"elementor-widget-container\">\n\t\t\t\t\t<div class=\"elementor-image-box-wrapper\"><figure class=\"elementor-image-box-img\"><a href=\"https:\/\/sm-itsolutions.com\/es\/infrastructure-support\/\" tabindex=\"-1\"><img decoding=\"async\" width=\"150\" height=\"150\" src=\"https:\/\/sm-itsolutions.com\/wp-content\/uploads\/2025\/02\/Infrastructure-suport-150x150.png\" class=\"elementor-animation-pop attachment-thumbnail size-thumbnail wp-image-964\" alt=\"\" srcset=\"https:\/\/sm-itsolutions.com\/wp-content\/uploads\/2025\/02\/Infrastructure-suport-150x150.png 150w, https:\/\/sm-itsolutions.com\/wp-content\/uploads\/2025\/02\/Infrastructure-suport-300x300.png 300w, https:\/\/sm-itsolutions.com\/wp-content\/uploads\/2025\/02\/Infrastructure-suport-12x12.png 12w, https:\/\/sm-itsolutions.com\/wp-content\/uploads\/2025\/02\/Infrastructure-suport.png 768w\" sizes=\"(max-width: 150px) 100vw, 150px\" \/><\/a><\/figure><div class=\"elementor-image-box-content\"><h3 class=\"elementor-image-box-title\"><a href=\"https:\/\/sm-itsolutions.com\/es\/infrastructure-support\/\">3. Soporte de infraestructura<\/a><\/h3><p class=\"elementor-image-box-description\">Ofrecemos una gama completa de servicios de soporte de infraestructura para asegurar que la infraestructura tecnol\u00f3gica de su empresa sea confiable, escalable y siempre est\u00e9 optimizada. <\/p><\/div><\/div>\t\t\t\t<\/div>\n\t\t\t\t<\/div>\n\t\t\t\t<\/div>\n\t\t<div class=\"elementor-element elementor-element-c242761 e-con-full e-flex e-con e-child\" data-id=\"c242761\" data-element_type=\"container\" data-e-type=\"container\">\n\t\t\t\t<div class=\"elementor-element elementor-element-7cd11ea elementor-widget elementor-widget-spacer\" data-id=\"7cd11ea\" data-element_type=\"widget\" data-e-type=\"widget\" data-widget_type=\"spacer.default\">\n\t\t\t\t<div class=\"elementor-widget-container\">\n\t\t\t\t\t\t\t<div class=\"elementor-spacer\">\n\t\t\t<div class=\"elementor-spacer-inner\"><\/div>\n\t\t<\/div>\n\t\t\t\t\t\t<\/div>\n\t\t\t\t<\/div>\n\t\t\t\t<div class=\"elementor-element elementor-element-7090d59 elementor-position-top elementor-invisible elementor-widget elementor-widget-image-box\" data-id=\"7090d59\" data-element_type=\"widget\" data-e-type=\"widget\" data-settings=\"{&quot;_animation&quot;:&quot;bounceIn&quot;}\" data-widget_type=\"image-box.default\">\n\t\t\t\t<div class=\"elementor-widget-container\">\n\t\t\t\t\t<div class=\"elementor-image-box-wrapper\"><figure class=\"elementor-image-box-img\"><a href=\"https:\/\/sm-itsolutions.com\/es\/it-services\/\" tabindex=\"-1\"><img loading=\"lazy\" decoding=\"async\" width=\"150\" height=\"150\" src=\"https:\/\/sm-itsolutions.com\/wp-content\/uploads\/2025\/02\/IT-Services-150x150.png\" class=\"elementor-animation-push attachment-thumbnail size-thumbnail wp-image-977\" alt=\"\" srcset=\"https:\/\/sm-itsolutions.com\/wp-content\/uploads\/2025\/02\/IT-Services-150x150.png 150w, https:\/\/sm-itsolutions.com\/wp-content\/uploads\/2025\/02\/IT-Services-300x300.png 300w, https:\/\/sm-itsolutions.com\/wp-content\/uploads\/2025\/02\/IT-Services-12x12.png 12w, https:\/\/sm-itsolutions.com\/wp-content\/uploads\/2025\/02\/IT-Services.png 768w\" sizes=\"(max-width: 150px) 100vw, 150px\" \/><\/a><\/figure><div class=\"elementor-image-box-content\"><h3 class=\"elementor-image-box-title\"><a href=\"https:\/\/sm-itsolutions.com\/es\/it-services\/\">4. Servicios de IT<\/a><\/h3><p class=\"elementor-image-box-description\">Contamos con una amplia gama de servicios de IT dise\u00f1ados para optimizar la infraestructura tecnol\u00f3gica de su empresa y garantizar su funcionamiento eficiente.<\/p><\/div><\/div>\t\t\t\t<\/div>\n\t\t\t\t<\/div>\n\t\t\t\t<\/div>\n\t\t<div class=\"elementor-element elementor-element-b26cd27 e-con-full e-flex e-con e-child\" data-id=\"b26cd27\" data-element_type=\"container\" data-e-type=\"container\">\n\t\t\t\t<div class=\"elementor-element elementor-element-8149f99 elementor-widget elementor-widget-spacer\" data-id=\"8149f99\" data-element_type=\"widget\" data-e-type=\"widget\" data-widget_type=\"spacer.default\">\n\t\t\t\t<div class=\"elementor-widget-container\">\n\t\t\t\t\t\t\t<div class=\"elementor-spacer\">\n\t\t\t<div class=\"elementor-spacer-inner\"><\/div>\n\t\t<\/div>\n\t\t\t\t\t\t<\/div>\n\t\t\t\t<\/div>\n\t\t\t\t<div class=\"elementor-element elementor-element-1ae7145 elementor-position-top elementor-invisible elementor-widget elementor-widget-image-box\" data-id=\"1ae7145\" data-element_type=\"widget\" data-e-type=\"widget\" data-settings=\"{&quot;_animation&quot;:&quot;bounceIn&quot;}\" data-widget_type=\"image-box.default\">\n\t\t\t\t<div class=\"elementor-widget-container\">\n\t\t\t\t\t<div class=\"elementor-image-box-wrapper\"><figure class=\"elementor-image-box-img\"><a href=\"https:\/\/sm-itsolutions.com\/es\/video-security-systems\/\" tabindex=\"-1\"><img loading=\"lazy\" decoding=\"async\" width=\"150\" height=\"150\" src=\"https:\/\/sm-itsolutions.com\/wp-content\/uploads\/2025\/02\/Video-Security-Systems-150x150.png\" class=\"elementor-animation-push attachment-thumbnail size-thumbnail wp-image-978\" alt=\"\" srcset=\"https:\/\/sm-itsolutions.com\/wp-content\/uploads\/2025\/02\/Video-Security-Systems-150x150.png 150w, https:\/\/sm-itsolutions.com\/wp-content\/uploads\/2025\/02\/Video-Security-Systems-300x300.png 300w, https:\/\/sm-itsolutions.com\/wp-content\/uploads\/2025\/02\/Video-Security-Systems-12x12.png 12w, https:\/\/sm-itsolutions.com\/wp-content\/uploads\/2025\/02\/Video-Security-Systems.png 768w\" sizes=\"(max-width: 150px) 100vw, 150px\" \/><\/a><\/figure><div class=\"elementor-image-box-content\"><h3 class=\"elementor-image-box-title\"><a href=\"https:\/\/sm-itsolutions.com\/es\/video-security-systems\/\">5.  Sistemas de seguridad por video<\/a><\/h3><p class=\"elementor-image-box-description\">Dise\u00f1ados para proteger su propiedad y activos mediante soluciones avanzadas de monitoreo, puede tener tranquilidad sabiendo que su propiedad est\u00e1 monitoreada y protegida de manera efectiva las 24 horas del d\u00eda, los 7 d\u00edas de la semana.<\/p><\/div><\/div>\t\t\t\t<\/div>\n\t\t\t\t<\/div>\n\t\t\t\t<\/div>\n\t\t<div class=\"elementor-element elementor-element-d9e05e8 e-con-full e-flex e-con e-child\" data-id=\"d9e05e8\" data-element_type=\"container\" data-e-type=\"container\">\n\t\t\t\t<div class=\"elementor-element elementor-element-89c4e09 elementor-widget elementor-widget-spacer\" data-id=\"89c4e09\" data-element_type=\"widget\" data-e-type=\"widget\" data-widget_type=\"spacer.default\">\n\t\t\t\t<div class=\"elementor-widget-container\">\n\t\t\t\t\t\t\t<div class=\"elementor-spacer\">\n\t\t\t<div class=\"elementor-spacer-inner\"><\/div>\n\t\t<\/div>\n\t\t\t\t\t\t<\/div>\n\t\t\t\t<\/div>\n\t\t\t\t<div class=\"elementor-element elementor-element-da51771 elementor-position-top elementor-invisible elementor-widget elementor-widget-image-box\" data-id=\"da51771\" data-element_type=\"widget\" data-e-type=\"widget\" data-settings=\"{&quot;_animation&quot;:&quot;bounceIn&quot;}\" data-widget_type=\"image-box.default\">\n\t\t\t\t<div class=\"elementor-widget-container\">\n\t\t\t\t\t<div class=\"elementor-image-box-wrapper\"><figure class=\"elementor-image-box-img\"><a href=\"https:\/\/sm-itsolutions.com\/es\/consulting-services\/\" tabindex=\"-1\"><img loading=\"lazy\" decoding=\"async\" width=\"150\" height=\"150\" src=\"https:\/\/sm-itsolutions.com\/wp-content\/uploads\/2025\/02\/Consulting-Services-150x150.png\" class=\"elementor-animation-push attachment-thumbnail size-thumbnail wp-image-979\" alt=\"\" srcset=\"https:\/\/sm-itsolutions.com\/wp-content\/uploads\/2025\/02\/Consulting-Services-150x150.png 150w, https:\/\/sm-itsolutions.com\/wp-content\/uploads\/2025\/02\/Consulting-Services-300x300.png 300w, https:\/\/sm-itsolutions.com\/wp-content\/uploads\/2025\/02\/Consulting-Services-12x12.png 12w, https:\/\/sm-itsolutions.com\/wp-content\/uploads\/2025\/02\/Consulting-Services.png 768w\" sizes=\"(max-width: 150px) 100vw, 150px\" \/><\/a><\/figure><div class=\"elementor-image-box-content\"><h3 class=\"elementor-image-box-title\"><a href=\"https:\/\/sm-itsolutions.com\/es\/consulting-services\/\">6. Servicios de consultor\u00eda<\/a><\/h3><p class=\"elementor-image-box-description\">Servicios para ayudar a las empresas a optimizar sus procesos tecnol\u00f3gicos, mejorar la infraestructura y alcanzar sus objetivos estrat\u00e9gicos.<\/p><\/div><\/div>\t\t\t\t<\/div>\n\t\t\t\t<\/div>\n\t\t\t\t<\/div>\n\t\t\t\t<\/div>\n\t\t\t\t<\/div>\n\t\t\t\t<\/div>","protected":false},"excerpt":{"rendered":"<p>We provide businesses with top-tier IT Support services 1. Networking We offers a comprehensive range of Networking Services designed to ensure a robust, scalable, and efficient technological infrastructure. 2. Cabling Services We ensure a solid and efficient network infrastructure, we ensure your network infrastructure is robust, scalable, and ready to support the technological demands of [&hellip;]<\/p>\n","protected":false},"author":1,"featured_media":0,"parent":0,"menu_order":0,"comment_status":"closed","ping_status":"closed","template":"elementor_header_footer","meta":{"footnotes":""},"class_list":["post-1860","page","type-page","status-publish","hentry"],"_links":{"self":[{"href":"https:\/\/sm-itsolutions.com\/es\/wp-json\/wp\/v2\/pages\/1860","targetHints":{"allow":["GET"]}}],"collection":[{"href":"https:\/\/sm-itsolutions.com\/es\/wp-json\/wp\/v2\/pages"}],"about":[{"href":"https:\/\/sm-itsolutions.com\/es\/wp-json\/wp\/v2\/types\/page"}],"author":[{"embeddable":true,"href":"https:\/\/sm-itsolutions.com\/es\/wp-json\/wp\/v2\/users\/1"}],"replies":[{"embeddable":true,"href":"https:\/\/sm-itsolutions.com\/es\/wp-json\/wp\/v2\/comments?post=1860"}],"version-history":[{"count":19,"href":"https:\/\/sm-itsolutions.com\/es\/wp-json\/wp\/v2\/pages\/1860\/revisions"}],"predecessor-version":[{"id":2188,"href":"https:\/\/sm-itsolutions.com\/es\/wp-json\/wp\/v2\/pages\/1860\/revisions\/2188"}],"wp:attachment":[{"href":"https:\/\/sm-itsolutions.com\/es\/wp-json\/wp\/v2\/media?parent=1860"}],"curies":[{"name":"wp","href":"https:\/\/api.w.org\/{rel}","templated":true}]}}