{"id":1527,"date":"2025-02-22T02:30:33","date_gmt":"2025-02-22T02:30:33","guid":{"rendered":"https:\/\/sm-itsolutions.com\/?page_id=1527"},"modified":"2025-08-07T19:19:28","modified_gmt":"2025-08-07T19:19:28","slug":"about-us","status":"publish","type":"page","link":"https:\/\/sm-itsolutions.com\/es\/about-us\/","title":{"rendered":"Nosotros"},"content":{"rendered":"<div data-elementor-type=\"wp-page\" data-elementor-id=\"1527\" class=\"elementor elementor-1527\">\n\t\t\t\t<div class=\"elementor-element elementor-element-22e1ed7 e-flex e-con-boxed e-con e-parent\" data-id=\"22e1ed7\" data-element_type=\"container\" data-e-type=\"container\">\n\t\t\t\t\t<div class=\"e-con-inner\">\n\t\t\t\t<div class=\"elementor-element elementor-element-aadae2a elementor-widget elementor-widget-shortcode\" data-id=\"aadae2a\" data-element_type=\"widget\" data-e-type=\"widget\" data-widget_type=\"shortcode.default\">\n\t\t\t\t<div class=\"elementor-widget-container\">\n\t\t\t\t\t\t\t<div class=\"elementor-shortcode\"><\/div>\n\t\t\t\t\t\t<\/div>\n\t\t\t\t<\/div>\n\t\t\t\t\t<\/div>\n\t\t\t\t<\/div>\n\t\t<div class=\"elementor-element elementor-element-f8a996f e-flex e-con-boxed e-con e-parent\" data-id=\"f8a996f\" data-element_type=\"container\" data-e-type=\"container\">\n\t\t\t\t\t<div class=\"e-con-inner\">\n\t\t\t\t<div class=\"elementor-element elementor-element-2deeb5d elementor-widget elementor-widget-spacer\" data-id=\"2deeb5d\" data-element_type=\"widget\" data-e-type=\"widget\" data-widget_type=\"spacer.default\">\n\t\t\t\t<div class=\"elementor-widget-container\">\n\t\t\t\t\t\t\t<div class=\"elementor-spacer\">\n\t\t\t<div class=\"elementor-spacer-inner\"><\/div>\n\t\t<\/div>\n\t\t\t\t\t\t<\/div>\n\t\t\t\t<\/div>\n\t\t\t\t\t<\/div>\n\t\t\t\t<\/div>\n\t\t<div class=\"elementor-element elementor-element-b6160d4 e-flex e-con-boxed e-con e-parent\" data-id=\"b6160d4\" data-element_type=\"container\" data-e-type=\"container\">\n\t\t\t\t\t<div class=\"e-con-inner\">\n\t\t\t\t<div class=\"elementor-element elementor-element-70022a6 elementor-invisible elementor-widget elementor-widget-heading\" data-id=\"70022a6\" data-element_type=\"widget\" data-e-type=\"widget\" data-settings=\"{&quot;_animation&quot;:&quot;slideInDown&quot;}\" data-widget_type=\"heading.default\">\n\t\t\t\t<div class=\"elementor-widget-container\">\n\t\t\t\t\t<h2 class=\"elementor-heading-title elementor-size-default\">Garantizamos soluciones de calidad, confiables y eficientes para nuestros clientes.<\/h2>\t\t\t\t<\/div>\n\t\t\t\t<\/div>\n\t\t\t\t<div class=\"elementor-element elementor-element-9fe0428 elementor-invisible elementor-widget elementor-widget-text-editor\" data-id=\"9fe0428\" data-element_type=\"widget\" data-e-type=\"widget\" data-settings=\"{&quot;_animation&quot;:&quot;fadeInUp&quot;}\" data-widget_type=\"text-editor.default\">\n\t\t\t\t<div class=\"elementor-widget-container\">\n\t\t\t\t\t\t\t\t\t<p><strong>SM IT Solutions <\/strong>fue fundada en 2023 con una misi\u00f3n clara: brindar a las empresas servicios de soporte de IT de primer nivel. A pesar de ser una empresa joven, nuestro equipo cuenta con m\u00e1s de 15 a\u00f1os de experiencia combinada en la industria de IT.<\/p><p class=\"translation-block\">Nos especializamos en una amplia gama de servicios de IT, que incluyen<strong> soporte t\u00e9cnico, mantenimiento de sistemas, ciberseguridad, soluciones en la nube y gesti\u00f3n de infraestructura de ITsupport<\/strong>. Nuestro objetivo es minimizar el tiempo de inactividad y maximizar la productividad ofreciendo soporte proactivo adaptado a las necesidades \u00fanicas de cada empresa.<\/p>\t\t\t\t\t\t\t\t<\/div>\n\t\t\t\t<\/div>\n\t\t\t\t\t<\/div>\n\t\t\t\t<\/div>\n\t\t<div class=\"elementor-element elementor-element-3e3e1d7 e-flex e-con-boxed e-con e-parent\" data-id=\"3e3e1d7\" data-element_type=\"container\" data-e-type=\"container\">\n\t\t\t\t\t<div class=\"e-con-inner\">\n\t\t\t\t<div class=\"elementor-element elementor-element-0d0cbd1 elementor-widget elementor-widget-spacer\" data-id=\"0d0cbd1\" data-element_type=\"widget\" data-e-type=\"widget\" data-widget_type=\"spacer.default\">\n\t\t\t\t<div class=\"elementor-widget-container\">\n\t\t\t\t\t\t\t<div class=\"elementor-spacer\">\n\t\t\t<div class=\"elementor-spacer-inner\"><\/div>\n\t\t<\/div>\n\t\t\t\t\t\t<\/div>\n\t\t\t\t<\/div>\n\t\t\t\t\t<\/div>\n\t\t\t\t<\/div>\n\t\t<div class=\"elementor-element elementor-element-4bc336f e-flex e-con-boxed e-con e-parent\" data-id=\"4bc336f\" data-element_type=\"container\" data-e-type=\"container\" data-settings=\"{&quot;background_background&quot;:&quot;classic&quot;}\">\n\t\t\t\t\t<div class=\"e-con-inner\">\n\t\t\t\t<div class=\"elementor-element elementor-element-bffe57f elementor-widget elementor-widget-spacer\" data-id=\"bffe57f\" data-element_type=\"widget\" data-e-type=\"widget\" data-widget_type=\"spacer.default\">\n\t\t\t\t<div class=\"elementor-widget-container\">\n\t\t\t\t\t\t\t<div class=\"elementor-spacer\">\n\t\t\t<div class=\"elementor-spacer-inner\"><\/div>\n\t\t<\/div>\n\t\t\t\t\t\t<\/div>\n\t\t\t\t<\/div>\n\t\t\t\t<div class=\"elementor-element elementor-element-68a2421 elementor-invisible elementor-widget elementor-widget-text-editor\" data-id=\"68a2421\" data-element_type=\"widget\" data-e-type=\"widget\" data-settings=\"{&quot;_animation&quot;:&quot;zoomIn&quot;}\" data-widget_type=\"text-editor.default\">\n\t\t\t\t<div class=\"elementor-widget-container\">\n\t\t\t\t\t\t\t\t\t<p>\u00a0<\/p><p class=\"translation-block\">En <strong>SM IT Solutions<\/strong>, entendemos que la tecnolog\u00eda est\u00e1 en el coraz\u00f3n de los negocios modernos, por eso nos enfocamos en ofrecer soluciones integrales, seguras y escalables. Nuestro equipo de expertos est\u00e1 comprometido en ayudar a las empresas a navegar el paisaje digital en constante evoluci\u00f3n, asegurando que sus sistemas de IT funcionen siempre al m\u00e1ximo rendimiento.<\/p><p>Con un enfoque centrado en el cliente, priorizamos la comunicaci\u00f3n clara y tiempos de respuesta r\u00e1pidos para resolver los problemas de manera \u00e1gil y eficiente. Estamos dedicados a construir relaciones a largo plazo con nuestros clientes, ofreci\u00e9ndoles la tranquilidad que brinda saber que su tecnolog\u00eda est\u00e1 en manos capaces.<\/p>\t\t\t\t\t\t\t\t<\/div>\n\t\t\t\t<\/div>\n\t\t\t\t<div class=\"elementor-element elementor-element-f90f75b elementor-widget elementor-widget-spacer\" data-id=\"f90f75b\" data-element_type=\"widget\" data-e-type=\"widget\" data-widget_type=\"spacer.default\">\n\t\t\t\t<div class=\"elementor-widget-container\">\n\t\t\t\t\t\t\t<div class=\"elementor-spacer\">\n\t\t\t<div class=\"elementor-spacer-inner\"><\/div>\n\t\t<\/div>\n\t\t\t\t\t\t<\/div>\n\t\t\t\t<\/div>\n\t\t\t\t\t<\/div>\n\t\t\t\t<\/div>\n\t\t<div class=\"elementor-element elementor-element-fa5f336 e-flex e-con-boxed e-con e-parent\" data-id=\"fa5f336\" data-element_type=\"container\" data-e-type=\"container\">\n\t\t\t\t\t<div class=\"e-con-inner\">\n\t\t\t\t<div class=\"elementor-element elementor-element-f1c29b9 elementor-widget elementor-widget-spacer\" data-id=\"f1c29b9\" data-element_type=\"widget\" data-e-type=\"widget\" data-widget_type=\"spacer.default\">\n\t\t\t\t<div class=\"elementor-widget-container\">\n\t\t\t\t\t\t\t<div class=\"elementor-spacer\">\n\t\t\t<div class=\"elementor-spacer-inner\"><\/div>\n\t\t<\/div>\n\t\t\t\t\t\t<\/div>\n\t\t\t\t<\/div>\n\t\t\t\t\t<\/div>\n\t\t\t\t<\/div>\n\t\t<div class=\"elementor-element elementor-element-4528070 e-flex e-con-boxed e-con e-parent\" data-id=\"4528070\" data-element_type=\"container\" data-e-type=\"container\">\n\t\t\t\t\t<div class=\"e-con-inner\">\n\t\t\t\t\t<\/div>\n\t\t\t\t<\/div>\n\t\t<div class=\"elementor-element elementor-element-88e77af e-flex e-con-boxed e-con e-parent\" data-id=\"88e77af\" data-element_type=\"container\" data-e-type=\"container\" data-settings=\"{&quot;background_background&quot;:&quot;classic&quot;}\">\n\t\t\t\t\t<div class=\"e-con-inner\">\n\t\t\t\t<div class=\"elementor-element elementor-element-2303e48 elementor-position-top elementor-invisible elementor-widget elementor-widget-image-box\" data-id=\"2303e48\" data-element_type=\"widget\" data-e-type=\"widget\" data-settings=\"{&quot;_animation&quot;:&quot;zoomIn&quot;}\" data-widget_type=\"image-box.default\">\n\t\t\t\t<div class=\"elementor-widget-container\">\n\t\t\t\t\t<div class=\"elementor-image-box-wrapper\"><figure class=\"elementor-image-box-img\"><img decoding=\"async\" width=\"150\" height=\"150\" src=\"https:\/\/sm-itsolutions.com\/wp-content\/uploads\/2025\/02\/Mision-150x150.png\" class=\"attachment-thumbnail size-thumbnail wp-image-1575\" alt=\"\" srcset=\"https:\/\/sm-itsolutions.com\/wp-content\/uploads\/2025\/02\/Mision-150x150.png 150w, https:\/\/sm-itsolutions.com\/wp-content\/uploads\/2025\/02\/Mision-300x300.png 300w, https:\/\/sm-itsolutions.com\/wp-content\/uploads\/2025\/02\/Mision-12x12.png 12w, https:\/\/sm-itsolutions.com\/wp-content\/uploads\/2025\/02\/Mision.png 576w\" sizes=\"(max-width: 150px) 100vw, 150px\" \/><\/figure><div class=\"elementor-image-box-content\"><h3 class=\"elementor-image-box-title\">Misi\u00f3n<\/h3><p class=\"elementor-image-box-description\">La misi\u00f3n de SM IT Solutions es brindar soluciones innovadoras y de alta calidad en soporte de IT, enfoc\u00e1ndose en optimizar la infraestructura tecnol\u00f3gica de nuestros clientes para que puedan operar de manera eficiente, segura y sin interrupciones. Estamos comprometidos a ofrecer un soporte proactivo y personalizado <\/p><\/div><\/div>\t\t\t\t<\/div>\n\t\t\t\t<\/div>\n\t\t\t\t\t<\/div>\n\t\t\t\t<\/div>\n\t\t<div class=\"elementor-element elementor-element-c1de961 e-flex e-con-boxed e-con e-parent\" data-id=\"c1de961\" data-element_type=\"container\" data-e-type=\"container\">\n\t\t\t\t\t<div class=\"e-con-inner\">\n\t\t\t\t<div class=\"elementor-element elementor-element-85a6946 elementor-widget elementor-widget-spacer\" data-id=\"85a6946\" data-element_type=\"widget\" data-e-type=\"widget\" data-widget_type=\"spacer.default\">\n\t\t\t\t<div class=\"elementor-widget-container\">\n\t\t\t\t\t\t\t<div class=\"elementor-spacer\">\n\t\t\t<div class=\"elementor-spacer-inner\"><\/div>\n\t\t<\/div>\n\t\t\t\t\t\t<\/div>\n\t\t\t\t<\/div>\n\t\t\t\t\t<\/div>\n\t\t\t\t<\/div>\n\t\t<div class=\"elementor-element elementor-element-645a5b0 e-flex e-con-boxed e-con e-parent\" data-id=\"645a5b0\" data-element_type=\"container\" data-e-type=\"container\" data-settings=\"{&quot;background_background&quot;:&quot;classic&quot;}\">\n\t\t\t\t\t<div class=\"e-con-inner\">\n\t\t\t\t<div class=\"elementor-element elementor-element-161666c elementor-position-top elementor-invisible elementor-widget elementor-widget-image-box\" data-id=\"161666c\" data-element_type=\"widget\" data-e-type=\"widget\" data-settings=\"{&quot;_animation&quot;:&quot;zoomIn&quot;}\" data-widget_type=\"image-box.default\">\n\t\t\t\t<div class=\"elementor-widget-container\">\n\t\t\t\t\t<div class=\"elementor-image-box-wrapper\"><figure class=\"elementor-image-box-img\"><img decoding=\"async\" width=\"150\" height=\"150\" src=\"https:\/\/sm-itsolutions.com\/wp-content\/uploads\/2025\/02\/Vision-150x150.png\" class=\"attachment-thumbnail size-thumbnail wp-image-1585\" alt=\"\" srcset=\"https:\/\/sm-itsolutions.com\/wp-content\/uploads\/2025\/02\/Vision-150x150.png 150w, https:\/\/sm-itsolutions.com\/wp-content\/uploads\/2025\/02\/Vision-300x300.png 300w, https:\/\/sm-itsolutions.com\/wp-content\/uploads\/2025\/02\/Vision-12x12.png 12w, https:\/\/sm-itsolutions.com\/wp-content\/uploads\/2025\/02\/Vision.png 576w\" sizes=\"(max-width: 150px) 100vw, 150px\" \/><\/figure><div class=\"elementor-image-box-content\"><h3 class=\"elementor-image-box-title\">Visi\u00f3n <\/h3><p class=\"elementor-image-box-description\">La visi\u00f3n de SM IT Solutions es ser reconocida como l\u00edder en el sector de soporte de IT, proporcionando soluciones tecnol\u00f3gicas de vanguardia que impulsen el crecimiento y la competitividad de las empresas. Nuestro objetivo es ser el socio estrat\u00e9gico de confianza para nuestros clientes, asegurando que su infraestructura tecnol\u00f3gica est\u00e9 siempre optimizada, segura y preparada para los desaf\u00edos del futuro digital. Buscamos transformar la forma en que las empresas interact\u00faan con la tecnolog\u00eda ofreciendo un soporte proactivo, eficiente y personalizado que satisfaga sus necesidades \u00fanicas.<\/p><\/div><\/div>\t\t\t\t<\/div>\n\t\t\t\t<\/div>\n\t\t\t\t\t<\/div>\n\t\t\t\t<\/div>\n\t\t<div class=\"elementor-element elementor-element-3fc5d5d e-flex e-con-boxed e-con e-parent\" data-id=\"3fc5d5d\" data-element_type=\"container\" data-e-type=\"container\">\n\t\t\t\t\t<div class=\"e-con-inner\">\n\t\t\t\t<div class=\"elementor-element elementor-element-66242b9 elementor-widget elementor-widget-spacer\" data-id=\"66242b9\" data-element_type=\"widget\" data-e-type=\"widget\" data-widget_type=\"spacer.default\">\n\t\t\t\t<div class=\"elementor-widget-container\">\n\t\t\t\t\t\t\t<div class=\"elementor-spacer\">\n\t\t\t<div class=\"elementor-spacer-inner\"><\/div>\n\t\t<\/div>\n\t\t\t\t\t\t<\/div>\n\t\t\t\t<\/div>\n\t\t\t\t\t<\/div>\n\t\t\t\t<\/div>\n\t\t<div class=\"elementor-element elementor-element-9281bb4 e-flex e-con-boxed e-con e-parent\" data-id=\"9281bb4\" data-element_type=\"container\" data-e-type=\"container\">\n\t\t\t\t\t<div class=\"e-con-inner\">\n\t\t\t\t<div class=\"elementor-element elementor-element-9b07f3b elementor-widget elementor-widget-spacer\" data-id=\"9b07f3b\" data-element_type=\"widget\" data-e-type=\"widget\" data-widget_type=\"spacer.default\">\n\t\t\t\t<div class=\"elementor-widget-container\">\n\t\t\t\t\t\t\t<div class=\"elementor-spacer\">\n\t\t\t<div class=\"elementor-spacer-inner\"><\/div>\n\t\t<\/div>\n\t\t\t\t\t\t<\/div>\n\t\t\t\t<\/div>\n\t\t\t\t\t<\/div>\n\t\t\t\t<\/div>\n\t\t<div class=\"elementor-element elementor-element-0dedec8 e-flex e-con-boxed e-con e-parent\" data-id=\"0dedec8\" data-element_type=\"container\" data-e-type=\"container\">\n\t\t\t\t\t<div class=\"e-con-inner\">\n\t\t\t\t<div class=\"elementor-element elementor-element-eaf7be0 elementor-invisible elementor-widget elementor-widget-heading\" data-id=\"eaf7be0\" data-element_type=\"widget\" data-e-type=\"widget\" data-settings=\"{&quot;_animation&quot;:&quot;zoomIn&quot;}\" data-widget_type=\"heading.default\">\n\t\t\t\t<div class=\"elementor-widget-container\">\n\t\t\t\t\t<h2 class=\"elementor-heading-title elementor-size-default\">SM IT Solutions es su socio de confianza en soporte de IT, aportando a\u00f1os de experiencia y un compromiso con la excelencia en cada soluci\u00f3n que ofrecemos. Perm\u00edtanos encargarnos de sus desaf\u00edos tecnol\u00f3gicos para que usted pueda enfocarse en hacer crecer su negocio. <\/h2>\t\t\t\t<\/div>\n\t\t\t\t<\/div>\n\t\t\t\t\t<\/div>\n\t\t\t\t<\/div>\n\t\t<div class=\"elementor-element elementor-element-fde445c e-flex e-con-boxed e-con e-parent\" data-id=\"fde445c\" data-element_type=\"container\" data-e-type=\"container\">\n\t\t\t\t\t<div class=\"e-con-inner\">\n\t\t\t\t<div class=\"elementor-element elementor-element-edaa75f elementor-widget elementor-widget-spacer\" data-id=\"edaa75f\" data-element_type=\"widget\" data-e-type=\"widget\" data-widget_type=\"spacer.default\">\n\t\t\t\t<div class=\"elementor-widget-container\">\n\t\t\t\t\t\t\t<div class=\"elementor-spacer\">\n\t\t\t<div class=\"elementor-spacer-inner\"><\/div>\n\t\t<\/div>\n\t\t\t\t\t\t<\/div>\n\t\t\t\t<\/div>\n\t\t\t\t\t<\/div>\n\t\t\t\t<\/div>\n\t\t\t\t<\/div>","protected":false},"excerpt":{"rendered":"<p>We guarantee quality, reliable, and efficient solutions for our clients SM IT Solutions was founded in 2023 with a clear mission: to provide businesses with top-tier IT Support services. Despite being a young company, our team brings over 15 years of combined experience in the IT industry. We specialize in a wide range of IT [&hellip;]<\/p>\n","protected":false},"author":1,"featured_media":0,"parent":0,"menu_order":0,"comment_status":"closed","ping_status":"closed","template":"elementor_header_footer","meta":{"footnotes":""},"class_list":["post-1527","page","type-page","status-publish","hentry"],"_links":{"self":[{"href":"https:\/\/sm-itsolutions.com\/es\/wp-json\/wp\/v2\/pages\/1527","targetHints":{"allow":["GET"]}}],"collection":[{"href":"https:\/\/sm-itsolutions.com\/es\/wp-json\/wp\/v2\/pages"}],"about":[{"href":"https:\/\/sm-itsolutions.com\/es\/wp-json\/wp\/v2\/types\/page"}],"author":[{"embeddable":true,"href":"https:\/\/sm-itsolutions.com\/es\/wp-json\/wp\/v2\/users\/1"}],"replies":[{"embeddable":true,"href":"https:\/\/sm-itsolutions.com\/es\/wp-json\/wp\/v2\/comments?post=1527"}],"version-history":[{"count":97,"href":"https:\/\/sm-itsolutions.com\/es\/wp-json\/wp\/v2\/pages\/1527\/revisions"}],"predecessor-version":[{"id":1856,"href":"https:\/\/sm-itsolutions.com\/es\/wp-json\/wp\/v2\/pages\/1527\/revisions\/1856"}],"wp:attachment":[{"href":"https:\/\/sm-itsolutions.com\/es\/wp-json\/wp\/v2\/media?parent=1527"}],"curies":[{"name":"wp","href":"https:\/\/api.w.org\/{rel}","templated":true}]}}