{"id":1076,"date":"2025-02-11T22:46:35","date_gmt":"2025-02-11T22:46:35","guid":{"rendered":"https:\/\/sm-itsolutions.com\/?page_id=1076"},"modified":"2025-08-13T01:37:46","modified_gmt":"2025-08-13T01:37:46","slug":"consulting-services","status":"publish","type":"page","link":"https:\/\/sm-itsolutions.com\/es\/consulting-services\/","title":{"rendered":"Servicios de consultor\u00eda"},"content":{"rendered":"<div data-elementor-type=\"wp-page\" data-elementor-id=\"1076\" class=\"elementor elementor-1076\">\n\t\t\t\t<div class=\"elementor-element elementor-element-7028a7d e-flex e-con-boxed e-con e-parent\" data-id=\"7028a7d\" data-element_type=\"container\" data-e-type=\"container\">\n\t\t\t\t\t<div class=\"e-con-inner\">\n\t\t\t\t<div class=\"elementor-element elementor-element-5e6a64b elementor-widget elementor-widget-shortcode\" data-id=\"5e6a64b\" data-element_type=\"widget\" data-e-type=\"widget\" data-widget_type=\"shortcode.default\">\n\t\t\t\t<div class=\"elementor-widget-container\">\n\t\t\t\t\t\t\t<div class=\"elementor-shortcode\"><\/div>\n\t\t\t\t\t\t<\/div>\n\t\t\t\t<\/div>\n\t\t\t\t\t<\/div>\n\t\t\t\t<\/div>\n\t\t<div class=\"elementor-element elementor-element-a4b0ae7 e-flex e-con-boxed e-con e-parent\" data-id=\"a4b0ae7\" data-element_type=\"container\" data-e-type=\"container\">\n\t\t\t\t\t<div class=\"e-con-inner\">\n\t\t\t\t<div class=\"elementor-element elementor-element-bca06c5 elementor-widget elementor-widget-spacer\" data-id=\"bca06c5\" data-element_type=\"widget\" data-e-type=\"widget\" data-widget_type=\"spacer.default\">\n\t\t\t\t<div class=\"elementor-widget-container\">\n\t\t\t\t\t\t\t<div class=\"elementor-spacer\">\n\t\t\t<div class=\"elementor-spacer-inner\"><\/div>\n\t\t<\/div>\n\t\t\t\t\t\t<\/div>\n\t\t\t\t<\/div>\n\t\t\t\t\t<\/div>\n\t\t\t\t<\/div>\n\t\t<div class=\"elementor-element elementor-element-7b82df6 e-flex e-con-boxed e-con e-parent\" data-id=\"7b82df6\" data-element_type=\"container\" data-e-type=\"container\">\n\t\t\t\t\t<div class=\"e-con-inner\">\n\t\t\t\t<div class=\"elementor-element elementor-element-bdb3337 elementor-widget elementor-widget-text-editor\" data-id=\"bdb3337\" data-element_type=\"widget\" data-e-type=\"widget\" data-widget_type=\"text-editor.default\">\n\t\t\t\t<div class=\"elementor-widget-container\">\n\t\t\t\t\t\t\t\t\t<p><strong>SM IT Solutions<\/strong> ofrece soluciones personalizadas de <strong>Servicios de consultor\u00eda<\/strong> para ayudar a las empresas a optimizar sus procesos tecnol\u00f3gicos, mejorar la infraestructura y alcanzar sus objetivos estrat\u00e9gicos. Nuestros servicios incluyen:<\/p>\t\t\t\t\t\t\t\t<\/div>\n\t\t\t\t<\/div>\n\t\t\t\t\t<\/div>\n\t\t\t\t<\/div>\n\t\t<div class=\"elementor-element elementor-element-431ac30 e-flex e-con-boxed e-con e-parent\" data-id=\"431ac30\" data-element_type=\"container\" data-e-type=\"container\">\n\t\t\t\t\t<div class=\"e-con-inner\">\n\t\t\t\t<div class=\"elementor-element elementor-element-b8ecd8c elementor-widget elementor-widget-spacer\" data-id=\"b8ecd8c\" data-element_type=\"widget\" data-e-type=\"widget\" data-widget_type=\"spacer.default\">\n\t\t\t\t<div class=\"elementor-widget-container\">\n\t\t\t\t\t\t\t<div class=\"elementor-spacer\">\n\t\t\t<div class=\"elementor-spacer-inner\"><\/div>\n\t\t<\/div>\n\t\t\t\t\t\t<\/div>\n\t\t\t\t<\/div>\n\t\t\t\t\t<\/div>\n\t\t\t\t<\/div>\n\t\t<div class=\"elementor-element elementor-element-e566ef3 e-flex e-con-boxed e-con e-parent\" data-id=\"e566ef3\" data-element_type=\"container\" data-e-type=\"container\" data-settings=\"{&quot;background_background&quot;:&quot;classic&quot;}\">\n\t\t\t\t\t<div class=\"e-con-inner\">\n\t\t<div class=\"elementor-element elementor-element-7a80824 e-con-full e-flex e-con e-child\" data-id=\"7a80824\" data-element_type=\"container\" data-e-type=\"container\">\n\t\t\t\t<div class=\"elementor-element elementor-element-7238a1f elementor-position-top elementor-widget elementor-widget-image-box\" data-id=\"7238a1f\" data-element_type=\"widget\" data-e-type=\"widget\" data-widget_type=\"image-box.default\">\n\t\t\t\t<div class=\"elementor-widget-container\">\n\t\t\t\t\t<div class=\"elementor-image-box-wrapper\"><figure class=\"elementor-image-box-img\"><img fetchpriority=\"high\" decoding=\"async\" width=\"576\" height=\"576\" src=\"https:\/\/sm-itsolutions.com\/wp-content\/uploads\/2025\/02\/Digital-Transformation-Consulting.png\" class=\"attachment-full size-full wp-image-1495\" alt=\"\" srcset=\"https:\/\/sm-itsolutions.com\/wp-content\/uploads\/2025\/02\/Digital-Transformation-Consulting.png 576w, https:\/\/sm-itsolutions.com\/wp-content\/uploads\/2025\/02\/Digital-Transformation-Consulting-300x300.png 300w, https:\/\/sm-itsolutions.com\/wp-content\/uploads\/2025\/02\/Digital-Transformation-Consulting-150x150.png 150w, https:\/\/sm-itsolutions.com\/wp-content\/uploads\/2025\/02\/Digital-Transformation-Consulting-12x12.png 12w\" sizes=\"(max-width: 576px) 100vw, 576px\" \/><\/figure><div class=\"elementor-image-box-content\"><h3 class=\"elementor-image-box-title\">1. Consultor\u00eda en transformaci\u00f3n digital<\/h3><p class=\"elementor-image-box-description\">Ayudamos a las empresas a adoptar y optimizar soluciones tecnol\u00f3gicas avanzadas, impulsando su transici\u00f3n hacia entornos digitales m\u00e1s eficientes y competitivos.<\/p><\/div><\/div>\t\t\t\t<\/div>\n\t\t\t\t<\/div>\n\t\t\t\t<\/div>\n\t\t<div class=\"elementor-element elementor-element-a356087 e-con-full e-flex e-con e-child\" data-id=\"a356087\" data-element_type=\"container\" data-e-type=\"container\">\n\t\t\t\t<div class=\"elementor-element elementor-element-4fb5bd1 elementor-position-top elementor-widget elementor-widget-image-box\" data-id=\"4fb5bd1\" data-element_type=\"widget\" data-e-type=\"widget\" data-widget_type=\"image-box.default\">\n\t\t\t\t<div class=\"elementor-widget-container\">\n\t\t\t\t\t<div class=\"elementor-image-box-wrapper\"><figure class=\"elementor-image-box-img\"><img decoding=\"async\" width=\"576\" height=\"576\" src=\"https:\/\/sm-itsolutions.com\/wp-content\/uploads\/2025\/02\/IT-Strategy.png\" class=\"attachment-full size-full wp-image-1496\" alt=\"\" srcset=\"https:\/\/sm-itsolutions.com\/wp-content\/uploads\/2025\/02\/IT-Strategy.png 576w, https:\/\/sm-itsolutions.com\/wp-content\/uploads\/2025\/02\/IT-Strategy-300x300.png 300w, https:\/\/sm-itsolutions.com\/wp-content\/uploads\/2025\/02\/IT-Strategy-150x150.png 150w, https:\/\/sm-itsolutions.com\/wp-content\/uploads\/2025\/02\/IT-Strategy-12x12.png 12w\" sizes=\"(max-width: 576px) 100vw, 576px\" \/><\/figure><div class=\"elementor-image-box-content\"><h3 class=\"elementor-image-box-title\">2.Estrategia de IT<\/h3><p class=\"elementor-image-box-description\"><br>Brindamos asesor\u00eda estrat\u00e9gica para alinear la infraestructura y soluciones de IT con los objetivos del negocio, asegurando que las decisiones tecnol\u00f3gicas impulsen el crecimiento y la innovaci\u00f3n.<\/p><\/div><\/div>\t\t\t\t<\/div>\n\t\t\t\t<\/div>\n\t\t\t\t<\/div>\n\t\t<div class=\"elementor-element elementor-element-21f7dff e-con-full e-flex e-con e-child\" data-id=\"21f7dff\" data-element_type=\"container\" data-e-type=\"container\">\n\t\t\t\t<div class=\"elementor-element elementor-element-c054452 elementor-position-top elementor-widget elementor-widget-image-box\" data-id=\"c054452\" data-element_type=\"widget\" data-e-type=\"widget\" data-widget_type=\"image-box.default\">\n\t\t\t\t<div class=\"elementor-widget-container\">\n\t\t\t\t\t<div class=\"elementor-image-box-wrapper\"><figure class=\"elementor-image-box-img\"><img decoding=\"async\" width=\"576\" height=\"576\" src=\"https:\/\/sm-itsolutions.com\/wp-content\/uploads\/2025\/02\/Process-Optimization.png\" class=\"attachment-full size-full wp-image-1497\" alt=\"\" srcset=\"https:\/\/sm-itsolutions.com\/wp-content\/uploads\/2025\/02\/Process-Optimization.png 576w, https:\/\/sm-itsolutions.com\/wp-content\/uploads\/2025\/02\/Process-Optimization-300x300.png 300w, https:\/\/sm-itsolutions.com\/wp-content\/uploads\/2025\/02\/Process-Optimization-150x150.png 150w, https:\/\/sm-itsolutions.com\/wp-content\/uploads\/2025\/02\/Process-Optimization-12x12.png 12w\" sizes=\"(max-width: 576px) 100vw, 576px\" \/><\/figure><div class=\"elementor-image-box-content\"><h3 class=\"elementor-image-box-title\">3. Gesti\u00f3n de proyectos de IT<\/h3><p class=\"elementor-image-box-description\"><br>Ayudamos a planificar, ejecutar y supervisar proyectos tecnol\u00f3gicos, asegurando que se completen a tiempo, dentro del presupuesto y con las especificaciones requeridas.<\/p><\/div><\/div>\t\t\t\t<\/div>\n\t\t\t\t<\/div>\n\t\t\t\t<\/div>\n\t\t\t\t\t<\/div>\n\t\t\t\t<\/div>\n\t\t<div class=\"elementor-element elementor-element-b6f2d64 e-flex e-con-boxed e-con e-parent\" data-id=\"b6f2d64\" data-element_type=\"container\" data-e-type=\"container\">\n\t\t\t\t\t<div class=\"e-con-inner\">\n\t\t\t\t<div class=\"elementor-element elementor-element-5d542b9 elementor-widget elementor-widget-spacer\" data-id=\"5d542b9\" data-element_type=\"widget\" data-e-type=\"widget\" data-widget_type=\"spacer.default\">\n\t\t\t\t<div class=\"elementor-widget-container\">\n\t\t\t\t\t\t\t<div class=\"elementor-spacer\">\n\t\t\t<div class=\"elementor-spacer-inner\"><\/div>\n\t\t<\/div>\n\t\t\t\t\t\t<\/div>\n\t\t\t\t<\/div>\n\t\t\t\t\t<\/div>\n\t\t\t\t<\/div>\n\t\t<div class=\"elementor-element elementor-element-e05bb93 e-flex e-con-boxed e-con e-parent\" data-id=\"e05bb93\" data-element_type=\"container\" data-e-type=\"container\" data-settings=\"{&quot;background_background&quot;:&quot;classic&quot;}\">\n\t\t\t\t\t<div class=\"e-con-inner\">\n\t\t<div class=\"elementor-element elementor-element-28fee52 e-con-full e-flex e-con e-child\" data-id=\"28fee52\" data-element_type=\"container\" data-e-type=\"container\">\n\t\t\t\t<div class=\"elementor-element elementor-element-40ac75b elementor-position-top elementor-widget elementor-widget-image-box\" data-id=\"40ac75b\" data-element_type=\"widget\" data-e-type=\"widget\" data-widget_type=\"image-box.default\">\n\t\t\t\t<div class=\"elementor-widget-container\">\n\t\t\t\t\t<div class=\"elementor-image-box-wrapper\"><figure class=\"elementor-image-box-img\"><img loading=\"lazy\" decoding=\"async\" width=\"576\" height=\"576\" src=\"https:\/\/sm-itsolutions.com\/wp-content\/uploads\/2025\/02\/Process-Optimization2.png\" class=\"attachment-full size-full wp-image-1503\" alt=\"\" srcset=\"https:\/\/sm-itsolutions.com\/wp-content\/uploads\/2025\/02\/Process-Optimization2.png 576w, https:\/\/sm-itsolutions.com\/wp-content\/uploads\/2025\/02\/Process-Optimization2-300x300.png 300w, https:\/\/sm-itsolutions.com\/wp-content\/uploads\/2025\/02\/Process-Optimization2-150x150.png 150w, https:\/\/sm-itsolutions.com\/wp-content\/uploads\/2025\/02\/Process-Optimization2-12x12.png 12w\" sizes=\"(max-width: 576px) 100vw, 576px\" \/><\/figure><div class=\"elementor-image-box-content\"><h3 class=\"elementor-image-box-title\">4. Optimizaci\u00f3n de procesos<\/h3><p class=\"elementor-image-box-description\"><br>Identificamos \u00e1reas de mejora en los procesos operativos de su empresa, proponiendo soluciones tecnol\u00f3gicas que aumentan la eficiencia y reducen costos.<\/p><\/div><\/div>\t\t\t\t<\/div>\n\t\t\t\t<\/div>\n\t\t\t\t<\/div>\n\t\t<div class=\"elementor-element elementor-element-bbd31ee e-con-full e-flex e-con e-child\" data-id=\"bbd31ee\" data-element_type=\"container\" data-e-type=\"container\">\n\t\t\t\t<div class=\"elementor-element elementor-element-acf93dd elementor-position-top elementor-widget elementor-widget-image-box\" data-id=\"acf93dd\" data-element_type=\"widget\" data-e-type=\"widget\" data-widget_type=\"image-box.default\">\n\t\t\t\t<div class=\"elementor-widget-container\">\n\t\t\t\t\t<div class=\"elementor-image-box-wrapper\"><figure class=\"elementor-image-box-img\"><img loading=\"lazy\" decoding=\"async\" width=\"576\" height=\"576\" src=\"https:\/\/sm-itsolutions.com\/wp-content\/uploads\/2025\/02\/Cybersecurity-Consulting.png\" class=\"attachment-full size-full wp-image-1502\" alt=\"\" srcset=\"https:\/\/sm-itsolutions.com\/wp-content\/uploads\/2025\/02\/Cybersecurity-Consulting.png 576w, https:\/\/sm-itsolutions.com\/wp-content\/uploads\/2025\/02\/Cybersecurity-Consulting-300x300.png 300w, https:\/\/sm-itsolutions.com\/wp-content\/uploads\/2025\/02\/Cybersecurity-Consulting-150x150.png 150w, https:\/\/sm-itsolutions.com\/wp-content\/uploads\/2025\/02\/Cybersecurity-Consulting-12x12.png 12w\" sizes=\"(max-width: 576px) 100vw, 576px\" \/><\/figure><div class=\"elementor-image-box-content\"><h3 class=\"elementor-image-box-title\">5. Consultor\u00eda en ciberseguridad<\/h3><p class=\"elementor-image-box-description\"><br>Ofrecemos asesor\u00eda experta para desarrollar estrategias de ciberseguridad, protegiendo su infraestructura contra amenazas y asegurando el cumplimiento de normativas de seguridad.<\/p><\/div><\/div>\t\t\t\t<\/div>\n\t\t\t\t<\/div>\n\t\t\t\t<\/div>\n\t\t<div class=\"elementor-element elementor-element-28a2037 e-con-full e-flex e-con e-child\" data-id=\"28a2037\" data-element_type=\"container\" data-e-type=\"container\">\n\t\t\t\t<div class=\"elementor-element elementor-element-b63f0eb elementor-position-top elementor-widget elementor-widget-image-box\" data-id=\"b63f0eb\" data-element_type=\"widget\" data-e-type=\"widget\" data-widget_type=\"image-box.default\">\n\t\t\t\t<div class=\"elementor-widget-container\">\n\t\t\t\t\t<div class=\"elementor-image-box-wrapper\"><figure class=\"elementor-image-box-img\"><img loading=\"lazy\" decoding=\"async\" width=\"576\" height=\"576\" src=\"https:\/\/sm-itsolutions.com\/wp-content\/uploads\/2025\/02\/IT-Infrastructure-Assessment.png\" class=\"attachment-full size-full wp-image-1504\" alt=\"\" srcset=\"https:\/\/sm-itsolutions.com\/wp-content\/uploads\/2025\/02\/IT-Infrastructure-Assessment.png 576w, https:\/\/sm-itsolutions.com\/wp-content\/uploads\/2025\/02\/IT-Infrastructure-Assessment-300x300.png 300w, https:\/\/sm-itsolutions.com\/wp-content\/uploads\/2025\/02\/IT-Infrastructure-Assessment-150x150.png 150w, https:\/\/sm-itsolutions.com\/wp-content\/uploads\/2025\/02\/IT-Infrastructure-Assessment-12x12.png 12w\" sizes=\"(max-width: 576px) 100vw, 576px\" \/><\/figure><div class=\"elementor-image-box-content\"><h3 class=\"elementor-image-box-title\">6. Evaluaci\u00f3n de infraestructura de IT<\/h3><p class=\"elementor-image-box-description\">Realizamos auditor\u00edas tecnol\u00f3gicas para evaluar la efectividad y eficiencia de su infraestructura de TI, proporcionando recomendaciones para optimizar el rendimiento y la seguridad.<\/p><\/div><\/div>\t\t\t\t<\/div>\n\t\t\t\t<\/div>\n\t\t\t\t<\/div>\n\t\t\t\t\t<\/div>\n\t\t\t\t<\/div>\n\t\t<div class=\"elementor-element elementor-element-c89c4e7 e-flex e-con-boxed e-con e-parent\" data-id=\"c89c4e7\" data-element_type=\"container\" data-e-type=\"container\">\n\t\t\t\t\t<div class=\"e-con-inner\">\n\t\t\t\t<div class=\"elementor-element elementor-element-05f40c0 elementor-widget elementor-widget-spacer\" data-id=\"05f40c0\" data-element_type=\"widget\" data-e-type=\"widget\" data-widget_type=\"spacer.default\">\n\t\t\t\t<div class=\"elementor-widget-container\">\n\t\t\t\t\t\t\t<div class=\"elementor-spacer\">\n\t\t\t<div class=\"elementor-spacer-inner\"><\/div>\n\t\t<\/div>\n\t\t\t\t\t\t<\/div>\n\t\t\t\t<\/div>\n\t\t\t\t\t<\/div>\n\t\t\t\t<\/div>\n\t\t<div class=\"elementor-element elementor-element-1c0027a e-flex e-con-boxed e-con e-parent\" data-id=\"1c0027a\" data-element_type=\"container\" data-e-type=\"container\" data-settings=\"{&quot;background_background&quot;:&quot;classic&quot;}\">\n\t\t\t\t\t<div class=\"e-con-inner\">\n\t\t<div class=\"elementor-element elementor-element-e644f9f e-con-full e-flex e-con e-child\" data-id=\"e644f9f\" data-element_type=\"container\" data-e-type=\"container\">\n\t\t\t\t<div class=\"elementor-element elementor-element-b722678 elementor-position-top elementor-widget elementor-widget-image-box\" data-id=\"b722678\" data-element_type=\"widget\" data-e-type=\"widget\" data-widget_type=\"image-box.default\">\n\t\t\t\t<div class=\"elementor-widget-container\">\n\t\t\t\t\t<div class=\"elementor-image-box-wrapper\"><figure class=\"elementor-image-box-img\"><img loading=\"lazy\" decoding=\"async\" width=\"576\" height=\"576\" src=\"https:\/\/sm-itsolutions.com\/wp-content\/uploads\/2025\/02\/Cloud-Planning-Consulting.png\" class=\"attachment-full size-full wp-image-1509\" alt=\"\" srcset=\"https:\/\/sm-itsolutions.com\/wp-content\/uploads\/2025\/02\/Cloud-Planning-Consulting.png 576w, https:\/\/sm-itsolutions.com\/wp-content\/uploads\/2025\/02\/Cloud-Planning-Consulting-300x300.png 300w, https:\/\/sm-itsolutions.com\/wp-content\/uploads\/2025\/02\/Cloud-Planning-Consulting-150x150.png 150w, https:\/\/sm-itsolutions.com\/wp-content\/uploads\/2025\/02\/Cloud-Planning-Consulting-12x12.png 12w\" sizes=\"(max-width: 576px) 100vw, 576px\" \/><\/figure><div class=\"elementor-image-box-content\"><h3 class=\"elementor-image-box-title\">7. Consultor\u00eda en planificaci\u00f3n de la nube<\/h3><p class=\"elementor-image-box-description\">Asesoramos en la adopci\u00f3n y optimizaci\u00f3n de soluciones en la nube, ayudando a su empresa a realizar la transici\u00f3n a entornos virtuales de manera segura y eficiente.<\/p><\/div><\/div>\t\t\t\t<\/div>\n\t\t\t\t<\/div>\n\t\t\t\t<\/div>\n\t\t<div class=\"elementor-element elementor-element-fbc6d20 e-con-full e-flex e-con e-child\" data-id=\"fbc6d20\" data-element_type=\"container\" data-e-type=\"container\">\n\t\t\t\t<div class=\"elementor-element elementor-element-3459991 elementor-position-top elementor-widget elementor-widget-image-box\" data-id=\"3459991\" data-element_type=\"widget\" data-e-type=\"widget\" data-widget_type=\"image-box.default\">\n\t\t\t\t<div class=\"elementor-widget-container\">\n\t\t\t\t\t<div class=\"elementor-image-box-wrapper\"><figure class=\"elementor-image-box-img\"><img loading=\"lazy\" decoding=\"async\" width=\"576\" height=\"576\" src=\"https:\/\/sm-itsolutions.com\/wp-content\/uploads\/2025\/02\/Technology-Innovation-Consulting.png\" class=\"attachment-full size-full wp-image-1510\" alt=\"\" srcset=\"https:\/\/sm-itsolutions.com\/wp-content\/uploads\/2025\/02\/Technology-Innovation-Consulting.png 576w, https:\/\/sm-itsolutions.com\/wp-content\/uploads\/2025\/02\/Technology-Innovation-Consulting-300x300.png 300w, https:\/\/sm-itsolutions.com\/wp-content\/uploads\/2025\/02\/Technology-Innovation-Consulting-150x150.png 150w, https:\/\/sm-itsolutions.com\/wp-content\/uploads\/2025\/02\/Technology-Innovation-Consulting-12x12.png 12w\" sizes=\"(max-width: 576px) 100vw, 576px\" \/><\/figure><div class=\"elementor-image-box-content\"><h3 class=\"elementor-image-box-title\">8. Consultor\u00eda en innovaci\u00f3n tecnol\u00f3gica<\/h3><p class=\"elementor-image-box-description\">Identificamos nuevas oportunidades tecnol\u00f3gicas para su empresa, ayudando a implementar soluciones innovadoras que brindan ventajas competitivas en el mercado.<\/p><\/div><\/div>\t\t\t\t<\/div>\n\t\t\t\t<\/div>\n\t\t\t\t<\/div>\n\t\t<div class=\"elementor-element elementor-element-3c87d04 e-con-full e-flex e-con e-child\" data-id=\"3c87d04\" data-element_type=\"container\" data-e-type=\"container\">\n\t\t\t\t<div class=\"elementor-element elementor-element-d9da89a elementor-position-top elementor-widget elementor-widget-image-box\" data-id=\"d9da89a\" data-element_type=\"widget\" data-e-type=\"widget\" data-widget_type=\"image-box.default\">\n\t\t\t\t<div class=\"elementor-widget-container\">\n\t\t\t\t\t<div class=\"elementor-image-box-wrapper\"><figure class=\"elementor-image-box-img\"><img loading=\"lazy\" decoding=\"async\" width=\"576\" height=\"576\" src=\"https:\/\/sm-itsolutions.com\/wp-content\/uploads\/2025\/02\/Change-Management-Consulting.png\" class=\"attachment-full size-full wp-image-1516\" alt=\"\" srcset=\"https:\/\/sm-itsolutions.com\/wp-content\/uploads\/2025\/02\/Change-Management-Consulting.png 576w, https:\/\/sm-itsolutions.com\/wp-content\/uploads\/2025\/02\/Change-Management-Consulting-300x300.png 300w, https:\/\/sm-itsolutions.com\/wp-content\/uploads\/2025\/02\/Change-Management-Consulting-150x150.png 150w, https:\/\/sm-itsolutions.com\/wp-content\/uploads\/2025\/02\/Change-Management-Consulting-12x12.png 12w\" sizes=\"(max-width: 576px) 100vw, 576px\" \/><\/figure><div class=\"elementor-image-box-content\"><h3 class=\"elementor-image-box-title\">9. Change Management Consulting<\/h3><p class=\"elementor-image-box-description\">Ayudamos a las empresas a gestionar el cambio tecnol\u00f3gico, asegurando que los equipos se adapten exitosamente a nuevas herramientas y procesos sin afectar la productividad.<\/p><\/div><\/div>\t\t\t\t<\/div>\n\t\t\t\t<\/div>\n\t\t\t\t<\/div>\n\t\t\t\t\t<\/div>\n\t\t\t\t<\/div>\n\t\t<div class=\"elementor-element elementor-element-21d79c6 e-flex e-con-boxed e-con e-parent\" data-id=\"21d79c6\" data-element_type=\"container\" data-e-type=\"container\">\n\t\t\t\t\t<div class=\"e-con-inner\">\n\t\t\t\t<div class=\"elementor-element elementor-element-3a92a83 elementor-widget elementor-widget-spacer\" data-id=\"3a92a83\" data-element_type=\"widget\" data-e-type=\"widget\" data-widget_type=\"spacer.default\">\n\t\t\t\t<div class=\"elementor-widget-container\">\n\t\t\t\t\t\t\t<div class=\"elementor-spacer\">\n\t\t\t<div class=\"elementor-spacer-inner\"><\/div>\n\t\t<\/div>\n\t\t\t\t\t\t<\/div>\n\t\t\t\t<\/div>\n\t\t\t\t\t<\/div>\n\t\t\t\t<\/div>\n\t\t<div class=\"elementor-element elementor-element-d3623fd e-flex e-con-boxed e-con e-parent\" data-id=\"d3623fd\" data-element_type=\"container\" data-e-type=\"container\" data-settings=\"{&quot;background_background&quot;:&quot;classic&quot;}\">\n\t\t\t\t\t<div class=\"e-con-inner\">\n\t\t<div class=\"elementor-element elementor-element-b3ac00b e-con-full e-flex e-con e-child\" data-id=\"b3ac00b\" data-element_type=\"container\" data-e-type=\"container\">\n\t\t\t\t<\/div>\n\t\t<div class=\"elementor-element elementor-element-443a284 e-con-full e-flex e-con e-child\" data-id=\"443a284\" data-element_type=\"container\" data-e-type=\"container\">\n\t\t\t\t<div class=\"elementor-element elementor-element-2fc6dcc elementor-position-top elementor-widget elementor-widget-image-box\" data-id=\"2fc6dcc\" data-element_type=\"widget\" data-e-type=\"widget\" data-widget_type=\"image-box.default\">\n\t\t\t\t<div class=\"elementor-widget-container\">\n\t\t\t\t\t<div class=\"elementor-image-box-wrapper\"><figure class=\"elementor-image-box-img\"><img loading=\"lazy\" decoding=\"async\" width=\"576\" height=\"576\" src=\"https:\/\/sm-itsolutions.com\/wp-content\/uploads\/2025\/02\/Training-and-Development.png\" class=\"attachment-full size-full wp-image-1511\" alt=\"\" srcset=\"https:\/\/sm-itsolutions.com\/wp-content\/uploads\/2025\/02\/Training-and-Development.png 576w, https:\/\/sm-itsolutions.com\/wp-content\/uploads\/2025\/02\/Training-and-Development-300x300.png 300w, https:\/\/sm-itsolutions.com\/wp-content\/uploads\/2025\/02\/Training-and-Development-150x150.png 150w, https:\/\/sm-itsolutions.com\/wp-content\/uploads\/2025\/02\/Training-and-Development-12x12.png 12w\" sizes=\"(max-width: 576px) 100vw, 576px\" \/><\/figure><div class=\"elementor-image-box-content\"><h3 class=\"elementor-image-box-title\">10. Capacitaci\u00f3n y desarrollo<\/h3><p class=\"elementor-image-box-description\">Ofrecemos capacitaci\u00f3n especializada en diversas tecnolog\u00edas y herramientas de TI, asegurando que su equipo est\u00e9 preparado para enfrentar los desaf\u00edos tecnol\u00f3gicos.<\/p><\/div><\/div>\t\t\t\t<\/div>\n\t\t\t\t<\/div>\n\t\t\t\t<\/div>\n\t\t<div class=\"elementor-element elementor-element-732d5b0 e-con-full e-flex e-con e-child\" data-id=\"732d5b0\" data-element_type=\"container\" data-e-type=\"container\">\n\t\t\t\t<\/div>\n\t\t\t\t\t<\/div>\n\t\t\t\t<\/div>\n\t\t<div class=\"elementor-element elementor-element-8103953 e-flex e-con-boxed e-con e-parent\" data-id=\"8103953\" data-element_type=\"container\" data-e-type=\"container\">\n\t\t\t\t\t<div class=\"e-con-inner\">\n\t\t\t\t<div class=\"elementor-element elementor-element-ad25cf9 elementor-widget elementor-widget-spacer\" data-id=\"ad25cf9\" data-element_type=\"widget\" data-e-type=\"widget\" data-widget_type=\"spacer.default\">\n\t\t\t\t<div class=\"elementor-widget-container\">\n\t\t\t\t\t\t\t<div class=\"elementor-spacer\">\n\t\t\t<div class=\"elementor-spacer-inner\"><\/div>\n\t\t<\/div>\n\t\t\t\t\t\t<\/div>\n\t\t\t\t<\/div>\n\t\t\t\t\t<\/div>\n\t\t\t\t<\/div>\n\t\t<div class=\"elementor-element elementor-element-b1318bf e-flex e-con-boxed e-con e-parent\" data-id=\"b1318bf\" data-element_type=\"container\" data-e-type=\"container\">\n\t\t\t\t\t<div class=\"e-con-inner\">\n\t\t\t\t<div class=\"elementor-element elementor-element-4d2667b elementor-widget elementor-widget-text-editor\" data-id=\"4d2667b\" data-element_type=\"widget\" data-e-type=\"widget\" data-widget_type=\"text-editor.default\">\n\t\t\t\t<div class=\"elementor-widget-container\">\n\t\t\t\t\t\t\t\t\t<p>Con nuestros <strong>Servicios de consultor\u00eda<\/strong>, ayudamos a su empresa a tomar decisiones tecnol\u00f3gicas informadas, optimizar operaciones y maximizar el rendimiento a largo plazo.<\/p>\t\t\t\t\t\t\t\t<\/div>\n\t\t\t\t<\/div>\n\t\t\t\t\t<\/div>\n\t\t\t\t<\/div>\n\t\t<div class=\"elementor-element elementor-element-733a8a3 e-flex e-con-boxed e-con e-parent\" data-id=\"733a8a3\" data-element_type=\"container\" data-e-type=\"container\">\n\t\t\t\t\t<div class=\"e-con-inner\">\n\t\t\t\t<div class=\"elementor-element elementor-element-66863df elementor-widget elementor-widget-spacer\" data-id=\"66863df\" data-element_type=\"widget\" data-e-type=\"widget\" data-widget_type=\"spacer.default\">\n\t\t\t\t<div class=\"elementor-widget-container\">\n\t\t\t\t\t\t\t<div class=\"elementor-spacer\">\n\t\t\t<div class=\"elementor-spacer-inner\"><\/div>\n\t\t<\/div>\n\t\t\t\t\t\t<\/div>\n\t\t\t\t<\/div>\n\t\t\t\t\t<\/div>\n\t\t\t\t<\/div>\n\t\t\t\t<\/div>","protected":false},"excerpt":{"rendered":"<p>SM IT Solutions offers tailored Consulting Services to help businesses optimize their technology processes, improve infrastructure, and achieve strategic goals. Our services include: 1. Digital Transformation Consulting We assist businesses in adopting and optimizing advanced technological solutions, driving their transition to more efficient and competitive digital environments. 2. IT Strategy We provide strategic advice to [&hellip;]<\/p>\n","protected":false},"author":1,"featured_media":0,"parent":0,"menu_order":0,"comment_status":"closed","ping_status":"closed","template":"","meta":{"footnotes":""},"class_list":["post-1076","page","type-page","status-publish","hentry"],"_links":{"self":[{"href":"https:\/\/sm-itsolutions.com\/es\/wp-json\/wp\/v2\/pages\/1076","targetHints":{"allow":["GET"]}}],"collection":[{"href":"https:\/\/sm-itsolutions.com\/es\/wp-json\/wp\/v2\/pages"}],"about":[{"href":"https:\/\/sm-itsolutions.com\/es\/wp-json\/wp\/v2\/types\/page"}],"author":[{"embeddable":true,"href":"https:\/\/sm-itsolutions.com\/es\/wp-json\/wp\/v2\/users\/1"}],"replies":[{"embeddable":true,"href":"https:\/\/sm-itsolutions.com\/es\/wp-json\/wp\/v2\/comments?post=1076"}],"version-history":[{"count":19,"href":"https:\/\/sm-itsolutions.com\/es\/wp-json\/wp\/v2\/pages\/1076\/revisions"}],"predecessor-version":[{"id":1974,"href":"https:\/\/sm-itsolutions.com\/es\/wp-json\/wp\/v2\/pages\/1076\/revisions\/1974"}],"wp:attachment":[{"href":"https:\/\/sm-itsolutions.com\/es\/wp-json\/wp\/v2\/media?parent=1076"}],"curies":[{"name":"wp","href":"https:\/\/api.w.org\/{rel}","templated":true}]}}