{"id":1075,"date":"2025-02-11T22:46:35","date_gmt":"2025-02-11T22:46:35","guid":{"rendered":"https:\/\/sm-itsolutions.com\/?page_id=1075"},"modified":"2025-08-13T00:42:43","modified_gmt":"2025-08-13T00:42:43","slug":"video-security-systems","status":"publish","type":"page","link":"https:\/\/sm-itsolutions.com\/es\/video-security-systems\/","title":{"rendered":"Sistemas de seguridad por video"},"content":{"rendered":"<div data-elementor-type=\"wp-page\" data-elementor-id=\"1075\" class=\"elementor elementor-1075\">\n\t\t\t\t<div class=\"elementor-element elementor-element-8314947 e-flex e-con-boxed e-con e-parent\" data-id=\"8314947\" data-element_type=\"container\" data-e-type=\"container\">\n\t\t\t\t\t<div class=\"e-con-inner\">\n\t\t\t\t<div class=\"elementor-element elementor-element-6e7bb39 elementor-widget elementor-widget-shortcode\" data-id=\"6e7bb39\" data-element_type=\"widget\" data-e-type=\"widget\" data-widget_type=\"shortcode.default\">\n\t\t\t\t<div class=\"elementor-widget-container\">\n\t\t\t\t\t\t\t<div class=\"elementor-shortcode\"><\/div>\n\t\t\t\t\t\t<\/div>\n\t\t\t\t<\/div>\n\t\t\t\t\t<\/div>\n\t\t\t\t<\/div>\n\t\t<div class=\"elementor-element elementor-element-3eea18a e-flex e-con-boxed e-con e-parent\" data-id=\"3eea18a\" data-element_type=\"container\" data-e-type=\"container\">\n\t\t\t\t\t<div class=\"e-con-inner\">\n\t\t\t\t<div class=\"elementor-element elementor-element-c97a1d3 elementor-widget elementor-widget-spacer\" data-id=\"c97a1d3\" data-element_type=\"widget\" data-e-type=\"widget\" data-widget_type=\"spacer.default\">\n\t\t\t\t<div class=\"elementor-widget-container\">\n\t\t\t\t\t\t\t<div class=\"elementor-spacer\">\n\t\t\t<div class=\"elementor-spacer-inner\"><\/div>\n\t\t<\/div>\n\t\t\t\t\t\t<\/div>\n\t\t\t\t<\/div>\n\t\t\t\t\t<\/div>\n\t\t\t\t<\/div>\n\t\t<div class=\"elementor-element elementor-element-2c8de91 e-flex e-con-boxed e-con e-parent\" data-id=\"2c8de91\" data-element_type=\"container\" data-e-type=\"container\">\n\t\t\t\t\t<div class=\"e-con-inner\">\n\t\t\t\t<div class=\"elementor-element elementor-element-1fe3870 elementor-widget elementor-widget-text-editor\" data-id=\"1fe3870\" data-element_type=\"widget\" data-e-type=\"widget\" data-widget_type=\"text-editor.default\">\n\t\t\t\t<div class=\"elementor-widget-container\">\n\t\t\t\t\t\t\t\t\t<p><strong>SM IT Solutions<\/strong> ofrece <strong>Sistemas de seguridad por video<\/strong> dise\u00f1ados para proteger su propiedad y activos mediante soluciones avanzadas de monitoreo. Nuestros servicios incluyen:<\/p>\t\t\t\t\t\t\t\t<\/div>\n\t\t\t\t<\/div>\n\t\t\t\t\t<\/div>\n\t\t\t\t<\/div>\n\t\t<div class=\"elementor-element elementor-element-40946bd e-flex e-con-boxed e-con e-parent\" data-id=\"40946bd\" data-element_type=\"container\" data-e-type=\"container\">\n\t\t\t\t\t<div class=\"e-con-inner\">\n\t\t\t\t<div class=\"elementor-element elementor-element-e0b4cb0 elementor-widget elementor-widget-spacer\" data-id=\"e0b4cb0\" data-element_type=\"widget\" data-e-type=\"widget\" data-widget_type=\"spacer.default\">\n\t\t\t\t<div class=\"elementor-widget-container\">\n\t\t\t\t\t\t\t<div class=\"elementor-spacer\">\n\t\t\t<div class=\"elementor-spacer-inner\"><\/div>\n\t\t<\/div>\n\t\t\t\t\t\t<\/div>\n\t\t\t\t<\/div>\n\t\t\t\t\t<\/div>\n\t\t\t\t<\/div>\n\t\t<div class=\"elementor-element elementor-element-ee37b64 e-flex e-con-boxed e-con e-parent\" data-id=\"ee37b64\" data-element_type=\"container\" data-e-type=\"container\" data-settings=\"{&quot;background_background&quot;:&quot;classic&quot;}\">\n\t\t\t\t\t<div class=\"e-con-inner\">\n\t\t<div class=\"elementor-element elementor-element-2c696c4 e-con-full e-flex e-con e-child\" data-id=\"2c696c4\" data-element_type=\"container\" data-e-type=\"container\">\n\t\t\t\t<div class=\"elementor-element elementor-element-d02f617 elementor-position-top elementor-widget elementor-widget-image-box\" data-id=\"d02f617\" data-element_type=\"widget\" data-e-type=\"widget\" data-widget_type=\"image-box.default\">\n\t\t\t\t<div class=\"elementor-widget-container\">\n\t\t\t\t\t<div class=\"elementor-image-box-wrapper\"><figure class=\"elementor-image-box-img\"><img fetchpriority=\"high\" decoding=\"async\" width=\"768\" height=\"768\" src=\"https:\/\/sm-itsolutions.com\/wp-content\/uploads\/2025\/02\/Security-Camera-Installation.png\" class=\"attachment-full size-full wp-image-1464\" alt=\"\" srcset=\"https:\/\/sm-itsolutions.com\/wp-content\/uploads\/2025\/02\/Security-Camera-Installation.png 768w, https:\/\/sm-itsolutions.com\/wp-content\/uploads\/2025\/02\/Security-Camera-Installation-300x300.png 300w, https:\/\/sm-itsolutions.com\/wp-content\/uploads\/2025\/02\/Security-Camera-Installation-150x150.png 150w, https:\/\/sm-itsolutions.com\/wp-content\/uploads\/2025\/02\/Security-Camera-Installation-12x12.png 12w\" sizes=\"(max-width: 768px) 100vw, 768px\" \/><\/figure><div class=\"elementor-image-box-content\"><h3 class=\"elementor-image-box-title\">1. Instalaci\u00f3n de c\u00e1maras de seguridad<\/h3><p class=\"elementor-image-box-description\"><br>Dise\u00f1amos e implementamos soluciones personalizadas de c\u00e1maras de seguridad para \u00e1reas interiores y exteriores, garantizando una cobertura completa de sus instalaciones.<\/p><\/div><\/div>\t\t\t\t<\/div>\n\t\t\t\t<\/div>\n\t\t\t\t<\/div>\n\t\t<div class=\"elementor-element elementor-element-409ecd0 e-con-full e-flex e-con e-child\" data-id=\"409ecd0\" data-element_type=\"container\" data-e-type=\"container\">\n\t\t\t\t<div class=\"elementor-element elementor-element-6e9e6aa elementor-position-top elementor-widget elementor-widget-image-box\" data-id=\"6e9e6aa\" data-element_type=\"widget\" data-e-type=\"widget\" data-widget_type=\"image-box.default\">\n\t\t\t\t<div class=\"elementor-widget-container\">\n\t\t\t\t\t<div class=\"elementor-image-box-wrapper\"><figure class=\"elementor-image-box-img\"><img decoding=\"async\" width=\"768\" height=\"768\" src=\"https:\/\/sm-itsolutions.com\/wp-content\/uploads\/2025\/02\/Remote-Monitoring.png\" class=\"attachment-full size-full wp-image-1466\" alt=\"\" srcset=\"https:\/\/sm-itsolutions.com\/wp-content\/uploads\/2025\/02\/Remote-Monitoring.png 768w, https:\/\/sm-itsolutions.com\/wp-content\/uploads\/2025\/02\/Remote-Monitoring-300x300.png 300w, https:\/\/sm-itsolutions.com\/wp-content\/uploads\/2025\/02\/Remote-Monitoring-150x150.png 150w, https:\/\/sm-itsolutions.com\/wp-content\/uploads\/2025\/02\/Remote-Monitoring-12x12.png 12w\" sizes=\"(max-width: 768px) 100vw, 768px\" \/><\/figure><div class=\"elementor-image-box-content\"><h3 class=\"elementor-image-box-title\">2. Monitoreo remoto<\/h3><p class=\"elementor-image-box-description\"><br><br>Ofrecemos acceso en tiempo real a las c\u00e1maras de seguridad mediante plataformas de monitoreo remoto, permiti\u00e9ndole supervisar su propiedad desde cualquier lugar y en cualquier momento.<\/p><\/div><\/div>\t\t\t\t<\/div>\n\t\t\t\t<\/div>\n\t\t\t\t<\/div>\n\t\t<div class=\"elementor-element elementor-element-7357243 e-con-full e-flex e-con e-child\" data-id=\"7357243\" data-element_type=\"container\" data-e-type=\"container\">\n\t\t\t\t<div class=\"elementor-element elementor-element-cd3facc elementor-position-top elementor-widget elementor-widget-image-box\" data-id=\"cd3facc\" data-element_type=\"widget\" data-e-type=\"widget\" data-widget_type=\"image-box.default\">\n\t\t\t\t<div class=\"elementor-widget-container\">\n\t\t\t\t\t<div class=\"elementor-image-box-wrapper\"><figure class=\"elementor-image-box-img\"><img decoding=\"async\" width=\"768\" height=\"768\" src=\"https:\/\/sm-itsolutions.com\/wp-content\/uploads\/2025\/02\/Recording-and-Storage-Systems.png\" class=\"attachment-full size-full wp-image-1467\" alt=\"\" srcset=\"https:\/\/sm-itsolutions.com\/wp-content\/uploads\/2025\/02\/Recording-and-Storage-Systems.png 768w, https:\/\/sm-itsolutions.com\/wp-content\/uploads\/2025\/02\/Recording-and-Storage-Systems-300x300.png 300w, https:\/\/sm-itsolutions.com\/wp-content\/uploads\/2025\/02\/Recording-and-Storage-Systems-150x150.png 150w, https:\/\/sm-itsolutions.com\/wp-content\/uploads\/2025\/02\/Recording-and-Storage-Systems-12x12.png 12w\" sizes=\"(max-width: 768px) 100vw, 768px\" \/><\/figure><div class=\"elementor-image-box-content\"><h3 class=\"elementor-image-box-title\">3. Recording and Storage Systems<\/h3><p class=\"elementor-image-box-description\"><br>Implementamos soluciones de grabaci\u00f3n de alta calidad, incluyendo almacenamiento en la nube o servidores locales, para garantizar la preservaci\u00f3n segura de las grabaciones de video.<\/p><\/div><\/div>\t\t\t\t<\/div>\n\t\t\t\t<\/div>\n\t\t\t\t<\/div>\n\t\t\t\t\t<\/div>\n\t\t\t\t<\/div>\n\t\t<div class=\"elementor-element elementor-element-bbfb103 e-flex e-con-boxed e-con e-parent\" data-id=\"bbfb103\" data-element_type=\"container\" data-e-type=\"container\">\n\t\t\t\t\t<div class=\"e-con-inner\">\n\t\t\t\t<div class=\"elementor-element elementor-element-68d6f4e elementor-widget elementor-widget-spacer\" data-id=\"68d6f4e\" data-element_type=\"widget\" data-e-type=\"widget\" data-widget_type=\"spacer.default\">\n\t\t\t\t<div class=\"elementor-widget-container\">\n\t\t\t\t\t\t\t<div class=\"elementor-spacer\">\n\t\t\t<div class=\"elementor-spacer-inner\"><\/div>\n\t\t<\/div>\n\t\t\t\t\t\t<\/div>\n\t\t\t\t<\/div>\n\t\t\t\t\t<\/div>\n\t\t\t\t<\/div>\n\t\t<div class=\"elementor-element elementor-element-fc3c224 e-flex e-con-boxed e-con e-parent\" data-id=\"fc3c224\" data-element_type=\"container\" data-e-type=\"container\" data-settings=\"{&quot;background_background&quot;:&quot;classic&quot;}\">\n\t\t\t\t\t<div class=\"e-con-inner\">\n\t\t<div class=\"elementor-element elementor-element-bb6477e e-con-full e-flex e-con e-child\" data-id=\"bb6477e\" data-element_type=\"container\" data-e-type=\"container\">\n\t\t\t\t<div class=\"elementor-element elementor-element-6eeab5d elementor-position-top elementor-widget elementor-widget-image-box\" data-id=\"6eeab5d\" data-element_type=\"widget\" data-e-type=\"widget\" data-widget_type=\"image-box.default\">\n\t\t\t\t<div class=\"elementor-widget-container\">\n\t\t\t\t\t<div class=\"elementor-image-box-wrapper\"><figure class=\"elementor-image-box-img\"><img loading=\"lazy\" decoding=\"async\" width=\"768\" height=\"768\" src=\"https:\/\/sm-itsolutions.com\/wp-content\/uploads\/2025\/02\/Integration-with-Other-Security-Systems.png\" class=\"attachment-full size-full wp-image-1472\" alt=\"\" srcset=\"https:\/\/sm-itsolutions.com\/wp-content\/uploads\/2025\/02\/Integration-with-Other-Security-Systems.png 768w, https:\/\/sm-itsolutions.com\/wp-content\/uploads\/2025\/02\/Integration-with-Other-Security-Systems-300x300.png 300w, https:\/\/sm-itsolutions.com\/wp-content\/uploads\/2025\/02\/Integration-with-Other-Security-Systems-150x150.png 150w, https:\/\/sm-itsolutions.com\/wp-content\/uploads\/2025\/02\/Integration-with-Other-Security-Systems-12x12.png 12w\" sizes=\"(max-width: 768px) 100vw, 768px\" \/><\/figure><div class=\"elementor-image-box-content\"><h3 class=\"elementor-image-box-title\">4. Integraci\u00f3n con otros sistemas de seguridad<\/h3><p class=\"elementor-image-box-description\">Integramos los sistemas de c\u00e1maras de seguridad con alarmas, control de accesos y otros sistemas de seguridad para ofrecer una protecci\u00f3n m\u00e1s robusta.<\/p><\/div><\/div>\t\t\t\t<\/div>\n\t\t\t\t<\/div>\n\t\t\t\t<\/div>\n\t\t<div class=\"elementor-element elementor-element-28fef8d e-con-full e-flex e-con e-child\" data-id=\"28fef8d\" data-element_type=\"container\" data-e-type=\"container\">\n\t\t\t\t<div class=\"elementor-element elementor-element-cc4a061 elementor-position-top elementor-widget elementor-widget-image-box\" data-id=\"cc4a061\" data-element_type=\"widget\" data-e-type=\"widget\" data-widget_type=\"image-box.default\">\n\t\t\t\t<div class=\"elementor-widget-container\">\n\t\t\t\t\t<div class=\"elementor-image-box-wrapper\"><figure class=\"elementor-image-box-img\"><img loading=\"lazy\" decoding=\"async\" width=\"768\" height=\"768\" src=\"https:\/\/sm-itsolutions.com\/wp-content\/uploads\/2025\/02\/Intelligent-Video-Analytics.png\" class=\"attachment-full size-full wp-image-1473\" alt=\"\" srcset=\"https:\/\/sm-itsolutions.com\/wp-content\/uploads\/2025\/02\/Intelligent-Video-Analytics.png 768w, https:\/\/sm-itsolutions.com\/wp-content\/uploads\/2025\/02\/Intelligent-Video-Analytics-300x300.png 300w, https:\/\/sm-itsolutions.com\/wp-content\/uploads\/2025\/02\/Intelligent-Video-Analytics-150x150.png 150w, https:\/\/sm-itsolutions.com\/wp-content\/uploads\/2025\/02\/Intelligent-Video-Analytics-12x12.png 12w\" sizes=\"(max-width: 768px) 100vw, 768px\" \/><\/figure><div class=\"elementor-image-box-content\"><h3 class=\"elementor-image-box-title\">5. An\u00e1lisis inteligente de video<\/h3><p class=\"elementor-image-box-description\"><br>Incorporamos software avanzado de an\u00e1lisis de video que detecta y alerta sobre eventos sospechosos o comportamientos inusuales, mejorando la respuesta ante incidentes.<\/p><\/div><\/div>\t\t\t\t<\/div>\n\t\t\t\t<\/div>\n\t\t\t\t<\/div>\n\t\t<div class=\"elementor-element elementor-element-70bde9c e-con-full e-flex e-con e-child\" data-id=\"70bde9c\" data-element_type=\"container\" data-e-type=\"container\">\n\t\t\t\t<div class=\"elementor-element elementor-element-18b749a elementor-position-top elementor-widget elementor-widget-image-box\" data-id=\"18b749a\" data-element_type=\"widget\" data-e-type=\"widget\" data-widget_type=\"image-box.default\">\n\t\t\t\t<div class=\"elementor-widget-container\">\n\t\t\t\t\t<div class=\"elementor-image-box-wrapper\"><figure class=\"elementor-image-box-img\"><img loading=\"lazy\" decoding=\"async\" width=\"768\" height=\"768\" src=\"https:\/\/sm-itsolutions.com\/wp-content\/uploads\/2025\/02\/Maintenance-and-Support.png\" class=\"attachment-full size-full wp-image-1474\" alt=\"\" srcset=\"https:\/\/sm-itsolutions.com\/wp-content\/uploads\/2025\/02\/Maintenance-and-Support.png 768w, https:\/\/sm-itsolutions.com\/wp-content\/uploads\/2025\/02\/Maintenance-and-Support-300x300.png 300w, https:\/\/sm-itsolutions.com\/wp-content\/uploads\/2025\/02\/Maintenance-and-Support-150x150.png 150w, https:\/\/sm-itsolutions.com\/wp-content\/uploads\/2025\/02\/Maintenance-and-Support-12x12.png 12w\" sizes=\"(max-width: 768px) 100vw, 768px\" \/><\/figure><div class=\"elementor-image-box-content\"><h3 class=\"elementor-image-box-title\">6. Mantenimiento y soporte<\/h3><p class=\"elementor-image-box-description\"><br>Ofrecemos servicios continuos de mantenimiento y soporte para garantizar que sus sistemas de seguridad funcionen correctamente y est\u00e9n siempre operativos.<\/p><\/div><\/div>\t\t\t\t<\/div>\n\t\t\t\t<\/div>\n\t\t\t\t<\/div>\n\t\t\t\t\t<\/div>\n\t\t\t\t<\/div>\n\t\t<div class=\"elementor-element elementor-element-078aff7 e-flex e-con-boxed e-con e-parent\" data-id=\"078aff7\" data-element_type=\"container\" data-e-type=\"container\">\n\t\t\t\t\t<div class=\"e-con-inner\">\n\t\t\t\t<div class=\"elementor-element elementor-element-e3c7d3a elementor-widget elementor-widget-spacer\" data-id=\"e3c7d3a\" data-element_type=\"widget\" data-e-type=\"widget\" data-widget_type=\"spacer.default\">\n\t\t\t\t<div class=\"elementor-widget-container\">\n\t\t\t\t\t\t\t<div class=\"elementor-spacer\">\n\t\t\t<div class=\"elementor-spacer-inner\"><\/div>\n\t\t<\/div>\n\t\t\t\t\t\t<\/div>\n\t\t\t\t<\/div>\n\t\t\t\t\t<\/div>\n\t\t\t\t<\/div>\n\t\t<div class=\"elementor-element elementor-element-f15bc64 e-flex e-con-boxed e-con e-parent\" data-id=\"f15bc64\" data-element_type=\"container\" data-e-type=\"container\" data-settings=\"{&quot;background_background&quot;:&quot;classic&quot;}\">\n\t\t\t\t\t<div class=\"e-con-inner\">\n\t\t<div class=\"elementor-element elementor-element-530c488 e-con-full e-flex e-con e-child\" data-id=\"530c488\" data-element_type=\"container\" data-e-type=\"container\">\n\t\t\t\t<div class=\"elementor-element elementor-element-c756b6d elementor-position-top elementor-widget elementor-widget-image-box\" data-id=\"c756b6d\" data-element_type=\"widget\" data-e-type=\"widget\" data-widget_type=\"image-box.default\">\n\t\t\t\t<div class=\"elementor-widget-container\">\n\t\t\t\t\t<div class=\"elementor-image-box-wrapper\"><figure class=\"elementor-image-box-img\"><img loading=\"lazy\" decoding=\"async\" width=\"768\" height=\"768\" src=\"https:\/\/sm-itsolutions.com\/wp-content\/uploads\/2025\/02\/Consulting-and-System-Design.png\" class=\"attachment-full size-full wp-image-1479\" alt=\"\" srcset=\"https:\/\/sm-itsolutions.com\/wp-content\/uploads\/2025\/02\/Consulting-and-System-Design.png 768w, https:\/\/sm-itsolutions.com\/wp-content\/uploads\/2025\/02\/Consulting-and-System-Design-300x300.png 300w, https:\/\/sm-itsolutions.com\/wp-content\/uploads\/2025\/02\/Consulting-and-System-Design-150x150.png 150w, https:\/\/sm-itsolutions.com\/wp-content\/uploads\/2025\/02\/Consulting-and-System-Design-12x12.png 12w\" sizes=\"(max-width: 768px) 100vw, 768px\" \/><\/figure><div class=\"elementor-image-box-content\"><h3 class=\"elementor-image-box-title\">7. Consultor\u00eda y dise\u00f1o de sistemas<\/h3><p class=\"elementor-image-box-description\">Brindamos asesor\u00eda experta en el dise\u00f1o de sistemas de seguridad por video adaptados a las necesidades espec\u00edficas de su negocio, asegurando una cobertura total y la mejor calidad de imagen.<\/p><\/div><\/div>\t\t\t\t<\/div>\n\t\t\t\t<\/div>\n\t\t\t\t<\/div>\n\t\t<div class=\"elementor-element elementor-element-20550f0 e-con-full e-flex e-con e-child\" data-id=\"20550f0\" data-element_type=\"container\" data-e-type=\"container\">\n\t\t\t\t<div class=\"elementor-element elementor-element-6257b3e elementor-position-top elementor-widget elementor-widget-image-box\" data-id=\"6257b3e\" data-element_type=\"widget\" data-e-type=\"widget\" data-widget_type=\"image-box.default\">\n\t\t\t\t<div class=\"elementor-widget-container\">\n\t\t\t\t\t<div class=\"elementor-image-box-wrapper\"><figure class=\"elementor-image-box-img\"><img loading=\"lazy\" decoding=\"async\" width=\"538\" height=\"538\" src=\"https:\/\/sm-itsolutions.com\/wp-content\/uploads\/2025\/02\/High-Resolution-Cameras.png\" class=\"attachment-full size-full wp-image-1480\" alt=\"\" srcset=\"https:\/\/sm-itsolutions.com\/wp-content\/uploads\/2025\/02\/High-Resolution-Cameras.png 538w, https:\/\/sm-itsolutions.com\/wp-content\/uploads\/2025\/02\/High-Resolution-Cameras-300x300.png 300w, https:\/\/sm-itsolutions.com\/wp-content\/uploads\/2025\/02\/High-Resolution-Cameras-150x150.png 150w, https:\/\/sm-itsolutions.com\/wp-content\/uploads\/2025\/02\/High-Resolution-Cameras-12x12.png 12w\" sizes=\"(max-width: 538px) 100vw, 538px\" \/><\/figure><div class=\"elementor-image-box-content\"><h3 class=\"elementor-image-box-title\">8. C\u00e1maras de alta resoluci\u00f3n<\/h3><p class=\"elementor-image-box-description\"><br>Instalamos c\u00e1maras de alta definici\u00f3n para garantizar im\u00e1genes claras y n\u00edtidas, incluso en condiciones de poca luz, para que siempre tenga visuales precisos.<\/p><\/div><\/div>\t\t\t\t<\/div>\n\t\t\t\t<\/div>\n\t\t\t\t<\/div>\n\t\t<div class=\"elementor-element elementor-element-96c0d3c e-con-full e-flex e-con e-child\" data-id=\"96c0d3c\" data-element_type=\"container\" data-e-type=\"container\">\n\t\t\t\t<\/div>\n\t\t\t\t\t<\/div>\n\t\t\t\t<\/div>\n\t\t<div class=\"elementor-element elementor-element-c63687c e-flex e-con-boxed e-con e-parent\" data-id=\"c63687c\" data-element_type=\"container\" data-e-type=\"container\">\n\t\t\t\t\t<div class=\"e-con-inner\">\n\t\t\t\t<div class=\"elementor-element elementor-element-cfbe6e7 elementor-widget elementor-widget-spacer\" data-id=\"cfbe6e7\" data-element_type=\"widget\" data-e-type=\"widget\" data-widget_type=\"spacer.default\">\n\t\t\t\t<div class=\"elementor-widget-container\">\n\t\t\t\t\t\t\t<div class=\"elementor-spacer\">\n\t\t\t<div class=\"elementor-spacer-inner\"><\/div>\n\t\t<\/div>\n\t\t\t\t\t\t<\/div>\n\t\t\t\t<\/div>\n\t\t\t\t\t<\/div>\n\t\t\t\t<\/div>\n\t\t<div class=\"elementor-element elementor-element-a4a572b e-flex e-con-boxed e-con e-parent\" data-id=\"a4a572b\" data-element_type=\"container\" data-e-type=\"container\">\n\t\t\t\t\t<div class=\"e-con-inner\">\n\t\t\t\t<div class=\"elementor-element elementor-element-0226b74 elementor-widget elementor-widget-text-editor\" data-id=\"0226b74\" data-element_type=\"widget\" data-e-type=\"widget\" data-widget_type=\"text-editor.default\">\n\t\t\t\t<div class=\"elementor-widget-container\">\n\t\t\t\t\t\t\t\t\t<p>Con nuestros <strong>Sistemas de seguridad por video<\/strong>, puede tener tranquilidad sabiendo que su propiedad est\u00e1 monitoreada y protegida de manera efectiva las 24 horas del d\u00eda, los 7 d\u00edas de la semana.<\/p>\t\t\t\t\t\t\t\t<\/div>\n\t\t\t\t<\/div>\n\t\t\t\t\t<\/div>\n\t\t\t\t<\/div>\n\t\t<div class=\"elementor-element elementor-element-a0da874 e-flex e-con-boxed e-con e-parent\" data-id=\"a0da874\" data-element_type=\"container\" data-e-type=\"container\">\n\t\t\t\t\t<div class=\"e-con-inner\">\n\t\t\t\t<div class=\"elementor-element elementor-element-6f3fd06 elementor-widget elementor-widget-spacer\" data-id=\"6f3fd06\" data-element_type=\"widget\" data-e-type=\"widget\" data-widget_type=\"spacer.default\">\n\t\t\t\t<div class=\"elementor-widget-container\">\n\t\t\t\t\t\t\t<div class=\"elementor-spacer\">\n\t\t\t<div class=\"elementor-spacer-inner\"><\/div>\n\t\t<\/div>\n\t\t\t\t\t\t<\/div>\n\t\t\t\t<\/div>\n\t\t\t\t\t<\/div>\n\t\t\t\t<\/div>\n\t\t\t\t<\/div>","protected":false},"excerpt":{"rendered":"<p>SM IT Solutions offers Video Security Systems Services designed to protect your property and assets through advanced monitoring solutions. Our services include: 1. Security Camera Installation We design and implement customized security camera solutions, for both indoor and outdoor areas, ensuring complete coverage of your premises. 2. Remote Monitoring We provide real-time access to security [&hellip;]<\/p>\n","protected":false},"author":1,"featured_media":0,"parent":0,"menu_order":0,"comment_status":"closed","ping_status":"closed","template":"elementor_header_footer","meta":{"footnotes":""},"class_list":["post-1075","page","type-page","status-publish","hentry"],"_links":{"self":[{"href":"https:\/\/sm-itsolutions.com\/es\/wp-json\/wp\/v2\/pages\/1075","targetHints":{"allow":["GET"]}}],"collection":[{"href":"https:\/\/sm-itsolutions.com\/es\/wp-json\/wp\/v2\/pages"}],"about":[{"href":"https:\/\/sm-itsolutions.com\/es\/wp-json\/wp\/v2\/types\/page"}],"author":[{"embeddable":true,"href":"https:\/\/sm-itsolutions.com\/es\/wp-json\/wp\/v2\/users\/1"}],"replies":[{"embeddable":true,"href":"https:\/\/sm-itsolutions.com\/es\/wp-json\/wp\/v2\/comments?post=1075"}],"version-history":[{"count":31,"href":"https:\/\/sm-itsolutions.com\/es\/wp-json\/wp\/v2\/pages\/1075\/revisions"}],"predecessor-version":[{"id":1959,"href":"https:\/\/sm-itsolutions.com\/es\/wp-json\/wp\/v2\/pages\/1075\/revisions\/1959"}],"wp:attachment":[{"href":"https:\/\/sm-itsolutions.com\/es\/wp-json\/wp\/v2\/media?parent=1075"}],"curies":[{"name":"wp","href":"https:\/\/api.w.org\/{rel}","templated":true}]}}