{"id":1074,"date":"2025-02-11T22:46:35","date_gmt":"2025-02-11T22:46:35","guid":{"rendered":"https:\/\/sm-itsolutions.com\/?page_id=1074"},"modified":"2025-08-13T00:22:09","modified_gmt":"2025-08-13T00:22:09","slug":"it-services","status":"publish","type":"page","link":"https:\/\/sm-itsolutions.com\/es\/it-services\/","title":{"rendered":"Servicios de IT"},"content":{"rendered":"<div data-elementor-type=\"wp-page\" data-elementor-id=\"1074\" class=\"elementor elementor-1074\">\n\t\t\t\t<div class=\"elementor-element elementor-element-cc35941 e-flex e-con-boxed e-con e-parent\" data-id=\"cc35941\" data-element_type=\"container\" data-e-type=\"container\">\n\t\t\t\t\t<div class=\"e-con-inner\">\n\t\t\t\t<div class=\"elementor-element elementor-element-af6c5c9 elementor-widget elementor-widget-shortcode\" data-id=\"af6c5c9\" data-element_type=\"widget\" data-e-type=\"widget\" data-widget_type=\"shortcode.default\">\n\t\t\t\t<div class=\"elementor-widget-container\">\n\t\t\t\t\t\t\t<div class=\"elementor-shortcode\"><\/div>\n\t\t\t\t\t\t<\/div>\n\t\t\t\t<\/div>\n\t\t\t\t\t<\/div>\n\t\t\t\t<\/div>\n\t\t<div class=\"elementor-element elementor-element-dd45a80 e-flex e-con-boxed e-con e-parent\" data-id=\"dd45a80\" data-element_type=\"container\" data-e-type=\"container\">\n\t\t\t\t\t<div class=\"e-con-inner\">\n\t\t\t\t<div class=\"elementor-element elementor-element-ff5a25e elementor-widget elementor-widget-spacer\" data-id=\"ff5a25e\" data-element_type=\"widget\" data-e-type=\"widget\" data-widget_type=\"spacer.default\">\n\t\t\t\t<div class=\"elementor-widget-container\">\n\t\t\t\t\t\t\t<div class=\"elementor-spacer\">\n\t\t\t<div class=\"elementor-spacer-inner\"><\/div>\n\t\t<\/div>\n\t\t\t\t\t\t<\/div>\n\t\t\t\t<\/div>\n\t\t\t\t\t<\/div>\n\t\t\t\t<\/div>\n\t\t<div class=\"elementor-element elementor-element-b793ed3 e-flex e-con-boxed e-con e-parent\" data-id=\"b793ed3\" data-element_type=\"container\" data-e-type=\"container\">\n\t\t\t\t\t<div class=\"e-con-inner\">\n\t\t\t\t<div class=\"elementor-element elementor-element-1754a9f elementor-widget elementor-widget-text-editor\" data-id=\"1754a9f\" data-element_type=\"widget\" data-e-type=\"widget\" data-widget_type=\"text-editor.default\">\n\t\t\t\t<div class=\"elementor-widget-container\">\n\t\t\t\t\t\t\t\t\t<p><strong>SM IT Solutions<\/strong> ofrece una amplia gama de <strong>Servicios de IT<\/strong> dise\u00f1ados para optimizar la infraestructura tecnol\u00f3gica de su empresa y garantizar su funcionamiento eficiente. Nuestros servicios incluyen:<\/p>\t\t\t\t\t\t\t\t<\/div>\n\t\t\t\t<\/div>\n\t\t\t\t\t<\/div>\n\t\t\t\t<\/div>\n\t\t<div class=\"elementor-element elementor-element-ec73c94 e-flex e-con-boxed e-con e-parent\" data-id=\"ec73c94\" data-element_type=\"container\" data-e-type=\"container\">\n\t\t\t\t\t<div class=\"e-con-inner\">\n\t\t\t\t<div class=\"elementor-element elementor-element-ae48969 elementor-widget elementor-widget-spacer\" data-id=\"ae48969\" data-element_type=\"widget\" data-e-type=\"widget\" data-widget_type=\"spacer.default\">\n\t\t\t\t<div class=\"elementor-widget-container\">\n\t\t\t\t\t\t\t<div class=\"elementor-spacer\">\n\t\t\t<div class=\"elementor-spacer-inner\"><\/div>\n\t\t<\/div>\n\t\t\t\t\t\t<\/div>\n\t\t\t\t<\/div>\n\t\t\t\t\t<\/div>\n\t\t\t\t<\/div>\n\t\t<div class=\"elementor-element elementor-element-fb7686b e-flex e-con-boxed e-con e-parent\" data-id=\"fb7686b\" data-element_type=\"container\" data-e-type=\"container\" data-settings=\"{&quot;background_background&quot;:&quot;classic&quot;}\">\n\t\t\t\t\t<div class=\"e-con-inner\">\n\t\t<div class=\"elementor-element elementor-element-e4fbe76 e-con-full e-flex e-con e-child\" data-id=\"e4fbe76\" data-element_type=\"container\" data-e-type=\"container\">\n\t\t\t\t<div class=\"elementor-element elementor-element-9ce68ea elementor-position-top elementor-widget elementor-widget-image-box\" data-id=\"9ce68ea\" data-element_type=\"widget\" data-e-type=\"widget\" data-widget_type=\"image-box.default\">\n\t\t\t\t<div class=\"elementor-widget-container\">\n\t\t\t\t\t<div class=\"elementor-image-box-wrapper\"><figure class=\"elementor-image-box-img\"><img fetchpriority=\"high\" decoding=\"async\" width=\"768\" height=\"768\" src=\"https:\/\/sm-itsolutions.com\/wp-content\/uploads\/2025\/02\/24-7-Technical-Support-.png\" class=\"attachment-full size-full wp-image-1429\" alt=\"\" srcset=\"https:\/\/sm-itsolutions.com\/wp-content\/uploads\/2025\/02\/24-7-Technical-Support-.png 768w, https:\/\/sm-itsolutions.com\/wp-content\/uploads\/2025\/02\/24-7-Technical-Support--300x300.png 300w, https:\/\/sm-itsolutions.com\/wp-content\/uploads\/2025\/02\/24-7-Technical-Support--150x150.png 150w, https:\/\/sm-itsolutions.com\/wp-content\/uploads\/2025\/02\/24-7-Technical-Support--12x12.png 12w\" sizes=\"(max-width: 768px) 100vw, 768px\" \/><\/figure><div class=\"elementor-image-box-content\"><h3 class=\"elementor-image-box-title\">1. Soporte t\u00e9cnico 24\/7<\/h3><p class=\"elementor-image-box-description\">Ofrecemos soporte continuo, asegurando que cualquier problema t\u00e9cnico se resuelva r\u00e1pidamente, sin importar la hora.<\/p><\/div><\/div>\t\t\t\t<\/div>\n\t\t\t\t<\/div>\n\t\t\t\t<\/div>\n\t\t<div class=\"elementor-element elementor-element-20aa127 e-con-full e-flex e-con e-child\" data-id=\"20aa127\" data-element_type=\"container\" data-e-type=\"container\">\n\t\t\t\t<div class=\"elementor-element elementor-element-feba4a3 elementor-position-top elementor-widget elementor-widget-image-box\" data-id=\"feba4a3\" data-element_type=\"widget\" data-e-type=\"widget\" data-widget_type=\"image-box.default\">\n\t\t\t\t<div class=\"elementor-widget-container\">\n\t\t\t\t\t<div class=\"elementor-image-box-wrapper\"><figure class=\"elementor-image-box-img\"><img decoding=\"async\" width=\"768\" height=\"768\" src=\"https:\/\/sm-itsolutions.com\/wp-content\/uploads\/2025\/02\/System-Maintenance.png\" class=\"attachment-full size-full wp-image-1431\" alt=\"\" srcset=\"https:\/\/sm-itsolutions.com\/wp-content\/uploads\/2025\/02\/System-Maintenance.png 768w, https:\/\/sm-itsolutions.com\/wp-content\/uploads\/2025\/02\/System-Maintenance-300x300.png 300w, https:\/\/sm-itsolutions.com\/wp-content\/uploads\/2025\/02\/System-Maintenance-150x150.png 150w, https:\/\/sm-itsolutions.com\/wp-content\/uploads\/2025\/02\/System-Maintenance-12x12.png 12w\" sizes=\"(max-width: 768px) 100vw, 768px\" \/><\/figure><div class=\"elementor-image-box-content\"><h3 class=\"elementor-image-box-title\">2. Mantenimiento de sistemas<\/h3><p class=\"elementor-image-box-description\">Nos encargamos de mantener sus sistemas operativos, aplicaciones y software actualizados, garantizando un rendimiento y seguridad \u00f3ptimos.<\/p><\/div><\/div>\t\t\t\t<\/div>\n\t\t\t\t<\/div>\n\t\t\t\t<\/div>\n\t\t<div class=\"elementor-element elementor-element-06d87b8 e-con-full e-flex e-con e-child\" data-id=\"06d87b8\" data-element_type=\"container\" data-e-type=\"container\">\n\t\t\t\t<div class=\"elementor-element elementor-element-ae8f070 elementor-position-top elementor-widget elementor-widget-image-box\" data-id=\"ae8f070\" data-element_type=\"widget\" data-e-type=\"widget\" data-widget_type=\"image-box.default\">\n\t\t\t\t<div class=\"elementor-widget-container\">\n\t\t\t\t\t<div class=\"elementor-image-box-wrapper\"><figure class=\"elementor-image-box-img\"><img decoding=\"async\" width=\"768\" height=\"768\" src=\"https:\/\/sm-itsolutions.com\/wp-content\/uploads\/2025\/02\/Cloud-Management.png\" class=\"attachment-full size-full wp-image-1432\" alt=\"\" srcset=\"https:\/\/sm-itsolutions.com\/wp-content\/uploads\/2025\/02\/Cloud-Management.png 768w, https:\/\/sm-itsolutions.com\/wp-content\/uploads\/2025\/02\/Cloud-Management-300x300.png 300w, https:\/\/sm-itsolutions.com\/wp-content\/uploads\/2025\/02\/Cloud-Management-150x150.png 150w, https:\/\/sm-itsolutions.com\/wp-content\/uploads\/2025\/02\/Cloud-Management-12x12.png 12w\" sizes=\"(max-width: 768px) 100vw, 768px\" \/><\/figure><div class=\"elementor-image-box-content\"><h3 class=\"elementor-image-box-title\">3. Gesti\u00f3n en la nube<\/h3><p class=\"elementor-image-box-description\">Implementamos y gestionamos soluciones en la nube, permitiendo que su empresa almacene, acceda y comparta datos de manera segura y eficiente.<\/p><\/div><\/div>\t\t\t\t<\/div>\n\t\t\t\t<\/div>\n\t\t\t\t<\/div>\n\t\t\t\t\t<\/div>\n\t\t\t\t<\/div>\n\t\t<div class=\"elementor-element elementor-element-07e238d e-flex e-con-boxed e-con e-parent\" data-id=\"07e238d\" data-element_type=\"container\" data-e-type=\"container\">\n\t\t\t\t\t<div class=\"e-con-inner\">\n\t\t\t\t<div class=\"elementor-element elementor-element-994eb3e elementor-widget elementor-widget-spacer\" data-id=\"994eb3e\" data-element_type=\"widget\" data-e-type=\"widget\" data-widget_type=\"spacer.default\">\n\t\t\t\t<div class=\"elementor-widget-container\">\n\t\t\t\t\t\t\t<div class=\"elementor-spacer\">\n\t\t\t<div class=\"elementor-spacer-inner\"><\/div>\n\t\t<\/div>\n\t\t\t\t\t\t<\/div>\n\t\t\t\t<\/div>\n\t\t\t\t\t<\/div>\n\t\t\t\t<\/div>\n\t\t<div class=\"elementor-element elementor-element-16fd9f8 e-flex e-con-boxed e-con e-parent\" data-id=\"16fd9f8\" data-element_type=\"container\" data-e-type=\"container\" data-settings=\"{&quot;background_background&quot;:&quot;classic&quot;}\">\n\t\t\t\t\t<div class=\"e-con-inner\">\n\t\t<div class=\"elementor-element elementor-element-30d5b17 e-con-full e-flex e-con e-child\" data-id=\"30d5b17\" data-element_type=\"container\" data-e-type=\"container\">\n\t\t\t\t<div class=\"elementor-element elementor-element-d91a2a5 elementor-position-top elementor-widget elementor-widget-image-box\" data-id=\"d91a2a5\" data-element_type=\"widget\" data-e-type=\"widget\" data-widget_type=\"image-box.default\">\n\t\t\t\t<div class=\"elementor-widget-container\">\n\t\t\t\t\t<div class=\"elementor-image-box-wrapper\"><figure class=\"elementor-image-box-img\"><img loading=\"lazy\" decoding=\"async\" width=\"768\" height=\"768\" src=\"https:\/\/sm-itsolutions.com\/wp-content\/uploads\/2025\/02\/Cybersecurity.png\" class=\"attachment-full size-full wp-image-1437\" alt=\"\" srcset=\"https:\/\/sm-itsolutions.com\/wp-content\/uploads\/2025\/02\/Cybersecurity.png 768w, https:\/\/sm-itsolutions.com\/wp-content\/uploads\/2025\/02\/Cybersecurity-300x300.png 300w, https:\/\/sm-itsolutions.com\/wp-content\/uploads\/2025\/02\/Cybersecurity-150x150.png 150w, https:\/\/sm-itsolutions.com\/wp-content\/uploads\/2025\/02\/Cybersecurity-12x12.png 12w\" sizes=\"(max-width: 768px) 100vw, 768px\" \/><\/figure><div class=\"elementor-image-box-content\"><h3 class=\"elementor-image-box-title\">4. Ciberseguridad<\/h3><p class=\"elementor-image-box-description\">Protegemos su infraestructura contra amenazas externas e internas con soluciones avanzadas de seguridad, incluyendo cortafuegos, antivirus y monitoreo proactivo de seguridad.<\/p><\/div><\/div>\t\t\t\t<\/div>\n\t\t\t\t<\/div>\n\t\t\t\t<\/div>\n\t\t<div class=\"elementor-element elementor-element-8d89a75 e-con-full e-flex e-con e-child\" data-id=\"8d89a75\" data-element_type=\"container\" data-e-type=\"container\">\n\t\t\t\t<div class=\"elementor-element elementor-element-c9cd1d0 elementor-position-top elementor-widget elementor-widget-image-box\" data-id=\"c9cd1d0\" data-element_type=\"widget\" data-e-type=\"widget\" data-widget_type=\"image-box.default\">\n\t\t\t\t<div class=\"elementor-widget-container\">\n\t\t\t\t\t<div class=\"elementor-image-box-wrapper\"><figure class=\"elementor-image-box-img\"><img loading=\"lazy\" decoding=\"async\" width=\"768\" height=\"768\" src=\"https:\/\/sm-itsolutions.com\/wp-content\/uploads\/2025\/02\/Custom-Software-Development.png\" class=\"attachment-full size-full wp-image-1438\" alt=\"\" srcset=\"https:\/\/sm-itsolutions.com\/wp-content\/uploads\/2025\/02\/Custom-Software-Development.png 768w, https:\/\/sm-itsolutions.com\/wp-content\/uploads\/2025\/02\/Custom-Software-Development-300x300.png 300w, https:\/\/sm-itsolutions.com\/wp-content\/uploads\/2025\/02\/Custom-Software-Development-150x150.png 150w, https:\/\/sm-itsolutions.com\/wp-content\/uploads\/2025\/02\/Custom-Software-Development-12x12.png 12w\" sizes=\"(max-width: 768px) 100vw, 768px\" \/><\/figure><div class=\"elementor-image-box-content\"><h3 class=\"elementor-image-box-title\">5. Custom Software Development<\/h3><p class=\"elementor-image-box-description\">Creamos soluciones de software personalizadas que se ajustan perfectamente a las necesidades de su negocio, mejorando la productividad y la eficiencia.<\/p><\/div><\/div>\t\t\t\t<\/div>\n\t\t\t\t<\/div>\n\t\t\t\t<\/div>\n\t\t<div class=\"elementor-element elementor-element-3def950 e-con-full e-flex e-con e-child\" data-id=\"3def950\" data-element_type=\"container\" data-e-type=\"container\">\n\t\t\t\t<div class=\"elementor-element elementor-element-e03c0ba elementor-position-top elementor-widget elementor-widget-image-box\" data-id=\"e03c0ba\" data-element_type=\"widget\" data-e-type=\"widget\" data-widget_type=\"image-box.default\">\n\t\t\t\t<div class=\"elementor-widget-container\">\n\t\t\t\t\t<div class=\"elementor-image-box-wrapper\"><figure class=\"elementor-image-box-img\"><img loading=\"lazy\" decoding=\"async\" width=\"768\" height=\"768\" src=\"https:\/\/sm-itsolutions.com\/wp-content\/uploads\/2025\/02\/IT-Consulting.png\" class=\"attachment-full size-full wp-image-1439\" alt=\"\" srcset=\"https:\/\/sm-itsolutions.com\/wp-content\/uploads\/2025\/02\/IT-Consulting.png 768w, https:\/\/sm-itsolutions.com\/wp-content\/uploads\/2025\/02\/IT-Consulting-300x300.png 300w, https:\/\/sm-itsolutions.com\/wp-content\/uploads\/2025\/02\/IT-Consulting-150x150.png 150w, https:\/\/sm-itsolutions.com\/wp-content\/uploads\/2025\/02\/IT-Consulting-12x12.png 12w\" sizes=\"(max-width: 768px) 100vw, 768px\" \/><\/figure><div class=\"elementor-image-box-content\"><h3 class=\"elementor-image-box-title\">6. Consultor\u00eda de IT<\/h3><p class=\"elementor-image-box-description\"><br>Brindamos asesor\u00eda tecnol\u00f3gica experta para ayudar a su empresa a optimizar procesos, elegir las mejores herramientas y planificar el crecimiento tecnol\u00f3gico.<\/p><\/div><\/div>\t\t\t\t<\/div>\n\t\t\t\t<\/div>\n\t\t\t\t<\/div>\n\t\t\t\t\t<\/div>\n\t\t\t\t<\/div>\n\t\t<div class=\"elementor-element elementor-element-b6de48f e-flex e-con-boxed e-con e-parent\" data-id=\"b6de48f\" data-element_type=\"container\" data-e-type=\"container\">\n\t\t\t\t\t<div class=\"e-con-inner\">\n\t\t\t\t<div class=\"elementor-element elementor-element-2a22012 elementor-widget elementor-widget-spacer\" data-id=\"2a22012\" data-element_type=\"widget\" data-e-type=\"widget\" data-widget_type=\"spacer.default\">\n\t\t\t\t<div class=\"elementor-widget-container\">\n\t\t\t\t\t\t\t<div class=\"elementor-spacer\">\n\t\t\t<div class=\"elementor-spacer-inner\"><\/div>\n\t\t<\/div>\n\t\t\t\t\t\t<\/div>\n\t\t\t\t<\/div>\n\t\t\t\t\t<\/div>\n\t\t\t\t<\/div>\n\t\t<div class=\"elementor-element elementor-element-6b645c9 e-flex e-con-boxed e-con e-parent\" data-id=\"6b645c9\" data-element_type=\"container\" data-e-type=\"container\" data-settings=\"{&quot;background_background&quot;:&quot;classic&quot;}\">\n\t\t\t\t\t<div class=\"e-con-inner\">\n\t\t<div class=\"elementor-element elementor-element-5020ec2 e-con-full e-flex e-con e-child\" data-id=\"5020ec2\" data-element_type=\"container\" data-e-type=\"container\">\n\t\t\t\t<div class=\"elementor-element elementor-element-cdfb9c4 elementor-position-top elementor-widget elementor-widget-image-box\" data-id=\"cdfb9c4\" data-element_type=\"widget\" data-e-type=\"widget\" data-widget_type=\"image-box.default\">\n\t\t\t\t<div class=\"elementor-widget-container\">\n\t\t\t\t\t<div class=\"elementor-image-box-wrapper\"><figure class=\"elementor-image-box-img\"><img loading=\"lazy\" decoding=\"async\" width=\"768\" height=\"768\" src=\"https:\/\/sm-itsolutions.com\/wp-content\/uploads\/2025\/02\/IT-Solutions-Implementation.png\" class=\"attachment-full size-full wp-image-1444\" alt=\"\" srcset=\"https:\/\/sm-itsolutions.com\/wp-content\/uploads\/2025\/02\/IT-Solutions-Implementation.png 768w, https:\/\/sm-itsolutions.com\/wp-content\/uploads\/2025\/02\/IT-Solutions-Implementation-300x300.png 300w, https:\/\/sm-itsolutions.com\/wp-content\/uploads\/2025\/02\/IT-Solutions-Implementation-150x150.png 150w, https:\/\/sm-itsolutions.com\/wp-content\/uploads\/2025\/02\/IT-Solutions-Implementation-12x12.png 12w\" sizes=\"(max-width: 768px) 100vw, 768px\" \/><\/figure><div class=\"elementor-image-box-content\"><h3 class=\"elementor-image-box-title\">7. Implementaci\u00f3n de soluciones de IT<\/h3><p class=\"elementor-image-box-description\">Ayudamos a integrar soluciones tecnol\u00f3gicas avanzadas, desde la instalaci\u00f3n de hardware hasta la configuraci\u00f3n de software y redes.<\/p><\/div><\/div>\t\t\t\t<\/div>\n\t\t\t\t<\/div>\n\t\t\t\t<\/div>\n\t\t<div class=\"elementor-element elementor-element-da1727c e-con-full e-flex e-con e-child\" data-id=\"da1727c\" data-element_type=\"container\" data-e-type=\"container\">\n\t\t\t\t<div class=\"elementor-element elementor-element-bfd498f elementor-position-top elementor-widget elementor-widget-image-box\" data-id=\"bfd498f\" data-element_type=\"widget\" data-e-type=\"widget\" data-widget_type=\"image-box.default\">\n\t\t\t\t<div class=\"elementor-widget-container\">\n\t\t\t\t\t<div class=\"elementor-image-box-wrapper\"><figure class=\"elementor-image-box-img\"><img loading=\"lazy\" decoding=\"async\" width=\"768\" height=\"768\" src=\"https:\/\/sm-itsolutions.com\/wp-content\/uploads\/2025\/02\/Data-Backup-and-Recovery.png\" class=\"attachment-full size-full wp-image-1445\" alt=\"\" srcset=\"https:\/\/sm-itsolutions.com\/wp-content\/uploads\/2025\/02\/Data-Backup-and-Recovery.png 768w, https:\/\/sm-itsolutions.com\/wp-content\/uploads\/2025\/02\/Data-Backup-and-Recovery-300x300.png 300w, https:\/\/sm-itsolutions.com\/wp-content\/uploads\/2025\/02\/Data-Backup-and-Recovery-150x150.png 150w, https:\/\/sm-itsolutions.com\/wp-content\/uploads\/2025\/02\/Data-Backup-and-Recovery-12x12.png 12w\" sizes=\"(max-width: 768px) 100vw, 768px\" \/><\/figure><div class=\"elementor-image-box-content\"><h3 class=\"elementor-image-box-title\">8. Data Backup and Recovery<\/h3><p class=\"elementor-image-box-description\"><br>Implementamos sistemas de respaldo y recuperaci\u00f3n ante desastres para asegurar que sus datos est\u00e9n siempre protegidos y disponibles en caso de emergencia.<\/p><\/div><\/div>\t\t\t\t<\/div>\n\t\t\t\t<\/div>\n\t\t\t\t<\/div>\n\t\t<div class=\"elementor-element elementor-element-c04a029 e-con-full e-flex e-con e-child\" data-id=\"c04a029\" data-element_type=\"container\" data-e-type=\"container\">\n\t\t\t\t<div class=\"elementor-element elementor-element-3b47eef elementor-position-top elementor-widget elementor-widget-image-box\" data-id=\"3b47eef\" data-element_type=\"widget\" data-e-type=\"widget\" data-widget_type=\"image-box.default\">\n\t\t\t\t<div class=\"elementor-widget-container\">\n\t\t\t\t\t<div class=\"elementor-image-box-wrapper\"><figure class=\"elementor-image-box-img\"><img loading=\"lazy\" decoding=\"async\" width=\"768\" height=\"768\" src=\"https:\/\/sm-itsolutions.com\/wp-content\/uploads\/2025\/02\/Virtualization.png\" class=\"attachment-full size-full wp-image-1446\" alt=\"\" srcset=\"https:\/\/sm-itsolutions.com\/wp-content\/uploads\/2025\/02\/Virtualization.png 768w, https:\/\/sm-itsolutions.com\/wp-content\/uploads\/2025\/02\/Virtualization-300x300.png 300w, https:\/\/sm-itsolutions.com\/wp-content\/uploads\/2025\/02\/Virtualization-150x150.png 150w, https:\/\/sm-itsolutions.com\/wp-content\/uploads\/2025\/02\/Virtualization-12x12.png 12w\" sizes=\"(max-width: 768px) 100vw, 768px\" \/><\/figure><div class=\"elementor-image-box-content\"><h3 class=\"elementor-image-box-title\">9. Virtualizaci\u00f3n<\/h3><p class=\"elementor-image-box-description\"><br>Implementamos soluciones de virtualizaci\u00f3n de servidores y aplicaciones, reduciendo costos y mejorando la eficiencia de los recursos.<\/p><\/div><\/div>\t\t\t\t<\/div>\n\t\t\t\t<\/div>\n\t\t\t\t<\/div>\n\t\t\t\t\t<\/div>\n\t\t\t\t<\/div>\n\t\t<div class=\"elementor-element elementor-element-0ecea6c e-flex e-con-boxed e-con e-parent\" data-id=\"0ecea6c\" data-element_type=\"container\" data-e-type=\"container\">\n\t\t\t\t\t<div class=\"e-con-inner\">\n\t\t\t\t<div class=\"elementor-element elementor-element-7b08ccb elementor-widget elementor-widget-spacer\" data-id=\"7b08ccb\" data-element_type=\"widget\" data-e-type=\"widget\" data-widget_type=\"spacer.default\">\n\t\t\t\t<div class=\"elementor-widget-container\">\n\t\t\t\t\t\t\t<div class=\"elementor-spacer\">\n\t\t\t<div class=\"elementor-spacer-inner\"><\/div>\n\t\t<\/div>\n\t\t\t\t\t\t<\/div>\n\t\t\t\t<\/div>\n\t\t\t\t\t<\/div>\n\t\t\t\t<\/div>\n\t\t<div class=\"elementor-element elementor-element-292feef e-flex e-con-boxed e-con e-parent\" data-id=\"292feef\" data-element_type=\"container\" data-e-type=\"container\" data-settings=\"{&quot;background_background&quot;:&quot;classic&quot;}\">\n\t\t\t\t\t<div class=\"e-con-inner\">\n\t\t<div class=\"elementor-element elementor-element-b52a91c e-con-full e-flex e-con e-child\" data-id=\"b52a91c\" data-element_type=\"container\" data-e-type=\"container\">\n\t\t\t\t<\/div>\n\t\t<div class=\"elementor-element elementor-element-e6b77cf e-con-full e-flex e-con e-child\" data-id=\"e6b77cf\" data-element_type=\"container\" data-e-type=\"container\">\n\t\t\t\t<div class=\"elementor-element elementor-element-79cd19e elementor-position-top elementor-widget elementor-widget-image-box\" data-id=\"79cd19e\" data-element_type=\"widget\" data-e-type=\"widget\" data-widget_type=\"image-box.default\">\n\t\t\t\t<div class=\"elementor-widget-container\">\n\t\t\t\t\t<div class=\"elementor-image-box-wrapper\"><figure class=\"elementor-image-box-img\"><img loading=\"lazy\" decoding=\"async\" width=\"768\" height=\"768\" src=\"https:\/\/sm-itsolutions.com\/wp-content\/uploads\/2025\/02\/IT-Infrastructure-Management.png\" class=\"attachment-full size-full wp-image-1451\" alt=\"\" srcset=\"https:\/\/sm-itsolutions.com\/wp-content\/uploads\/2025\/02\/IT-Infrastructure-Management.png 768w, https:\/\/sm-itsolutions.com\/wp-content\/uploads\/2025\/02\/IT-Infrastructure-Management-300x300.png 300w, https:\/\/sm-itsolutions.com\/wp-content\/uploads\/2025\/02\/IT-Infrastructure-Management-150x150.png 150w, https:\/\/sm-itsolutions.com\/wp-content\/uploads\/2025\/02\/IT-Infrastructure-Management-12x12.png 12w\" sizes=\"(max-width: 768px) 100vw, 768px\" \/><\/figure><div class=\"elementor-image-box-content\"><h3 class=\"elementor-image-box-title\">10. IT Infrastructure Management<\/h3><p class=\"elementor-image-box-description\">Monitoreamos y gestionamos la infraestructura tecnol\u00f3gica de su empresa, garantizando su rendimiento \u00f3ptimo y disponibilidad.<\/p><\/div><\/div>\t\t\t\t<\/div>\n\t\t\t\t<\/div>\n\t\t\t\t<\/div>\n\t\t<div class=\"elementor-element elementor-element-c3c5cf2 e-con-full e-flex e-con e-child\" data-id=\"c3c5cf2\" data-element_type=\"container\" data-e-type=\"container\">\n\t\t\t\t<\/div>\n\t\t\t\t\t<\/div>\n\t\t\t\t<\/div>\n\t\t<div class=\"elementor-element elementor-element-ea59c45 e-flex e-con-boxed e-con e-parent\" data-id=\"ea59c45\" data-element_type=\"container\" data-e-type=\"container\">\n\t\t\t\t\t<div class=\"e-con-inner\">\n\t\t\t\t<div class=\"elementor-element elementor-element-3fedbb8 elementor-widget elementor-widget-spacer\" data-id=\"3fedbb8\" data-element_type=\"widget\" data-e-type=\"widget\" data-widget_type=\"spacer.default\">\n\t\t\t\t<div class=\"elementor-widget-container\">\n\t\t\t\t\t\t\t<div class=\"elementor-spacer\">\n\t\t\t<div class=\"elementor-spacer-inner\"><\/div>\n\t\t<\/div>\n\t\t\t\t\t\t<\/div>\n\t\t\t\t<\/div>\n\t\t\t\t\t<\/div>\n\t\t\t\t<\/div>\n\t\t<div class=\"elementor-element elementor-element-be06d32 e-flex e-con-boxed e-con e-parent\" data-id=\"be06d32\" data-element_type=\"container\" data-e-type=\"container\">\n\t\t\t\t\t<div class=\"e-con-inner\">\n\t\t\t\t<div class=\"elementor-element elementor-element-5e9465d elementor-widget elementor-widget-text-editor\" data-id=\"5e9465d\" data-element_type=\"widget\" data-e-type=\"widget\" data-widget_type=\"text-editor.default\">\n\t\t\t\t<div class=\"elementor-widget-container\">\n\t\t\t\t\t\t\t\t\t<p>Con nuestros <strong>Servicios de IT<\/strong>, su empresa puede operar de manera m\u00e1s eficiente, segura y con una infraestructura tecnol\u00f3gica preparada para el futuro.<\/p>\t\t\t\t\t\t\t\t<\/div>\n\t\t\t\t<\/div>\n\t\t\t\t\t<\/div>\n\t\t\t\t<\/div>\n\t\t<div class=\"elementor-element elementor-element-4cc1fc3 e-flex e-con-boxed e-con e-parent\" data-id=\"4cc1fc3\" data-element_type=\"container\" data-e-type=\"container\">\n\t\t\t\t\t<div class=\"e-con-inner\">\n\t\t\t\t<div class=\"elementor-element elementor-element-515ae71 elementor-widget elementor-widget-spacer\" data-id=\"515ae71\" data-element_type=\"widget\" data-e-type=\"widget\" data-widget_type=\"spacer.default\">\n\t\t\t\t<div class=\"elementor-widget-container\">\n\t\t\t\t\t\t\t<div class=\"elementor-spacer\">\n\t\t\t<div class=\"elementor-spacer-inner\"><\/div>\n\t\t<\/div>\n\t\t\t\t\t\t<\/div>\n\t\t\t\t<\/div>\n\t\t\t\t\t<\/div>\n\t\t\t\t<\/div>\n\t\t\t\t<\/div>","protected":false},"excerpt":{"rendered":"<p>SM IT Solutions offers a comprehensive range of IT Services designed to optimize your business&#8217;s technology infrastructure and ensure its efficient operation. Our services include: 1. 24\/7 Technical Support We provide continuous support, ensuring that any technical issue is resolved quickly, regardless of the time. 2. System Maintenance We take care of keeping your operating [&hellip;]<\/p>\n","protected":false},"author":1,"featured_media":0,"parent":0,"menu_order":0,"comment_status":"closed","ping_status":"closed","template":"elementor_header_footer","meta":{"footnotes":""},"class_list":["post-1074","page","type-page","status-publish","hentry"],"_links":{"self":[{"href":"https:\/\/sm-itsolutions.com\/es\/wp-json\/wp\/v2\/pages\/1074","targetHints":{"allow":["GET"]}}],"collection":[{"href":"https:\/\/sm-itsolutions.com\/es\/wp-json\/wp\/v2\/pages"}],"about":[{"href":"https:\/\/sm-itsolutions.com\/es\/wp-json\/wp\/v2\/types\/page"}],"author":[{"embeddable":true,"href":"https:\/\/sm-itsolutions.com\/es\/wp-json\/wp\/v2\/users\/1"}],"replies":[{"embeddable":true,"href":"https:\/\/sm-itsolutions.com\/es\/wp-json\/wp\/v2\/comments?post=1074"}],"version-history":[{"count":19,"href":"https:\/\/sm-itsolutions.com\/es\/wp-json\/wp\/v2\/pages\/1074\/revisions"}],"predecessor-version":[{"id":1950,"href":"https:\/\/sm-itsolutions.com\/es\/wp-json\/wp\/v2\/pages\/1074\/revisions\/1950"}],"wp:attachment":[{"href":"https:\/\/sm-itsolutions.com\/es\/wp-json\/wp\/v2\/media?parent=1074"}],"curies":[{"name":"wp","href":"https:\/\/api.w.org\/{rel}","templated":true}]}}