{"id":1073,"date":"2025-02-11T22:46:35","date_gmt":"2025-02-11T22:46:35","guid":{"rendered":"https:\/\/sm-itsolutions.com\/?page_id=1073"},"modified":"2025-02-21T01:22:32","modified_gmt":"2025-02-21T01:22:32","slug":"cabling-services","status":"publish","type":"page","link":"https:\/\/sm-itsolutions.com\/es\/cabling-services\/","title":{"rendered":"Servicios de cableado"},"content":{"rendered":"<div data-elementor-type=\"wp-page\" data-elementor-id=\"1073\" class=\"elementor elementor-1073\">\n\t\t\t\t<div class=\"elementor-element elementor-element-cb57068 e-flex e-con-boxed e-con e-parent\" data-id=\"cb57068\" data-element_type=\"container\" data-e-type=\"container\">\n\t\t\t\t\t<div class=\"e-con-inner\">\n\t\t\t\t<div class=\"elementor-element elementor-element-a768bf4 elementor-widget elementor-widget-shortcode\" data-id=\"a768bf4\" data-element_type=\"widget\" data-e-type=\"widget\" data-widget_type=\"shortcode.default\">\n\t\t\t\t<div class=\"elementor-widget-container\">\n\t\t\t\t\t\t\t<div class=\"elementor-shortcode\"><\/div>\n\t\t\t\t\t\t<\/div>\n\t\t\t\t<\/div>\n\t\t\t\t\t<\/div>\n\t\t\t\t<\/div>\n\t\t<div class=\"elementor-element elementor-element-24c3435 e-flex e-con-boxed e-con e-parent\" data-id=\"24c3435\" data-element_type=\"container\" data-e-type=\"container\">\n\t\t\t\t\t<div class=\"e-con-inner\">\n\t\t\t\t<div class=\"elementor-element elementor-element-2626df7 elementor-widget elementor-widget-spacer\" data-id=\"2626df7\" data-element_type=\"widget\" data-e-type=\"widget\" data-widget_type=\"spacer.default\">\n\t\t\t\t<div class=\"elementor-widget-container\">\n\t\t\t\t\t\t\t<div class=\"elementor-spacer\">\n\t\t\t<div class=\"elementor-spacer-inner\"><\/div>\n\t\t<\/div>\n\t\t\t\t\t\t<\/div>\n\t\t\t\t<\/div>\n\t\t\t\t\t<\/div>\n\t\t\t\t<\/div>\n\t\t<div class=\"elementor-element elementor-element-a945520 e-flex e-con-boxed e-con e-parent\" data-id=\"a945520\" data-element_type=\"container\" data-e-type=\"container\">\n\t\t\t\t\t<div class=\"e-con-inner\">\n\t\t\t\t<div class=\"elementor-element elementor-element-bdd3524 elementor-widget elementor-widget-text-editor\" data-id=\"bdd3524\" data-element_type=\"widget\" data-e-type=\"widget\" data-widget_type=\"text-editor.default\">\n\t\t\t\t<div class=\"elementor-widget-container\">\n\t\t\t\t\t\t\t\t\t<p><strong>SM IT Solutions<\/strong> ofrece servicios especializados en <strong>Servicios de cableado<\/strong> para garantizar una infraestructura de red s\u00f3lida y eficiente. Nuestros servicios incluyen:<\/p>\t\t\t\t\t\t\t\t<\/div>\n\t\t\t\t<\/div>\n\t\t\t\t\t<\/div>\n\t\t\t\t<\/div>\n\t\t<div class=\"elementor-element elementor-element-b1feac4 e-flex e-con-boxed e-con e-parent\" data-id=\"b1feac4\" data-element_type=\"container\" data-e-type=\"container\">\n\t\t\t\t\t<div class=\"e-con-inner\">\n\t\t\t\t<div class=\"elementor-element elementor-element-e050514 elementor-widget elementor-widget-spacer\" data-id=\"e050514\" data-element_type=\"widget\" data-e-type=\"widget\" data-widget_type=\"spacer.default\">\n\t\t\t\t<div class=\"elementor-widget-container\">\n\t\t\t\t\t\t\t<div class=\"elementor-spacer\">\n\t\t\t<div class=\"elementor-spacer-inner\"><\/div>\n\t\t<\/div>\n\t\t\t\t\t\t<\/div>\n\t\t\t\t<\/div>\n\t\t\t\t\t<\/div>\n\t\t\t\t<\/div>\n\t\t<div class=\"elementor-element elementor-element-1ac21d0 e-flex e-con-boxed e-con e-parent\" data-id=\"1ac21d0\" data-element_type=\"container\" data-e-type=\"container\" data-settings=\"{&quot;background_background&quot;:&quot;classic&quot;}\">\n\t\t\t\t\t<div class=\"e-con-inner\">\n\t\t<div class=\"elementor-element elementor-element-73e6029 e-con-full e-flex e-con e-child\" data-id=\"73e6029\" data-element_type=\"container\" data-e-type=\"container\">\n\t\t\t\t<div class=\"elementor-element elementor-element-deeea57 elementor-position-top elementor-widget elementor-widget-image-box\" data-id=\"deeea57\" data-element_type=\"widget\" data-e-type=\"widget\" data-widget_type=\"image-box.default\">\n\t\t\t\t<div class=\"elementor-widget-container\">\n\t\t\t\t\t<div class=\"elementor-image-box-wrapper\"><figure class=\"elementor-image-box-img\"><img fetchpriority=\"high\" decoding=\"async\" width=\"768\" height=\"768\" src=\"https:\/\/sm-itsolutions.com\/wp-content\/uploads\/2025\/02\/Structured-Cabling-Installation.png\" class=\"attachment-full size-full wp-image-1403\" alt=\"\" srcset=\"https:\/\/sm-itsolutions.com\/wp-content\/uploads\/2025\/02\/Structured-Cabling-Installation.png 768w, https:\/\/sm-itsolutions.com\/wp-content\/uploads\/2025\/02\/Structured-Cabling-Installation-300x300.png 300w, https:\/\/sm-itsolutions.com\/wp-content\/uploads\/2025\/02\/Structured-Cabling-Installation-150x150.png 150w, https:\/\/sm-itsolutions.com\/wp-content\/uploads\/2025\/02\/Structured-Cabling-Installation-12x12.png 12w\" sizes=\"(max-width: 768px) 100vw, 768px\" \/><\/figure><div class=\"elementor-image-box-content\"><h3 class=\"elementor-image-box-title\">1. Instalaci\u00f3n de cableado estructurado<\/h3><p class=\"elementor-image-box-description\">Dise\u00f1amos e instalamos sistemas de cableado estructurado para redes de datos, voz y video, garantizando conexiones r\u00e1pidas y confiables.<\/p><\/div><\/div>\t\t\t\t<\/div>\n\t\t\t\t<\/div>\n\t\t\t\t<\/div>\n\t\t<div class=\"elementor-element elementor-element-315cb6b e-con-full e-flex e-con e-child\" data-id=\"315cb6b\" data-element_type=\"container\" data-e-type=\"container\">\n\t\t\t\t<div class=\"elementor-element elementor-element-39a3ed8 elementor-position-top elementor-widget elementor-widget-image-box\" data-id=\"39a3ed8\" data-element_type=\"widget\" data-e-type=\"widget\" data-widget_type=\"image-box.default\">\n\t\t\t\t<div class=\"elementor-widget-container\">\n\t\t\t\t\t<div class=\"elementor-image-box-wrapper\"><figure class=\"elementor-image-box-img\"><img decoding=\"async\" width=\"768\" height=\"768\" src=\"https:\/\/sm-itsolutions.com\/wp-content\/uploads\/2025\/02\/Fiber-Optic-Cabling.png\" class=\"attachment-full size-full wp-image-1405\" alt=\"\" srcset=\"https:\/\/sm-itsolutions.com\/wp-content\/uploads\/2025\/02\/Fiber-Optic-Cabling.png 768w, https:\/\/sm-itsolutions.com\/wp-content\/uploads\/2025\/02\/Fiber-Optic-Cabling-300x300.png 300w, https:\/\/sm-itsolutions.com\/wp-content\/uploads\/2025\/02\/Fiber-Optic-Cabling-150x150.png 150w, https:\/\/sm-itsolutions.com\/wp-content\/uploads\/2025\/02\/Fiber-Optic-Cabling-12x12.png 12w\" sizes=\"(max-width: 768px) 100vw, 768px\" \/><\/figure><div class=\"elementor-image-box-content\"><h3 class=\"elementor-image-box-title\">2. Cableado de fibra \u00f3ptica<\/h3><p class=\"elementor-image-box-description\"><br>Implementamos soluciones de cableado de fibra \u00f3ptica para proporcionar velocidades de transmisi\u00f3n m\u00e1s r\u00e1pidas y un rendimiento superior, ideal para empresas con altas demandas de ancho de banda.<\/p><\/div><\/div>\t\t\t\t<\/div>\n\t\t\t\t<\/div>\n\t\t\t\t<\/div>\n\t\t<div class=\"elementor-element elementor-element-f2341f6 e-con-full e-flex e-con e-child\" data-id=\"f2341f6\" data-element_type=\"container\" data-e-type=\"container\">\n\t\t\t\t<div class=\"elementor-element elementor-element-936f93d elementor-position-top elementor-widget elementor-widget-image-box\" data-id=\"936f93d\" data-element_type=\"widget\" data-e-type=\"widget\" data-widget_type=\"image-box.default\">\n\t\t\t\t<div class=\"elementor-widget-container\">\n\t\t\t\t\t<div class=\"elementor-image-box-wrapper\"><figure class=\"elementor-image-box-img\"><img decoding=\"async\" width=\"768\" height=\"768\" src=\"https:\/\/sm-itsolutions.com\/wp-content\/uploads\/2025\/02\/Electrical-and-Communication-Cabling.png\" class=\"attachment-full size-full wp-image-1406\" alt=\"\" srcset=\"https:\/\/sm-itsolutions.com\/wp-content\/uploads\/2025\/02\/Electrical-and-Communication-Cabling.png 768w, https:\/\/sm-itsolutions.com\/wp-content\/uploads\/2025\/02\/Electrical-and-Communication-Cabling-300x300.png 300w, https:\/\/sm-itsolutions.com\/wp-content\/uploads\/2025\/02\/Electrical-and-Communication-Cabling-150x150.png 150w, https:\/\/sm-itsolutions.com\/wp-content\/uploads\/2025\/02\/Electrical-and-Communication-Cabling-12x12.png 12w\" sizes=\"(max-width: 768px) 100vw, 768px\" \/><\/figure><div class=\"elementor-image-box-content\"><h3 class=\"elementor-image-box-title\">3. Cableado el\u00e9ctrico y de comunicaciones<\/h3><p class=\"elementor-image-box-description\">Realizamos instalaciones de cableado el\u00e9ctrico y de comunicaciones, asegurando que todos los sistemas tecnol\u00f3gicos y energ\u00e9ticos est\u00e9n integrados de manera eficiente.<\/p><\/div><\/div>\t\t\t\t<\/div>\n\t\t\t\t<\/div>\n\t\t\t\t<\/div>\n\t\t\t\t\t<\/div>\n\t\t\t\t<\/div>\n\t\t<div class=\"elementor-element elementor-element-6f007a8 e-flex e-con-boxed e-con e-parent\" data-id=\"6f007a8\" data-element_type=\"container\" data-e-type=\"container\">\n\t\t\t\t\t<div class=\"e-con-inner\">\n\t\t\t\t<div class=\"elementor-element elementor-element-2179bec elementor-widget elementor-widget-spacer\" data-id=\"2179bec\" data-element_type=\"widget\" data-e-type=\"widget\" data-widget_type=\"spacer.default\">\n\t\t\t\t<div class=\"elementor-widget-container\">\n\t\t\t\t\t\t\t<div class=\"elementor-spacer\">\n\t\t\t<div class=\"elementor-spacer-inner\"><\/div>\n\t\t<\/div>\n\t\t\t\t\t\t<\/div>\n\t\t\t\t<\/div>\n\t\t\t\t\t<\/div>\n\t\t\t\t<\/div>\n\t\t<div class=\"elementor-element elementor-element-744660f e-flex e-con-boxed e-con e-parent\" data-id=\"744660f\" data-element_type=\"container\" data-e-type=\"container\" data-settings=\"{&quot;background_background&quot;:&quot;classic&quot;}\">\n\t\t\t\t\t<div class=\"e-con-inner\">\n\t\t<div class=\"elementor-element elementor-element-2baf28f e-con-full e-flex e-con e-child\" data-id=\"2baf28f\" data-element_type=\"container\" data-e-type=\"container\">\n\t\t\t\t<div class=\"elementor-element elementor-element-48a594a elementor-position-top elementor-widget elementor-widget-image-box\" data-id=\"48a594a\" data-element_type=\"widget\" data-e-type=\"widget\" data-widget_type=\"image-box.default\">\n\t\t\t\t<div class=\"elementor-widget-container\">\n\t\t\t\t\t<div class=\"elementor-image-box-wrapper\"><figure class=\"elementor-image-box-img\"><img loading=\"lazy\" decoding=\"async\" width=\"768\" height=\"768\" src=\"https:\/\/sm-itsolutions.com\/wp-content\/uploads\/2025\/02\/Relocation-and-Cabling-Upgrades.png\" class=\"attachment-full size-full wp-image-1411\" alt=\"\" srcset=\"https:\/\/sm-itsolutions.com\/wp-content\/uploads\/2025\/02\/Relocation-and-Cabling-Upgrades.png 768w, https:\/\/sm-itsolutions.com\/wp-content\/uploads\/2025\/02\/Relocation-and-Cabling-Upgrades-300x300.png 300w, https:\/\/sm-itsolutions.com\/wp-content\/uploads\/2025\/02\/Relocation-and-Cabling-Upgrades-150x150.png 150w, https:\/\/sm-itsolutions.com\/wp-content\/uploads\/2025\/02\/Relocation-and-Cabling-Upgrades-12x12.png 12w\" sizes=\"(max-width: 768px) 100vw, 768px\" \/><\/figure><div class=\"elementor-image-box-content\"><h3 class=\"elementor-image-box-title\">4. Reubicaci\u00f3n y actualizaci\u00f3n de cableado<\/h3><p class=\"elementor-image-box-description\">Nos encargamos de la reubicaci\u00f3n y actualizaci\u00f3n de los sistemas de cableado existentes para satisfacer nuevas necesidades tecnol\u00f3gicas, asegurando una infraestructura flexible y eficiente.<\/p><\/div><\/div>\t\t\t\t<\/div>\n\t\t\t\t<\/div>\n\t\t\t\t<\/div>\n\t\t<div class=\"elementor-element elementor-element-d581451 e-con-full e-flex e-con e-child\" data-id=\"d581451\" data-element_type=\"container\" data-e-type=\"container\">\n\t\t\t\t<div class=\"elementor-element elementor-element-535bbd2 elementor-position-top elementor-widget elementor-widget-image-box\" data-id=\"535bbd2\" data-element_type=\"widget\" data-e-type=\"widget\" data-widget_type=\"image-box.default\">\n\t\t\t\t<div class=\"elementor-widget-container\">\n\t\t\t\t\t<div class=\"elementor-image-box-wrapper\"><figure class=\"elementor-image-box-img\"><img loading=\"lazy\" decoding=\"async\" width=\"768\" height=\"768\" src=\"https:\/\/sm-itsolutions.com\/wp-content\/uploads\/2025\/02\/Cabling-Maintenance-and-Repair.png\" class=\"attachment-full size-full wp-image-1412\" alt=\"\" srcset=\"https:\/\/sm-itsolutions.com\/wp-content\/uploads\/2025\/02\/Cabling-Maintenance-and-Repair.png 768w, https:\/\/sm-itsolutions.com\/wp-content\/uploads\/2025\/02\/Cabling-Maintenance-and-Repair-300x300.png 300w, https:\/\/sm-itsolutions.com\/wp-content\/uploads\/2025\/02\/Cabling-Maintenance-and-Repair-150x150.png 150w, https:\/\/sm-itsolutions.com\/wp-content\/uploads\/2025\/02\/Cabling-Maintenance-and-Repair-12x12.png 12w\" sizes=\"(max-width: 768px) 100vw, 768px\" \/><\/figure><div class=\"elementor-image-box-content\"><h3 class=\"elementor-image-box-title\">5. Mantenimiento y reparaci\u00f3n de cableado<\/h3><p class=\"elementor-image-box-description\">Ofrecemos servicios continuos de mantenimiento y reparaci\u00f3n de sistemas de cableado, identificando posibles problemas y realizando ajustes para mantener un rendimiento \u00f3ptimo.<\/p><\/div><\/div>\t\t\t\t<\/div>\n\t\t\t\t<\/div>\n\t\t\t\t<\/div>\n\t\t<div class=\"elementor-element elementor-element-e8cc762 e-con-full e-flex e-con e-child\" data-id=\"e8cc762\" data-element_type=\"container\" data-e-type=\"container\">\n\t\t\t\t<div class=\"elementor-element elementor-element-37887bb elementor-position-top elementor-widget elementor-widget-image-box\" data-id=\"37887bb\" data-element_type=\"widget\" data-e-type=\"widget\" data-widget_type=\"image-box.default\">\n\t\t\t\t<div class=\"elementor-widget-container\">\n\t\t\t\t\t<div class=\"elementor-image-box-wrapper\"><figure class=\"elementor-image-box-img\"><img loading=\"lazy\" decoding=\"async\" width=\"768\" height=\"768\" src=\"https:\/\/sm-itsolutions.com\/wp-content\/uploads\/2025\/02\/Cabling-Testing.png\" class=\"attachment-full size-full wp-image-1413\" alt=\"\" srcset=\"https:\/\/sm-itsolutions.com\/wp-content\/uploads\/2025\/02\/Cabling-Testing.png 768w, https:\/\/sm-itsolutions.com\/wp-content\/uploads\/2025\/02\/Cabling-Testing-300x300.png 300w, https:\/\/sm-itsolutions.com\/wp-content\/uploads\/2025\/02\/Cabling-Testing-150x150.png 150w, https:\/\/sm-itsolutions.com\/wp-content\/uploads\/2025\/02\/Cabling-Testing-12x12.png 12w\" sizes=\"(max-width: 768px) 100vw, 768px\" \/><\/figure><div class=\"elementor-image-box-content\"><h3 class=\"elementor-image-box-title\">6. Pruebas de cableado<\/h3><p class=\"elementor-image-box-description\"><br><br>Realizamos pruebas de rendimiento en todo tipo de cableado para garantizar que cumplan con los est\u00e1ndares de calidad y eficiencia.<\/p><\/div><\/div>\t\t\t\t<\/div>\n\t\t\t\t<\/div>\n\t\t\t\t<\/div>\n\t\t\t\t\t<\/div>\n\t\t\t\t<\/div>\n\t\t<div class=\"elementor-element elementor-element-4444362 e-flex e-con-boxed e-con e-parent\" data-id=\"4444362\" data-element_type=\"container\" data-e-type=\"container\">\n\t\t\t\t\t<div class=\"e-con-inner\">\n\t\t\t\t<div class=\"elementor-element elementor-element-b5e39dd elementor-widget elementor-widget-spacer\" data-id=\"b5e39dd\" data-element_type=\"widget\" data-e-type=\"widget\" data-widget_type=\"spacer.default\">\n\t\t\t\t<div class=\"elementor-widget-container\">\n\t\t\t\t\t\t\t<div class=\"elementor-spacer\">\n\t\t\t<div class=\"elementor-spacer-inner\"><\/div>\n\t\t<\/div>\n\t\t\t\t\t\t<\/div>\n\t\t\t\t<\/div>\n\t\t\t\t\t<\/div>\n\t\t\t\t<\/div>\n\t\t<div class=\"elementor-element elementor-element-24a5ffa e-flex e-con-boxed e-con e-parent\" data-id=\"24a5ffa\" data-element_type=\"container\" data-e-type=\"container\" data-settings=\"{&quot;background_background&quot;:&quot;classic&quot;}\">\n\t\t\t\t\t<div class=\"e-con-inner\">\n\t\t<div class=\"elementor-element elementor-element-658211e e-con-full e-flex e-con e-child\" data-id=\"658211e\" data-element_type=\"container\" data-e-type=\"container\">\n\t\t\t\t<\/div>\n\t\t<div class=\"elementor-element elementor-element-ddeb4b3 e-con-full e-flex e-con e-child\" data-id=\"ddeb4b3\" data-element_type=\"container\" data-e-type=\"container\">\n\t\t\t\t<div class=\"elementor-element elementor-element-745980a elementor-position-top elementor-widget elementor-widget-image-box\" data-id=\"745980a\" data-element_type=\"widget\" data-e-type=\"widget\" data-widget_type=\"image-box.default\">\n\t\t\t\t<div class=\"elementor-widget-container\">\n\t\t\t\t\t<div class=\"elementor-image-box-wrapper\"><figure class=\"elementor-image-box-img\"><img loading=\"lazy\" decoding=\"async\" width=\"768\" height=\"768\" src=\"https:\/\/sm-itsolutions.com\/wp-content\/uploads\/2025\/02\/Cabling-Consulting-and-Planning.png\" class=\"attachment-full size-full wp-image-1414\" alt=\"\" srcset=\"https:\/\/sm-itsolutions.com\/wp-content\/uploads\/2025\/02\/Cabling-Consulting-and-Planning.png 768w, https:\/\/sm-itsolutions.com\/wp-content\/uploads\/2025\/02\/Cabling-Consulting-and-Planning-300x300.png 300w, https:\/\/sm-itsolutions.com\/wp-content\/uploads\/2025\/02\/Cabling-Consulting-and-Planning-150x150.png 150w, https:\/\/sm-itsolutions.com\/wp-content\/uploads\/2025\/02\/Cabling-Consulting-and-Planning-12x12.png 12w\" sizes=\"(max-width: 768px) 100vw, 768px\" \/><\/figure><div class=\"elementor-image-box-content\"><h3 class=\"elementor-image-box-title\">7. Consultor\u00eda y planificaci\u00f3n de cableado<\/h3><p class=\"elementor-image-box-description\">Brindamos asesor\u00eda experta para dise\u00f1ar y planificar soluciones de cableado adaptadas a las necesidades de su infraestructura, garantizando una instalaci\u00f3n eficiente y organizada.<\/p><\/div><\/div>\t\t\t\t<\/div>\n\t\t\t\t<\/div>\n\t\t\t\t<\/div>\n\t\t<div class=\"elementor-element elementor-element-7b9ce58 e-con-full e-flex e-con e-child\" data-id=\"7b9ce58\" data-element_type=\"container\" data-e-type=\"container\">\n\t\t\t\t<\/div>\n\t\t\t\t\t<\/div>\n\t\t\t\t<\/div>\n\t\t<div class=\"elementor-element elementor-element-dcf76d6 e-flex e-con-boxed e-con e-parent\" data-id=\"dcf76d6\" data-element_type=\"container\" data-e-type=\"container\">\n\t\t\t\t\t<div class=\"e-con-inner\">\n\t\t\t\t<div class=\"elementor-element elementor-element-7c99422 elementor-widget elementor-widget-spacer\" data-id=\"7c99422\" data-element_type=\"widget\" data-e-type=\"widget\" data-widget_type=\"spacer.default\">\n\t\t\t\t<div class=\"elementor-widget-container\">\n\t\t\t\t\t\t\t<div class=\"elementor-spacer\">\n\t\t\t<div class=\"elementor-spacer-inner\"><\/div>\n\t\t<\/div>\n\t\t\t\t\t\t<\/div>\n\t\t\t\t<\/div>\n\t\t\t\t\t<\/div>\n\t\t\t\t<\/div>\n\t\t<div class=\"elementor-element elementor-element-5883658 e-flex e-con-boxed e-con e-parent\" data-id=\"5883658\" data-element_type=\"container\" data-e-type=\"container\">\n\t\t\t\t\t<div class=\"e-con-inner\">\n\t\t\t\t<div class=\"elementor-element elementor-element-5089a1d elementor-widget elementor-widget-text-editor\" data-id=\"5089a1d\" data-element_type=\"widget\" data-e-type=\"widget\" data-widget_type=\"text-editor.default\">\n\t\t\t\t<div class=\"elementor-widget-container\">\n\t\t\t\t\t\t\t\t\t<p>Con nuestros <strong>Servicios de cableado<\/strong>, garantizamos que su infraestructura de red sea robusta, escalable y est\u00e9 preparada para soportar las demandas tecnol\u00f3gicas de su negocio.<\/p>\t\t\t\t\t\t\t\t<\/div>\n\t\t\t\t<\/div>\n\t\t\t\t\t<\/div>\n\t\t\t\t<\/div>\n\t\t<div class=\"elementor-element elementor-element-124506c e-flex e-con-boxed e-con e-parent\" data-id=\"124506c\" data-element_type=\"container\" data-e-type=\"container\">\n\t\t\t\t\t<div class=\"e-con-inner\">\n\t\t\t\t<div class=\"elementor-element elementor-element-e1366e5 elementor-widget elementor-widget-spacer\" data-id=\"e1366e5\" data-element_type=\"widget\" data-e-type=\"widget\" data-widget_type=\"spacer.default\">\n\t\t\t\t<div class=\"elementor-widget-container\">\n\t\t\t\t\t\t\t<div class=\"elementor-spacer\">\n\t\t\t<div class=\"elementor-spacer-inner\"><\/div>\n\t\t<\/div>\n\t\t\t\t\t\t<\/div>\n\t\t\t\t<\/div>\n\t\t\t\t\t<\/div>\n\t\t\t\t<\/div>\n\t\t\t\t<\/div>","protected":false},"excerpt":{"rendered":"<p>SM IT Solutions offers specialized Cabling Services to ensure a solid and efficient network infrastructure. Our services include: 1. Structured Cabling Installation We design and install structured cabling systems for data, voice, and video networks, ensuring fast and reliable connections. 2. Fiber Optic Cabling We implement fiber optic cabling solutions to provide faster transmission speeds [&hellip;]<\/p>\n","protected":false},"author":1,"featured_media":0,"parent":0,"menu_order":0,"comment_status":"closed","ping_status":"closed","template":"elementor_header_footer","meta":{"footnotes":""},"class_list":["post-1073","page","type-page","status-publish","hentry"],"_links":{"self":[{"href":"https:\/\/sm-itsolutions.com\/es\/wp-json\/wp\/v2\/pages\/1073","targetHints":{"allow":["GET"]}}],"collection":[{"href":"https:\/\/sm-itsolutions.com\/es\/wp-json\/wp\/v2\/pages"}],"about":[{"href":"https:\/\/sm-itsolutions.com\/es\/wp-json\/wp\/v2\/types\/page"}],"author":[{"embeddable":true,"href":"https:\/\/sm-itsolutions.com\/es\/wp-json\/wp\/v2\/users\/1"}],"replies":[{"embeddable":true,"href":"https:\/\/sm-itsolutions.com\/es\/wp-json\/wp\/v2\/comments?post=1073"}],"version-history":[{"count":16,"href":"https:\/\/sm-itsolutions.com\/es\/wp-json\/wp\/v2\/pages\/1073\/revisions"}],"predecessor-version":[{"id":1420,"href":"https:\/\/sm-itsolutions.com\/es\/wp-json\/wp\/v2\/pages\/1073\/revisions\/1420"}],"wp:attachment":[{"href":"https:\/\/sm-itsolutions.com\/es\/wp-json\/wp\/v2\/media?parent=1073"}],"curies":[{"name":"wp","href":"https:\/\/api.w.org\/{rel}","templated":true}]}}