{"id":1072,"date":"2025-02-11T22:46:35","date_gmt":"2025-02-11T22:46:35","guid":{"rendered":"https:\/\/sm-itsolutions.com\/?page_id=1072"},"modified":"2025-08-13T01:08:35","modified_gmt":"2025-08-13T01:08:35","slug":"infrastructure-support","status":"publish","type":"page","link":"https:\/\/sm-itsolutions.com\/es\/infrastructure-support\/","title":{"rendered":"Soporte de infraestructura"},"content":{"rendered":"<div data-elementor-type=\"wp-page\" data-elementor-id=\"1072\" class=\"elementor elementor-1072\">\n\t\t\t\t<div class=\"elementor-element elementor-element-c736cc4 e-flex e-con-boxed e-con e-parent\" data-id=\"c736cc4\" data-element_type=\"container\" data-e-type=\"container\">\n\t\t\t\t\t<div class=\"e-con-inner\">\n\t\t\t\t<div class=\"elementor-element elementor-element-ae26cee elementor-widget elementor-widget-shortcode\" data-id=\"ae26cee\" data-element_type=\"widget\" data-e-type=\"widget\" data-widget_type=\"shortcode.default\">\n\t\t\t\t<div class=\"elementor-widget-container\">\n\t\t\t\t\t\t\t<div class=\"elementor-shortcode\"><\/div>\n\t\t\t\t\t\t<\/div>\n\t\t\t\t<\/div>\n\t\t\t\t\t<\/div>\n\t\t\t\t<\/div>\n\t\t<div class=\"elementor-element elementor-element-c01f5e0 e-flex e-con-boxed e-con e-parent\" data-id=\"c01f5e0\" data-element_type=\"container\" data-e-type=\"container\">\n\t\t\t\t\t<div class=\"e-con-inner\">\n\t\t\t\t<div class=\"elementor-element elementor-element-10b0952 elementor-widget elementor-widget-spacer\" data-id=\"10b0952\" data-element_type=\"widget\" data-e-type=\"widget\" data-widget_type=\"spacer.default\">\n\t\t\t\t<div class=\"elementor-widget-container\">\n\t\t\t\t\t\t\t<div class=\"elementor-spacer\">\n\t\t\t<div class=\"elementor-spacer-inner\"><\/div>\n\t\t<\/div>\n\t\t\t\t\t\t<\/div>\n\t\t\t\t<\/div>\n\t\t\t\t\t<\/div>\n\t\t\t\t<\/div>\n\t\t<div class=\"elementor-element elementor-element-482b379 e-flex e-con-boxed e-con e-parent\" data-id=\"482b379\" data-element_type=\"container\" data-e-type=\"container\">\n\t\t\t\t\t<div class=\"e-con-inner\">\n\t\t\t\t<div class=\"elementor-element elementor-element-74b6ebf elementor-widget elementor-widget-text-editor\" data-id=\"74b6ebf\" data-element_type=\"widget\" data-e-type=\"widget\" data-widget_type=\"text-editor.default\">\n\t\t\t\t<div class=\"elementor-widget-container\">\n\t\t\t\t\t\t\t\t\t<p><strong>SM IT Solutions<\/strong> ofrece una amplia gama de <strong>Servicios de soporte de infraestructura<\/strong> para garantizar que la infraestructura tecnol\u00f3gica de su empresa sea confiable, escalable y siempre est\u00e9 optimizada. Nuestros servicios incluyen:<\/p>\t\t\t\t\t\t\t\t<\/div>\n\t\t\t\t<\/div>\n\t\t\t\t\t<\/div>\n\t\t\t\t<\/div>\n\t\t<div class=\"elementor-element elementor-element-867dc66 e-flex e-con-boxed e-con e-parent\" data-id=\"867dc66\" data-element_type=\"container\" data-e-type=\"container\">\n\t\t\t\t\t<div class=\"e-con-inner\">\n\t\t\t\t<div class=\"elementor-element elementor-element-9d1d6a7 elementor-widget elementor-widget-spacer\" data-id=\"9d1d6a7\" data-element_type=\"widget\" data-e-type=\"widget\" data-widget_type=\"spacer.default\">\n\t\t\t\t<div class=\"elementor-widget-container\">\n\t\t\t\t\t\t\t<div class=\"elementor-spacer\">\n\t\t\t<div class=\"elementor-spacer-inner\"><\/div>\n\t\t<\/div>\n\t\t\t\t\t\t<\/div>\n\t\t\t\t<\/div>\n\t\t\t\t\t<\/div>\n\t\t\t\t<\/div>\n\t\t<div class=\"elementor-element elementor-element-15004f5 e-flex e-con-boxed e-con e-parent\" data-id=\"15004f5\" data-element_type=\"container\" data-e-type=\"container\" data-settings=\"{&quot;background_background&quot;:&quot;classic&quot;}\">\n\t\t\t\t\t<div class=\"e-con-inner\">\n\t\t<div class=\"elementor-element elementor-element-1fb3a72 e-con-full e-flex e-con e-child\" data-id=\"1fb3a72\" data-element_type=\"container\" data-e-type=\"container\">\n\t\t\t\t<div class=\"elementor-element elementor-element-de689e1 elementor-position-top elementor-widget elementor-widget-image-box\" data-id=\"de689e1\" data-element_type=\"widget\" data-e-type=\"widget\" data-widget_type=\"image-box.default\">\n\t\t\t\t<div class=\"elementor-widget-container\">\n\t\t\t\t\t<div class=\"elementor-image-box-wrapper\"><figure class=\"elementor-image-box-img\"><img fetchpriority=\"high\" decoding=\"async\" width=\"768\" height=\"768\" src=\"https:\/\/sm-itsolutions.com\/wp-content\/uploads\/2025\/02\/Server-Management.png\" class=\"attachment-full size-full wp-image-1361\" alt=\"\" srcset=\"https:\/\/sm-itsolutions.com\/wp-content\/uploads\/2025\/02\/Server-Management.png 768w, https:\/\/sm-itsolutions.com\/wp-content\/uploads\/2025\/02\/Server-Management-300x300.png 300w, https:\/\/sm-itsolutions.com\/wp-content\/uploads\/2025\/02\/Server-Management-150x150.png 150w, https:\/\/sm-itsolutions.com\/wp-content\/uploads\/2025\/02\/Server-Management-12x12.png 12w\" sizes=\"(max-width: 768px) 100vw, 768px\" \/><\/figure><div class=\"elementor-image-box-content\"><h3 class=\"elementor-image-box-title\">1. Gesti\u00f3n de servidores <\/h3><p class=\"elementor-image-box-description\"><br><br><br>Monitoreamos, mantenemos y optimizamos tanto servidores f\u00edsicos como virtuales, garantizando un rendimiento y disponibilidad \u00f3ptimos.<\/p><\/div><\/div>\t\t\t\t<\/div>\n\t\t\t\t<\/div>\n\t\t\t\t<\/div>\n\t\t<div class=\"elementor-element elementor-element-d32bd9b e-con-full e-flex e-con e-child\" data-id=\"d32bd9b\" data-element_type=\"container\" data-e-type=\"container\">\n\t\t\t\t<div class=\"elementor-element elementor-element-ecb5be1 elementor-position-top elementor-widget elementor-widget-image-box\" data-id=\"ecb5be1\" data-element_type=\"widget\" data-e-type=\"widget\" data-widget_type=\"image-box.default\">\n\t\t\t\t<div class=\"elementor-widget-container\">\n\t\t\t\t\t<div class=\"elementor-image-box-wrapper\"><figure class=\"elementor-image-box-img\"><img decoding=\"async\" width=\"768\" height=\"768\" src=\"https:\/\/sm-itsolutions.com\/wp-content\/uploads\/2025\/02\/Infrastructure-Maintenance.png\" class=\"attachment-full size-full wp-image-1363\" alt=\"\" srcset=\"https:\/\/sm-itsolutions.com\/wp-content\/uploads\/2025\/02\/Infrastructure-Maintenance.png 768w, https:\/\/sm-itsolutions.com\/wp-content\/uploads\/2025\/02\/Infrastructure-Maintenance-300x300.png 300w, https:\/\/sm-itsolutions.com\/wp-content\/uploads\/2025\/02\/Infrastructure-Maintenance-150x150.png 150w, https:\/\/sm-itsolutions.com\/wp-content\/uploads\/2025\/02\/Infrastructure-Maintenance-12x12.png 12w\" sizes=\"(max-width: 768px) 100vw, 768px\" \/><\/figure><div class=\"elementor-image-box-content\"><h3 class=\"elementor-image-box-title\">2. Mantenimiento de infraestructura<\/h3><p class=\"elementor-image-box-description\"><br>Brindamos soporte continuo para todos los componentes de su infraestructura tecnol\u00f3gica, incluyendo almacenamiento, redes y equipos de comunicaci\u00f3n, asegurando que todo funcione sin inconvenientes.<\/p><\/div><\/div>\t\t\t\t<\/div>\n\t\t\t\t<\/div>\n\t\t\t\t<\/div>\n\t\t<div class=\"elementor-element elementor-element-fa2ee86 e-con-full e-flex e-con e-child\" data-id=\"fa2ee86\" data-element_type=\"container\" data-e-type=\"container\">\n\t\t\t\t<div class=\"elementor-element elementor-element-0270a93 elementor-position-top elementor-widget elementor-widget-image-box\" data-id=\"0270a93\" data-element_type=\"widget\" data-e-type=\"widget\" data-widget_type=\"image-box.default\">\n\t\t\t\t<div class=\"elementor-widget-container\">\n\t\t\t\t\t<div class=\"elementor-image-box-wrapper\"><figure class=\"elementor-image-box-img\"><img decoding=\"async\" width=\"768\" height=\"768\" src=\"https:\/\/sm-itsolutions.com\/wp-content\/uploads\/2025\/02\/Data-Storage-Support.png\" class=\"attachment-full size-full wp-image-1364\" alt=\"\" srcset=\"https:\/\/sm-itsolutions.com\/wp-content\/uploads\/2025\/02\/Data-Storage-Support.png 768w, https:\/\/sm-itsolutions.com\/wp-content\/uploads\/2025\/02\/Data-Storage-Support-300x300.png 300w, https:\/\/sm-itsolutions.com\/wp-content\/uploads\/2025\/02\/Data-Storage-Support-150x150.png 150w, https:\/\/sm-itsolutions.com\/wp-content\/uploads\/2025\/02\/Data-Storage-Support-12x12.png 12w\" sizes=\"(max-width: 768px) 100vw, 768px\" \/><\/figure><div class=\"elementor-image-box-content\"><h3 class=\"elementor-image-box-title\">3. Soporte para almacenamiento de datos<\/h3><p class=\"elementor-image-box-description\"><br><br>Implementamos y gestionamos soluciones de almacenamiento eficientes y seguras, tanto en las instalaciones como en la nube, para proteger sus datos y garantizar su accesibilidad.<\/p><\/div><\/div>\t\t\t\t<\/div>\n\t\t\t\t<\/div>\n\t\t\t\t<\/div>\n\t\t\t\t\t<\/div>\n\t\t\t\t<\/div>\n\t\t<div class=\"elementor-element elementor-element-bc1730c e-flex e-con-boxed e-con e-parent\" data-id=\"bc1730c\" data-element_type=\"container\" data-e-type=\"container\">\n\t\t\t\t\t<div class=\"e-con-inner\">\n\t\t\t\t<div class=\"elementor-element elementor-element-4dd605a elementor-widget elementor-widget-spacer\" data-id=\"4dd605a\" data-element_type=\"widget\" data-e-type=\"widget\" data-widget_type=\"spacer.default\">\n\t\t\t\t<div class=\"elementor-widget-container\">\n\t\t\t\t\t\t\t<div class=\"elementor-spacer\">\n\t\t\t<div class=\"elementor-spacer-inner\"><\/div>\n\t\t<\/div>\n\t\t\t\t\t\t<\/div>\n\t\t\t\t<\/div>\n\t\t\t\t\t<\/div>\n\t\t\t\t<\/div>\n\t\t<div class=\"elementor-element elementor-element-6d3f4e0 e-flex e-con-boxed e-con e-parent\" data-id=\"6d3f4e0\" data-element_type=\"container\" data-e-type=\"container\" data-settings=\"{&quot;background_background&quot;:&quot;classic&quot;}\">\n\t\t\t\t\t<div class=\"e-con-inner\">\n\t\t<div class=\"elementor-element elementor-element-8cd4075 e-con-full e-flex e-con e-child\" data-id=\"8cd4075\" data-element_type=\"container\" data-e-type=\"container\">\n\t\t\t\t<div class=\"elementor-element elementor-element-1ac3c04 elementor-position-top elementor-widget elementor-widget-image-box\" data-id=\"1ac3c04\" data-element_type=\"widget\" data-e-type=\"widget\" data-widget_type=\"image-box.default\">\n\t\t\t\t<div class=\"elementor-widget-container\">\n\t\t\t\t\t<div class=\"elementor-image-box-wrapper\"><figure class=\"elementor-image-box-img\"><img loading=\"lazy\" decoding=\"async\" width=\"768\" height=\"768\" src=\"https:\/\/sm-itsolutions.com\/wp-content\/uploads\/2025\/02\/Proactive-Monitoring.png\" class=\"attachment-full size-full wp-image-1369\" alt=\"\" srcset=\"https:\/\/sm-itsolutions.com\/wp-content\/uploads\/2025\/02\/Proactive-Monitoring.png 768w, https:\/\/sm-itsolutions.com\/wp-content\/uploads\/2025\/02\/Proactive-Monitoring-300x300.png 300w, https:\/\/sm-itsolutions.com\/wp-content\/uploads\/2025\/02\/Proactive-Monitoring-150x150.png 150w, https:\/\/sm-itsolutions.com\/wp-content\/uploads\/2025\/02\/Proactive-Monitoring-12x12.png 12w\" sizes=\"(max-width: 768px) 100vw, 768px\" \/><\/figure><div class=\"elementor-image-box-content\"><h3 class=\"elementor-image-box-title\">4. Monitoreo proactivo<\/h3><p class=\"elementor-image-box-description\"><br><br>Brindamos monitoreo continuo de la infraestructura para identificar posibles problemas antes de que afecten el rendimiento, asegurando que sus sistemas funcionen sin interrupciones.<\/p><\/div><\/div>\t\t\t\t<\/div>\n\t\t\t\t<\/div>\n\t\t\t\t<\/div>\n\t\t<div class=\"elementor-element elementor-element-c62d444 e-con-full e-flex e-con e-child\" data-id=\"c62d444\" data-element_type=\"container\" data-e-type=\"container\">\n\t\t\t\t<div class=\"elementor-element elementor-element-7bc9a6e elementor-position-top elementor-widget elementor-widget-image-box\" data-id=\"7bc9a6e\" data-element_type=\"widget\" data-e-type=\"widget\" data-widget_type=\"image-box.default\">\n\t\t\t\t<div class=\"elementor-widget-container\">\n\t\t\t\t\t<div class=\"elementor-image-box-wrapper\"><figure class=\"elementor-image-box-img\"><img loading=\"lazy\" decoding=\"async\" width=\"768\" height=\"768\" src=\"https:\/\/sm-itsolutions.com\/wp-content\/uploads\/2025\/02\/Infrastructure-Migration.png\" class=\"attachment-full size-full wp-image-1370\" alt=\"\" srcset=\"https:\/\/sm-itsolutions.com\/wp-content\/uploads\/2025\/02\/Infrastructure-Migration.png 768w, https:\/\/sm-itsolutions.com\/wp-content\/uploads\/2025\/02\/Infrastructure-Migration-300x300.png 300w, https:\/\/sm-itsolutions.com\/wp-content\/uploads\/2025\/02\/Infrastructure-Migration-150x150.png 150w, https:\/\/sm-itsolutions.com\/wp-content\/uploads\/2025\/02\/Infrastructure-Migration-12x12.png 12w\" sizes=\"(max-width: 768px) 100vw, 768px\" \/><\/figure><div class=\"elementor-image-box-content\"><h3 class=\"elementor-image-box-title\">5. Migraci\u00f3n de infraestructura<\/h3><p class=\"elementor-image-box-description\"><br><br>Ayudamos a las empresas en la migraci\u00f3n de sus sistemas y servicios a nuevas plataformas o entornos, asegurando una transici\u00f3n fluida sin p\u00e9rdida de datos.<\/p><\/div><\/div>\t\t\t\t<\/div>\n\t\t\t\t<\/div>\n\t\t\t\t<\/div>\n\t\t<div class=\"elementor-element elementor-element-d1c9793 e-con-full e-flex e-con e-child\" data-id=\"d1c9793\" data-element_type=\"container\" data-e-type=\"container\">\n\t\t\t\t<div class=\"elementor-element elementor-element-51b7df0 elementor-position-top elementor-widget elementor-widget-image-box\" data-id=\"51b7df0\" data-element_type=\"widget\" data-e-type=\"widget\" data-widget_type=\"image-box.default\">\n\t\t\t\t<div class=\"elementor-widget-container\">\n\t\t\t\t\t<div class=\"elementor-image-box-wrapper\"><figure class=\"elementor-image-box-img\"><img loading=\"lazy\" decoding=\"async\" width=\"768\" height=\"768\" src=\"https:\/\/sm-itsolutions.com\/wp-content\/uploads\/2025\/02\/Data-Center-Support-and-Management.png\" class=\"attachment-full size-full wp-image-1375\" alt=\"\" srcset=\"https:\/\/sm-itsolutions.com\/wp-content\/uploads\/2025\/02\/Data-Center-Support-and-Management.png 768w, https:\/\/sm-itsolutions.com\/wp-content\/uploads\/2025\/02\/Data-Center-Support-and-Management-300x300.png 300w, https:\/\/sm-itsolutions.com\/wp-content\/uploads\/2025\/02\/Data-Center-Support-and-Management-150x150.png 150w, https:\/\/sm-itsolutions.com\/wp-content\/uploads\/2025\/02\/Data-Center-Support-and-Management-12x12.png 12w\" sizes=\"(max-width: 768px) 100vw, 768px\" \/><\/figure><div class=\"elementor-image-box-content\"><h3 class=\"elementor-image-box-title\">6. Soporte y gesti\u00f3n de centros de datos<\/h3><p class=\"elementor-image-box-description\"><br>Gestionamos y optimizamos la infraestructura del centro de datos, garantizando seguridad, eficiencia energ\u00e9tica y m\u00e1xima disponibilidad.<\/p><\/div><\/div>\t\t\t\t<\/div>\n\t\t\t\t<\/div>\n\t\t\t\t<\/div>\n\t\t\t\t\t<\/div>\n\t\t\t\t<\/div>\n\t\t<div class=\"elementor-element elementor-element-6802284 e-flex e-con-boxed e-con e-parent\" data-id=\"6802284\" data-element_type=\"container\" data-e-type=\"container\">\n\t\t\t\t\t<div class=\"e-con-inner\">\n\t\t\t\t<div class=\"elementor-element elementor-element-b9165fe elementor-widget elementor-widget-spacer\" data-id=\"b9165fe\" data-element_type=\"widget\" data-e-type=\"widget\" data-widget_type=\"spacer.default\">\n\t\t\t\t<div class=\"elementor-widget-container\">\n\t\t\t\t\t\t\t<div class=\"elementor-spacer\">\n\t\t\t<div class=\"elementor-spacer-inner\"><\/div>\n\t\t<\/div>\n\t\t\t\t\t\t<\/div>\n\t\t\t\t<\/div>\n\t\t\t\t\t<\/div>\n\t\t\t\t<\/div>\n\t\t<div class=\"elementor-element elementor-element-58f8f0a e-flex e-con-boxed e-con e-parent\" data-id=\"58f8f0a\" data-element_type=\"container\" data-e-type=\"container\" data-settings=\"{&quot;background_background&quot;:&quot;classic&quot;}\">\n\t\t\t\t\t<div class=\"e-con-inner\">\n\t\t<div class=\"elementor-element elementor-element-420fa98 e-con-full e-flex e-con e-child\" data-id=\"420fa98\" data-element_type=\"container\" data-e-type=\"container\">\n\t\t\t\t<div class=\"elementor-element elementor-element-0b6e32e elementor-position-top elementor-widget elementor-widget-image-box\" data-id=\"0b6e32e\" data-element_type=\"widget\" data-e-type=\"widget\" data-widget_type=\"image-box.default\">\n\t\t\t\t<div class=\"elementor-widget-container\">\n\t\t\t\t\t<div class=\"elementor-image-box-wrapper\"><figure class=\"elementor-image-box-img\"><img loading=\"lazy\" decoding=\"async\" width=\"768\" height=\"768\" src=\"https:\/\/sm-itsolutions.com\/wp-content\/uploads\/2025\/02\/Infrastructure-Consulting.png\" class=\"attachment-full size-full wp-image-1380\" alt=\"\" srcset=\"https:\/\/sm-itsolutions.com\/wp-content\/uploads\/2025\/02\/Infrastructure-Consulting.png 768w, https:\/\/sm-itsolutions.com\/wp-content\/uploads\/2025\/02\/Infrastructure-Consulting-300x300.png 300w, https:\/\/sm-itsolutions.com\/wp-content\/uploads\/2025\/02\/Infrastructure-Consulting-150x150.png 150w, https:\/\/sm-itsolutions.com\/wp-content\/uploads\/2025\/02\/Infrastructure-Consulting-12x12.png 12w\" sizes=\"(max-width: 768px) 100vw, 768px\" \/><\/figure><div class=\"elementor-image-box-content\"><h3 class=\"elementor-image-box-title\">7. Consultor\u00eda de infraestructura<br> <\/h3><p class=\"elementor-image-box-description\"><br>Ofrecemos asesor\u00eda experta para dise\u00f1ar, planificar e implementar infraestructuras de TI que se alineen con las necesidades y objetivos de su empresa.<\/p><\/div><\/div>\t\t\t\t<\/div>\n\t\t\t\t<\/div>\n\t\t\t\t<\/div>\n\t\t<div class=\"elementor-element elementor-element-a6b5577 e-con-full e-flex e-con e-child\" data-id=\"a6b5577\" data-element_type=\"container\" data-e-type=\"container\">\n\t\t\t\t<div class=\"elementor-element elementor-element-2aaa167 elementor-position-top elementor-widget elementor-widget-image-box\" data-id=\"2aaa167\" data-element_type=\"widget\" data-e-type=\"widget\" data-widget_type=\"image-box.default\">\n\t\t\t\t<div class=\"elementor-widget-container\">\n\t\t\t\t\t<div class=\"elementor-image-box-wrapper\"><figure class=\"elementor-image-box-img\"><img loading=\"lazy\" decoding=\"async\" width=\"768\" height=\"768\" src=\"https:\/\/sm-itsolutions.com\/wp-content\/uploads\/2025\/02\/Backup-and-Disaster-Recovery.png\" class=\"attachment-full size-full wp-image-1381\" alt=\"\" srcset=\"https:\/\/sm-itsolutions.com\/wp-content\/uploads\/2025\/02\/Backup-and-Disaster-Recovery.png 768w, https:\/\/sm-itsolutions.com\/wp-content\/uploads\/2025\/02\/Backup-and-Disaster-Recovery-300x300.png 300w, https:\/\/sm-itsolutions.com\/wp-content\/uploads\/2025\/02\/Backup-and-Disaster-Recovery-150x150.png 150w, https:\/\/sm-itsolutions.com\/wp-content\/uploads\/2025\/02\/Backup-and-Disaster-Recovery-12x12.png 12w\" sizes=\"(max-width: 768px) 100vw, 768px\" \/><\/figure><div class=\"elementor-image-box-content\"><h3 class=\"elementor-image-box-title\">8. Respaldo y recuperaci\u00f3n ante desastres<\/h3><p class=\"elementor-image-box-description\">Implementamos soluciones de respaldo y recuperaci\u00f3n ante desastres para garantizar la continuidad del negocio en caso de incidentes.<\/p><\/div><\/div>\t\t\t\t<\/div>\n\t\t\t\t<\/div>\n\t\t\t\t<\/div>\n\t\t<div class=\"elementor-element elementor-element-5947c37 e-con-full e-flex e-con e-child\" data-id=\"5947c37\" data-element_type=\"container\" data-e-type=\"container\">\n\t\t\t\t<\/div>\n\t\t\t\t\t<\/div>\n\t\t\t\t<\/div>\n\t\t<div class=\"elementor-element elementor-element-97ad3ce e-flex e-con-boxed e-con e-parent\" data-id=\"97ad3ce\" data-element_type=\"container\" data-e-type=\"container\">\n\t\t\t\t\t<div class=\"e-con-inner\">\n\t\t\t\t<div class=\"elementor-element elementor-element-55c138e elementor-widget elementor-widget-spacer\" data-id=\"55c138e\" data-element_type=\"widget\" data-e-type=\"widget\" data-widget_type=\"spacer.default\">\n\t\t\t\t<div class=\"elementor-widget-container\">\n\t\t\t\t\t\t\t<div class=\"elementor-spacer\">\n\t\t\t<div class=\"elementor-spacer-inner\"><\/div>\n\t\t<\/div>\n\t\t\t\t\t\t<\/div>\n\t\t\t\t<\/div>\n\t\t\t\t\t<\/div>\n\t\t\t\t<\/div>\n\t\t<div class=\"elementor-element elementor-element-2136db8 e-flex e-con-boxed e-con e-parent\" data-id=\"2136db8\" data-element_type=\"container\" data-e-type=\"container\">\n\t\t\t\t\t<div class=\"e-con-inner\">\n\t\t\t\t<div class=\"elementor-element elementor-element-e6bbf0c elementor-widget elementor-widget-text-editor\" data-id=\"e6bbf0c\" data-element_type=\"widget\" data-e-type=\"widget\" data-widget_type=\"text-editor.default\">\n\t\t\t\t<div class=\"elementor-widget-container\">\n\t\t\t\t\t\t\t\t\t<p>Con nuestros <strong>Servicios de soporte de infraestructura<\/strong>, garantizamos que su infraestructura est\u00e9 siempre disponible, segura y adaptable a las necesidades cambiantes de su negocio.<\/p>\t\t\t\t\t\t\t\t<\/div>\n\t\t\t\t<\/div>\n\t\t\t\t\t<\/div>\n\t\t\t\t<\/div>\n\t\t<div class=\"elementor-element elementor-element-1624a0a e-flex e-con-boxed e-con e-parent\" data-id=\"1624a0a\" data-element_type=\"container\" data-e-type=\"container\">\n\t\t\t\t\t<div class=\"e-con-inner\">\n\t\t\t\t<div class=\"elementor-element elementor-element-c7ef6b8 elementor-widget elementor-widget-spacer\" data-id=\"c7ef6b8\" data-element_type=\"widget\" data-e-type=\"widget\" data-widget_type=\"spacer.default\">\n\t\t\t\t<div class=\"elementor-widget-container\">\n\t\t\t\t\t\t\t<div class=\"elementor-spacer\">\n\t\t\t<div class=\"elementor-spacer-inner\"><\/div>\n\t\t<\/div>\n\t\t\t\t\t\t<\/div>\n\t\t\t\t<\/div>\n\t\t\t\t\t<\/div>\n\t\t\t\t<\/div>\n\t\t\t\t<\/div>","protected":false},"excerpt":{"rendered":"<p>SM IT Solutions offers a comprehensive range of Infrastructure Support Services to ensure that your company&#8217;s technological infrastructure is reliable, scalable, and always optimized. Our services include: 1. Server Management We monitor, maintain, and optimize both physical and virtual servers, ensuring optimal performance and availability. 2. Infrastructure Maintenance We provide ongoing support for all components [&hellip;]<\/p>\n","protected":false},"author":1,"featured_media":0,"parent":0,"menu_order":0,"comment_status":"closed","ping_status":"closed","template":"elementor_header_footer","meta":{"footnotes":""},"class_list":["post-1072","page","type-page","status-publish","hentry"],"_links":{"self":[{"href":"https:\/\/sm-itsolutions.com\/es\/wp-json\/wp\/v2\/pages\/1072","targetHints":{"allow":["GET"]}}],"collection":[{"href":"https:\/\/sm-itsolutions.com\/es\/wp-json\/wp\/v2\/pages"}],"about":[{"href":"https:\/\/sm-itsolutions.com\/es\/wp-json\/wp\/v2\/types\/page"}],"author":[{"embeddable":true,"href":"https:\/\/sm-itsolutions.com\/es\/wp-json\/wp\/v2\/users\/1"}],"replies":[{"embeddable":true,"href":"https:\/\/sm-itsolutions.com\/es\/wp-json\/wp\/v2\/comments?post=1072"}],"version-history":[{"count":40,"href":"https:\/\/sm-itsolutions.com\/es\/wp-json\/wp\/v2\/pages\/1072\/revisions"}],"predecessor-version":[{"id":1971,"href":"https:\/\/sm-itsolutions.com\/es\/wp-json\/wp\/v2\/pages\/1072\/revisions\/1971"}],"wp:attachment":[{"href":"https:\/\/sm-itsolutions.com\/es\/wp-json\/wp\/v2\/media?parent=1072"}],"curies":[{"name":"wp","href":"https:\/\/api.w.org\/{rel}","templated":true}]}}